{"id":7806,"date":"2018-09-07T15:09:48","date_gmt":"2018-09-07T13:09:48","guid":{"rendered":"https:\/\/www.vasmegye.hu\/?page_id=7806"},"modified":"2018-09-07T15:32:32","modified_gmt":"2018-09-07T13:32:32","slug":"december","status":"publish","type":"page","link":"https:\/\/www.vasmegye.hu\/en\/onkormanyzat\/dijak-kituntetesek\/december\/","title":{"rendered":"December"},"content":{"rendered":"<div class=\"ptb_wrap\"><div  class=\"ptb_loops_shortcode tf_clearfix ptb_loops_wrapper ptb_list-post\" data-type=\"dijak-kituntetesek\"><article id=\"post-2572\" class=\"ptb_post tf_clearfix post-2572 dijak-kituntetesek type-dijak-kituntetesek status-publish hentry floatton-article\">        <div class=\"ptb_items_wrapper entry-content\" itemscope itemtype=\"https:\/\/schema.org\/MediaObject\">\n                                            <div class=\"ptb_first_row ptb_row ptb_dijak-kituntetesek_row\">\n                                                                            <div class=\"ptb_col ptb_col3-2 ptb_col_first\">\n                                                                                                            \n                                                                                                                                                                    \n                                                <div class=\"ptb_module ptb_title tf_clearfix\"><h2 class=\"ptb_post_title ptb_entry_title\" itemprop=\"name\">\n\t<a href=\"https:\/\/www.vasmegye.hu\/en\/dijak-kituntetesek\/vas-megye-kozgyulese-elnokenek-emlekerme\/\">Vas Megye K\u00f6zgy\u0171l\u00e9se Eln\u00f6k\u00e9nek Eml\u00e9k\u00e9rme<\/a><\/h2><\/div><!-- .ptb_module.ptb_title -->                                                                                                                                        <\/div>\n                                                                                                            <div class=\"ptb_col ptb_col3-1 ptb_col_last\">\n                                                                                                            \n                                                <div class=\"ptb_module ptb_permalink ptb_module_inline tf_clearfix\"><div class=\"ptb_permalink\">\n\t<a style=\"color:rgba(13, 13, 13, 1) !important;\" class=\"ptb_link_button shortcode outline white small fa fa-arrow-circle-right\" \t\t\t\t\t\t\t\t\t href=\"https:\/\/www.vasmegye.hu\/en\/dijak-kituntetesek\/vas-megye-kozgyulese-elnokenek-emlekerme\/\"><\/a>    \n<\/div><\/div><!-- .ptb_module.ptb_permalink.ptb_module_inline -->                                                                                                                                        <\/div>\n                                                                                        <\/div>\n                          \n        <\/div>  \n        <\/article><article id=\"post-9519\" class=\"ptb_post tf_clearfix post-9519 dijak-kituntetesek type-dijak-kituntetesek status-publish hentry floatton-article\">        <div class=\"ptb_items_wrapper entry-content\" itemscope itemtype=\"https:\/\/schema.org\/MediaObject\">\n                                            <div class=\"ptb_first_row ptb_row ptb_dijak-kituntetesek_row\">\n                                                                            <div class=\"ptb_col ptb_col3-2 ptb_col_first\">\n                                                                                                            \n                                                                                                                                                                    \n                                                <div class=\"ptb_module ptb_title tf_clearfix\"><h2 class=\"ptb_post_title ptb_entry_title\" itemprop=\"name\">\n\t<a href=\"https:\/\/www.vasmegye.hu\/en\/dijak-kituntetesek\/vas-megye-csaladbarat-munkahelye-dij-100-fo-foglalkoztatott-feletti-kategoriaban\/\">VAS MEGYE CSAL\u00c1DBAR\u00c1T MUNKAHELYE D\u00cdJ (100 f\u0151 foglalkoztatott feletti kateg\u00f3ri\u00e1ban)<\/a><\/h2><\/div><!-- .ptb_module.ptb_title -->                                                                                                                                        <\/div>\n                                                                                                            <div class=\"ptb_col ptb_col3-1 ptb_col_last\">\n                                                                                                            \n                                                <div class=\"ptb_module ptb_permalink ptb_module_inline tf_clearfix\"><div class=\"ptb_permalink\">\n\t<a style=\"color:rgba(13, 13, 13, 1) !important;\" class=\"ptb_link_button shortcode outline white small fa fa-arrow-circle-right\" \t\t\t\t\t\t\t\t\t href=\"https:\/\/www.vasmegye.hu\/en\/dijak-kituntetesek\/vas-megye-csaladbarat-munkahelye-dij-100-fo-foglalkoztatott-feletti-kategoriaban\/\"><\/a>    \n<\/div><\/div><!-- .ptb_module.ptb_permalink.ptb_module_inline -->                                                                                                                                        <\/div>\n                                                                                        <\/div>\n                          \n        <\/div>  \n        <\/article><article id=\"post-9522\" class=\"ptb_post tf_clearfix post-9522 dijak-kituntetesek type-dijak-kituntetesek status-publish hentry floatton-article\">        <div class=\"ptb_items_wrapper entry-content\" itemscope itemtype=\"https:\/\/schema.org\/MediaObject\">\n                                            <div class=\"ptb_first_row ptb_row ptb_dijak-kituntetesek_row\">\n                                                                            <div class=\"ptb_col ptb_col3-2 ptb_col_first\">\n                                                                                                            \n                                                                                                                                                                    \n                                                <div class=\"ptb_module ptb_title tf_clearfix\"><h2 class=\"ptb_post_title ptb_entry_title\" itemprop=\"name\">\n\t<a href=\"https:\/\/www.vasmegye.hu\/en\/dijak-kituntetesek\/vas-megye-csaladbarat-munkahely-dij-100-fo-foglalkoztatott-alatti-kategoriaban\/\">VAS MEGYE CSAL\u00c1DBAR\u00c1T MUNKAHELY D\u00cdJ (100 f\u0151 foglalkoztatott alatti kateg\u00f3ri\u00e1ban)<\/a><\/h2><\/div><!-- .ptb_module.ptb_title -->                                                                                                                                        <\/div>\n                                                                                                            <div class=\"ptb_col ptb_col3-1 ptb_col_last\">\n                                                                                                            \n                                                <div class=\"ptb_module ptb_permalink ptb_module_inline tf_clearfix\"><div class=\"ptb_permalink\">\n\t<a style=\"color:rgba(13, 13, 13, 1) !important;\" class=\"ptb_link_button shortcode outline white small fa fa-arrow-circle-right\" \t\t\t\t\t\t\t\t\t href=\"https:\/\/www.vasmegye.hu\/en\/dijak-kituntetesek\/vas-megye-csaladbarat-munkahely-dij-100-fo-foglalkoztatott-alatti-kategoriaban\/\"><\/a>    \n<\/div><\/div><!-- .ptb_module.ptb_permalink.ptb_module_inline -->                                                                                                                                        <\/div>\n                                                                                        <\/div>\n                          \n        <\/div>  \n        <\/article><article id=\"post-9525\" class=\"ptb_post tf_clearfix post-9525 dijak-kituntetesek type-dijak-kituntetesek status-publish hentry floatton-article\">        <div class=\"ptb_items_wrapper entry-content\" itemscope itemtype=\"https:\/\/schema.org\/MediaObject\">\n                                            <div class=\"ptb_first_row ptb_row ptb_dijak-kituntetesek_row\">\n                                                                            <div class=\"ptb_col ptb_col3-2 ptb_col_first\">\n                                                                                                            \n                                                                                                                                                                    \n                                                <div class=\"ptb_module ptb_title tf_clearfix\"><h2 class=\"ptb_post_title ptb_entry_title\" itemprop=\"name\">\n\t<a href=\"https:\/\/www.vasmegye.hu\/en\/dijak-kituntetesek\/vas-megye-csaladbarat-munkahelyi-vezetoje-dij\/\">VAS MEGYE CSAL\u00c1DBAR\u00c1T MUNKAHELYI VEZET\u0150JE D\u00cdJ<\/a><\/h2><\/div><!-- .ptb_module.ptb_title -->                                                                                                                                        <\/div>\n                                                                                                            <div class=\"ptb_col ptb_col3-1 ptb_col_last\">\n                                                                                                            \n                                                <div class=\"ptb_module ptb_permalink ptb_module_inline tf_clearfix\"><div class=\"ptb_permalink\">\n\t<a style=\"color:rgba(13, 13, 13, 1) !important;\" class=\"ptb_link_button shortcode outline white small fa fa-arrow-circle-right\" \t\t\t\t\t\t\t\t\t href=\"https:\/\/www.vasmegye.hu\/en\/dijak-kituntetesek\/vas-megye-csaladbarat-munkahelyi-vezetoje-dij\/\"><\/a>    \n<\/div><\/div><!-- .ptb_module.ptb_permalink.ptb_module_inline -->                                                                                                                                        <\/div>\n                                                                                        <\/div>\n                          \n        <\/div>  \n        <\/article><\/div><!-- .ptb_loops_wrapper --><\/div><!-- .ptb_wrap -->","protected":false},"excerpt":{"rendered":"Vas Megye K\u00f6zgy\u0171l\u00e9se Eln\u00f6k\u00e9nek Eml\u00e9k\u00e9rme VAS MEGYE CSAL\u00c1DBAR\u00c1T MUNKAHELYE D\u00cdJ (100 f\u0151 foglalkoztatott feletti kateg\u00f3ri\u00e1ban) VAS MEGYE CSAL\u00c1DBAR\u00c1T MUNKAHELY D\u00cdJ (100 f\u0151 foglalkoztatott alatti kateg\u00f3ri\u00e1ban) VAS MEGYE CSAL\u00c1DBAR\u00c1T MUNKAHELYI VEZET\u0150JE D\u00cdJ","protected":false},"author":1,"featured_media":0,"parent":676,"menu_order":125,"comment_status":"closed","ping_status":"closed","template":"page-templates\/not-boxed.php","meta":{"_exactmetrics_skip_tracking":false,"_exactmetrics_sitenote_active":false,"_exactmetrics_sitenote_note":"","_exactmetrics_sitenote_category":0,"footnotes":""},"class_list":["post-7806","page","type-page","status-publish","hentry","floatton-article"],"_links":{"self":[{"href":"https:\/\/www.vasmegye.hu\/en\/wp-json\/wp\/v2\/pages\/7806","targetHints":{"allow":["GET"]}}],"collection":[{"href":"https:\/\/www.vasmegye.hu\/en\/wp-json\/wp\/v2\/pages"}],"about":[{"href":"https:\/\/www.vasmegye.hu\/en\/wp-json\/wp\/v2\/types\/page"}],"author":[{"embeddable":true,"href":"https:\/\/www.vasmegye.hu\/en\/wp-json\/wp\/v2\/users\/1"}],"replies":[{"embeddable":true,"href":"https:\/\/www.vasmegye.hu\/en\/wp-json\/wp\/v2\/comments?post=7806"}],"version-history":[{"count":0,"href":"https:\/\/www.vasmegye.hu\/en\/wp-json\/wp\/v2\/pages\/7806\/revisions"}],"up":[{"embeddable":true,"href":"https:\/\/www.vasmegye.hu\/en\/wp-json\/wp\/v2\/pages\/676"}],"wp:attachment":[{"href":"https:\/\/www.vasmegye.hu\/en\/wp-json\/wp\/v2\/media?parent=7806"}],"curies":[{"name":"wp","href":"https:\/\/api.w.org\/{rel}","templated":true}]}}