{"id":7804,"date":"2018-09-07T15:08:53","date_gmt":"2018-09-07T13:08:53","guid":{"rendered":"https:\/\/www.vasmegye.hu\/?page_id=7804"},"modified":"2018-09-07T15:31:45","modified_gmt":"2018-09-07T13:31:45","slug":"oktober-23","status":"publish","type":"page","link":"https:\/\/www.vasmegye.hu\/en\/onkormanyzat\/dijak-kituntetesek\/oktober-23\/","title":{"rendered":"Okt\u00f3ber 23."},"content":{"rendered":"<div class=\"ptb_wrap\"><div  class=\"ptb_loops_shortcode tf_clearfix ptb_loops_wrapper ptb_list-post\" data-type=\"dijak-kituntetesek\"><article id=\"post-2559\" class=\"ptb_post tf_clearfix post-2559 dijak-kituntetesek type-dijak-kituntetesek status-publish hentry floatton-article\">        <div class=\"ptb_items_wrapper entry-content\" itemscope itemtype=\"https:\/\/schema.org\/MediaObject\">\n                                            <div class=\"ptb_first_row ptb_row ptb_dijak-kituntetesek_row\">\n                                                                            <div class=\"ptb_col ptb_col3-2 ptb_col_first\">\n                                                                                                            \n                                                                                                                                                                    \n                                                <div class=\"ptb_module ptb_title tf_clearfix\"><h2 class=\"ptb_post_title ptb_entry_title\" itemprop=\"name\">\n\t<a href=\"https:\/\/www.vasmegye.hu\/en\/dijak-kituntetesek\/grof-batthyany-lajos-eletmu-dij\/\">Gr\u00f3f Batthy\u00e1ny Lajos -\u00c9letm\u0171 D\u00edj<\/a><\/h2><\/div><!-- .ptb_module.ptb_title -->                                                                                                                                        <\/div>\n                                                                                                            <div class=\"ptb_col ptb_col3-1 ptb_col_last\">\n                                                                                                            \n                                                <div class=\"ptb_module ptb_permalink ptb_module_inline tf_clearfix\"><div class=\"ptb_permalink\">\n\t<a style=\"color:rgba(13, 13, 13, 1) !important;\" class=\"ptb_link_button shortcode outline white small fa fa-arrow-circle-right\" \t\t\t\t\t\t\t\t\t href=\"https:\/\/www.vasmegye.hu\/en\/dijak-kituntetesek\/grof-batthyany-lajos-eletmu-dij\/\"><\/a>    \n<\/div><\/div><!-- .ptb_module.ptb_permalink.ptb_module_inline -->                                                                                                                                        <\/div>\n                                                                                        <\/div>\n                          \n        <\/div>  \n        <\/article><article id=\"post-2560\" class=\"ptb_post tf_clearfix post-2560 dijak-kituntetesek type-dijak-kituntetesek status-publish hentry floatton-article\">        <div class=\"ptb_items_wrapper entry-content\" itemscope itemtype=\"https:\/\/schema.org\/MediaObject\">\n                                            <div class=\"ptb_first_row ptb_row ptb_dijak-kituntetesek_row\">\n                                                                            <div class=\"ptb_col ptb_col3-2 ptb_col_first\">\n                                                                                                            \n                                                                                                                                                                    \n                                                <div class=\"ptb_module ptb_title tf_clearfix\"><h2 class=\"ptb_post_title ptb_entry_title\" itemprop=\"name\">\n\t<a href=\"https:\/\/www.vasmegye.hu\/en\/dijak-kituntetesek\/szell-kalman-dij\/\">Sz\u00e9ll K\u00e1lm\u00e1n D\u00edj<\/a><\/h2><\/div><!-- .ptb_module.ptb_title -->                                                                                                                                        <\/div>\n                                                                                                            <div class=\"ptb_col ptb_col3-1 ptb_col_last\">\n                                                                                                            \n                                                <div class=\"ptb_module ptb_permalink ptb_module_inline tf_clearfix\"><div class=\"ptb_permalink\">\n\t<a style=\"color:rgba(13, 13, 13, 1) !important;\" class=\"ptb_link_button shortcode outline white small fa fa-arrow-circle-right\" \t\t\t\t\t\t\t\t\t href=\"https:\/\/www.vasmegye.hu\/en\/dijak-kituntetesek\/szell-kalman-dij\/\"><\/a>    \n<\/div><\/div><!-- .ptb_module.ptb_permalink.ptb_module_inline -->                                                                                                                                        <\/div>\n                                                                                        <\/div>\n                          \n        <\/div>  \n        <\/article><article id=\"post-2562\" class=\"ptb_post tf_clearfix post-2562 dijak-kituntetesek type-dijak-kituntetesek status-publish hentry floatton-article\">        <div class=\"ptb_items_wrapper entry-content\" itemscope itemtype=\"https:\/\/schema.org\/MediaObject\">\n                                            <div class=\"ptb_first_row ptb_row ptb_dijak-kituntetesek_row\">\n                                                                            <div class=\"ptb_col ptb_col3-2 ptb_col_first\">\n                                                                                                            \n                                                                                                                                                                    \n                                                <div class=\"ptb_module ptb_title tf_clearfix\"><h2 class=\"ptb_post_title ptb_entry_title\" itemprop=\"name\">\n\t<a href=\"https:\/\/www.vasmegye.hu\/en\/dijak-kituntetesek\/pungor-erno-dij\/\">Pungor Ern\u0151 - D\u00edj<\/a><\/h2><\/div><!-- .ptb_module.ptb_title -->                                                                                                                                        <\/div>\n                                                                                                            <div class=\"ptb_col ptb_col3-1 ptb_col_last\">\n                                                                                                            \n                                                <div class=\"ptb_module ptb_permalink ptb_module_inline tf_clearfix\"><div class=\"ptb_permalink\">\n\t<a style=\"color:rgba(13, 13, 13, 1) !important;\" class=\"ptb_link_button shortcode outline white small fa fa-arrow-circle-right\" \t\t\t\t\t\t\t\t\t href=\"https:\/\/www.vasmegye.hu\/en\/dijak-kituntetesek\/pungor-erno-dij\/\"><\/a>    \n<\/div><\/div><!-- .ptb_module.ptb_permalink.ptb_module_inline -->                                                                                                                                        <\/div>\n                                                                                        <\/div>\n                          \n        <\/div>  \n        <\/article><article id=\"post-2563\" class=\"ptb_post tf_clearfix post-2563 dijak-kituntetesek type-dijak-kituntetesek status-publish hentry floatton-article\">        <div class=\"ptb_items_wrapper entry-content\" itemscope itemtype=\"https:\/\/schema.org\/MediaObject\">\n                                            <div class=\"ptb_first_row ptb_row ptb_dijak-kituntetesek_row\">\n                                                                            <div class=\"ptb_col ptb_col3-2 ptb_col_first\">\n                                                                                                            \n                                                                                                                                                                    \n                                                <div class=\"ptb_module ptb_title tf_clearfix\"><h2 class=\"ptb_post_title ptb_entry_title\" itemprop=\"name\">\n\t<a href=\"https:\/\/www.vasmegye.hu\/en\/dijak-kituntetesek\/bekassy-ferenc-dij\/\">B\u00e9k\u00e1ssy Ferenc \u2013 D\u00edj<\/a><\/h2><\/div><!-- .ptb_module.ptb_title -->                                                                                                                                        <\/div>\n                                                                                                            <div class=\"ptb_col ptb_col3-1 ptb_col_last\">\n                                                                                                            \n                                                <div class=\"ptb_module ptb_permalink ptb_module_inline tf_clearfix\"><div class=\"ptb_permalink\">\n\t<a style=\"color:rgba(13, 13, 13, 1) !important;\" class=\"ptb_link_button shortcode outline white small fa fa-arrow-circle-right\" \t\t\t\t\t\t\t\t\t href=\"https:\/\/www.vasmegye.hu\/en\/dijak-kituntetesek\/bekassy-ferenc-dij\/\"><\/a>    \n<\/div><\/div><!-- .ptb_module.ptb_permalink.ptb_module_inline -->                                                                                                                                        <\/div>\n                                                                                        <\/div>\n                          \n        <\/div>  \n        <\/article><article id=\"post-2564\" class=\"ptb_post tf_clearfix post-2564 dijak-kituntetesek type-dijak-kituntetesek status-publish hentry floatton-article\">        <div class=\"ptb_items_wrapper entry-content\" itemscope itemtype=\"https:\/\/schema.org\/MediaObject\">\n                                            <div class=\"ptb_first_row ptb_row ptb_dijak-kituntetesek_row\">\n                                                                            <div class=\"ptb_col ptb_col3-2 ptb_col_first\">\n                                                                                                            \n                                                                                                                                                                    \n                                                <div class=\"ptb_module ptb_title tf_clearfix\"><h2 class=\"ptb_post_title ptb_entry_title\" itemprop=\"name\">\n\t<a href=\"https:\/\/www.vasmegye.hu\/en\/dijak-kituntetesek\/markusovszky-lajos-dij\/\">Markusovszky Lajos D\u00edj<\/a><\/h2><\/div><!-- .ptb_module.ptb_title -->                                                                                                                                        <\/div>\n                                                                                                            <div class=\"ptb_col ptb_col3-1 ptb_col_last\">\n                                                                                                            \n                                                <div class=\"ptb_module ptb_permalink ptb_module_inline tf_clearfix\"><div class=\"ptb_permalink\">\n\t<a style=\"color:rgba(13, 13, 13, 1) !important;\" class=\"ptb_link_button shortcode outline white small fa fa-arrow-circle-right\" \t\t\t\t\t\t\t\t\t href=\"https:\/\/www.vasmegye.hu\/en\/dijak-kituntetesek\/markusovszky-lajos-dij\/\"><\/a>    \n<\/div><\/div><!-- .ptb_module.ptb_permalink.ptb_module_inline -->                                                                                                                                        <\/div>\n                                                                                        <\/div>\n                          \n        <\/div>  \n        <\/article><article id=\"post-2565\" class=\"ptb_post tf_clearfix post-2565 dijak-kituntetesek type-dijak-kituntetesek status-publish hentry floatton-article\">        <div class=\"ptb_items_wrapper entry-content\" itemscope itemtype=\"https:\/\/schema.org\/MediaObject\">\n                                            <div class=\"ptb_first_row ptb_row ptb_dijak-kituntetesek_row\">\n                                                                            <div class=\"ptb_col ptb_col3-2 ptb_col_first\">\n                                                                                                            \n                                                                                                                                                                    \n                                                <div class=\"ptb_module ptb_title tf_clearfix\"><h2 class=\"ptb_post_title ptb_entry_title\" itemprop=\"name\">\n\t<a href=\"https:\/\/www.vasmegye.hu\/en\/dijak-kituntetesek\/fazakas-peter-dij\/\">Fazakas P\u00e9ter D\u00edj<\/a><\/h2><\/div><!-- .ptb_module.ptb_title -->                                                                                                                                        <\/div>\n                                                                                                            <div class=\"ptb_col ptb_col3-1 ptb_col_last\">\n                                                                                                            \n                                                <div class=\"ptb_module ptb_permalink ptb_module_inline tf_clearfix\"><div class=\"ptb_permalink\">\n\t<a style=\"color:rgba(13, 13, 13, 1) !important;\" class=\"ptb_link_button shortcode outline white small fa fa-arrow-circle-right\" \t\t\t\t\t\t\t\t\t href=\"https:\/\/www.vasmegye.hu\/en\/dijak-kituntetesek\/fazakas-peter-dij\/\"><\/a>    \n<\/div><\/div><!-- .ptb_module.ptb_permalink.ptb_module_inline -->                                                                                                                                        <\/div>\n                                                                                        <\/div>\n                          \n        <\/div>  \n        <\/article><article id=\"post-2566\" class=\"ptb_post tf_clearfix post-2566 dijak-kituntetesek type-dijak-kituntetesek status-publish hentry floatton-article\">        <div class=\"ptb_items_wrapper entry-content\" itemscope itemtype=\"https:\/\/schema.org\/MediaObject\">\n                                            <div class=\"ptb_first_row ptb_row ptb_dijak-kituntetesek_row\">\n                                                                            <div class=\"ptb_col ptb_col3-2 ptb_col_first\">\n                                                                                                            \n                                                                                                                                                                    \n                                                <div class=\"ptb_module ptb_title tf_clearfix\"><h2 class=\"ptb_post_title ptb_entry_title\" itemprop=\"name\">\n\t<a href=\"https:\/\/www.vasmegye.hu\/en\/dijak-kituntetesek\/batthyany-strattmann-laszlo-dij\/\">Batthy\u00e1ny-Strattmann L\u00e1szl\u00f3 D\u00edj<\/a><\/h2><\/div><!-- .ptb_module.ptb_title -->                                                                                                                                        <\/div>\n                                                                                                            <div class=\"ptb_col ptb_col3-1 ptb_col_last\">\n                                                                                                            \n                                                <div class=\"ptb_module ptb_permalink ptb_module_inline tf_clearfix\"><div class=\"ptb_permalink\">\n\t<a style=\"color:rgba(13, 13, 13, 1) !important;\" class=\"ptb_link_button shortcode outline white small fa fa-arrow-circle-right\" \t\t\t\t\t\t\t\t\t href=\"https:\/\/www.vasmegye.hu\/en\/dijak-kituntetesek\/batthyany-strattmann-laszlo-dij\/\"><\/a>    \n<\/div><\/div><!-- .ptb_module.ptb_permalink.ptb_module_inline -->                                                                                                                                        <\/div>\n                                                                                        <\/div>\n                          \n        <\/div>  \n        <\/article><article id=\"post-2567\" class=\"ptb_post tf_clearfix post-2567 dijak-kituntetesek type-dijak-kituntetesek status-publish hentry floatton-article\">        <div class=\"ptb_items_wrapper entry-content\" itemscope itemtype=\"https:\/\/schema.org\/MediaObject\">\n                                            <div class=\"ptb_first_row ptb_row ptb_dijak-kituntetesek_row\">\n                                                                            <div class=\"ptb_col ptb_col3-2 ptb_col_first\">\n                                                                                                            \n                                                                                                                                                                    \n                                                <div class=\"ptb_module ptb_title tf_clearfix\"><h2 class=\"ptb_post_title ptb_entry_title\" itemprop=\"name\">\n\t<a href=\"https:\/\/www.vasmegye.hu\/en\/dijak-kituntetesek\/jurisics-miklos-dij\/\">Jurisics Mikl\u00f3s D\u00edj<\/a><\/h2><\/div><!-- .ptb_module.ptb_title -->                                                                                                                                        <\/div>\n                                                                                                            <div class=\"ptb_col ptb_col3-1 ptb_col_last\">\n                                                                                                            \n                                                <div class=\"ptb_module ptb_permalink ptb_module_inline tf_clearfix\"><div class=\"ptb_permalink\">\n\t<a style=\"color:rgba(13, 13, 13, 1) !important;\" class=\"ptb_link_button shortcode outline white small fa fa-arrow-circle-right\" \t\t\t\t\t\t\t\t\t href=\"https:\/\/www.vasmegye.hu\/en\/dijak-kituntetesek\/jurisics-miklos-dij\/\"><\/a>    \n<\/div><\/div><!-- .ptb_module.ptb_permalink.ptb_module_inline -->                                                                                                                                        <\/div>\n                                                                                        <\/div>\n                          \n        <\/div>  \n        <\/article><article id=\"post-2568\" class=\"ptb_post tf_clearfix post-2568 dijak-kituntetesek type-dijak-kituntetesek status-publish hentry floatton-article\">        <div class=\"ptb_items_wrapper entry-content\" itemscope itemtype=\"https:\/\/schema.org\/MediaObject\">\n                                            <div class=\"ptb_first_row ptb_row ptb_dijak-kituntetesek_row\">\n                                                                            <div class=\"ptb_col ptb_col3-2 ptb_col_first\">\n                                                                                                            \n                                                                                                                                                                    \n                                                <div class=\"ptb_module ptb_title tf_clearfix\"><h2 class=\"ptb_post_title ptb_entry_title\" itemprop=\"name\">\n\t<a href=\"https:\/\/www.vasmegye.hu\/en\/dijak-kituntetesek\/lorant-gyula-dij\/\">L\u00f3r\u00e1nt Gyula D\u00edj<\/a><\/h2><\/div><!-- .ptb_module.ptb_title -->                                                                                                                                        <\/div>\n                                                                                                            <div class=\"ptb_col ptb_col3-1 ptb_col_last\">\n                                                                                                            \n                                                <div class=\"ptb_module ptb_permalink ptb_module_inline tf_clearfix\"><div class=\"ptb_permalink\">\n\t<a style=\"color:rgba(13, 13, 13, 1) !important;\" class=\"ptb_link_button shortcode outline white small fa fa-arrow-circle-right\" \t\t\t\t\t\t\t\t\t href=\"https:\/\/www.vasmegye.hu\/en\/dijak-kituntetesek\/lorant-gyula-dij\/\"><\/a>    \n<\/div><\/div><!-- .ptb_module.ptb_permalink.ptb_module_inline -->                                                                                                                                        <\/div>\n                                                                                        <\/div>\n                          \n        <\/div>  \n        <\/article><article id=\"post-8512\" class=\"ptb_post tf_clearfix post-8512 dijak-kituntetesek type-dijak-kituntetesek status-publish hentry floatton-article\">        <div class=\"ptb_items_wrapper entry-content\" itemscope itemtype=\"https:\/\/schema.org\/MediaObject\">\n                                            <div class=\"ptb_first_row ptb_row ptb_dijak-kituntetesek_row\">\n                                                                            <div class=\"ptb_col ptb_col3-2 ptb_col_first\">\n                                                                                                            \n                                                                                                                                                                    \n                                                <div class=\"ptb_module ptb_title tf_clearfix\"><h2 class=\"ptb_post_title ptb_entry_title\" itemprop=\"name\">\n\t<a href=\"https:\/\/www.vasmegye.hu\/en\/dijak-kituntetesek\/berzsenyi-daniel-dij\/\">Berzsenyi D\u00e1niel - D\u00edj<\/a><\/h2><\/div><!-- .ptb_module.ptb_title -->                                                                                                                                        <\/div>\n                                                                                                            <div class=\"ptb_col ptb_col3-1 ptb_col_last\">\n                                                                                                            \n                                                <div class=\"ptb_module ptb_permalink ptb_module_inline tf_clearfix\"><div class=\"ptb_permalink\">\n\t<a style=\"color:rgba(13, 13, 13, 1) !important;\" class=\"ptb_link_button shortcode outline white small fa fa-arrow-circle-right\" \t\t\t\t\t\t\t\t\t href=\"https:\/\/www.vasmegye.hu\/en\/dijak-kituntetesek\/berzsenyi-daniel-dij\/\"><\/a>    \n<\/div><\/div><!-- .ptb_module.ptb_permalink.ptb_module_inline -->                                                                                                                                        <\/div>\n                                                                                        <\/div>\n                          \n        <\/div>  \n        <\/article><\/div><!-- .ptb_loops_wrapper --><div class=\"ptb_pagenav\"><span aria-current=\"page\" class=\"page-numbers current\">1<\/span>\n<a class=\"page-numbers\" href=\"https:\/\/www.vasmegye.hu\/en\/wp-json\/wp\/v2\/pages\/7804\/page\/2\/\">2<\/a>\n<a class=\"next page-numbers\" href=\"https:\/\/www.vasmegye.hu\/en\/wp-json\/wp\/v2\/pages\/7804\/page\/2\/\">Next &raquo;<\/a><\/div><\/div><!-- .ptb_wrap -->","protected":false},"excerpt":{"rendered":"Gr\u00f3f Batthy\u00e1ny Lajos -\u00c9letm\u0171 D\u00edj Sz\u00e9ll K\u00e1lm\u00e1n D\u00edj Pungor Ern\u0151 - D\u00edj B\u00e9k\u00e1ssy Ferenc \u2013 D\u00edj Markusovszky Lajos D\u00edj Fazakas P\u00e9ter D\u00edj Batthy\u00e1ny-Strattmann L\u00e1szl\u00f3 D\u00edj Jurisics Mikl\u00f3s D\u00edj L\u00f3r\u00e1nt Gyula D\u00edj Berzsenyi D\u00e1niel - D\u00edj 1 2 Next &raquo;","protected":false},"author":1,"featured_media":0,"parent":676,"menu_order":126,"comment_status":"closed","ping_status":"closed","template":"page-templates\/not-boxed.php","meta":{"_exactmetrics_skip_tracking":false,"_exactmetrics_sitenote_active":false,"_exactmetrics_sitenote_note":"","_exactmetrics_sitenote_category":0,"footnotes":""},"class_list":["post-7804","page","type-page","status-publish","hentry","floatton-article"],"_links":{"self":[{"href":"https:\/\/www.vasmegye.hu\/en\/wp-json\/wp\/v2\/pages\/7804","targetHints":{"allow":["GET"]}}],"collection":[{"href":"https:\/\/www.vasmegye.hu\/en\/wp-json\/wp\/v2\/pages"}],"about":[{"href":"https:\/\/www.vasmegye.hu\/en\/wp-json\/wp\/v2\/types\/page"}],"author":[{"embeddable":true,"href":"https:\/\/www.vasmegye.hu\/en\/wp-json\/wp\/v2\/users\/1"}],"replies":[{"embeddable":true,"href":"https:\/\/www.vasmegye.hu\/en\/wp-json\/wp\/v2\/comments?post=7804"}],"version-history":[{"count":0,"href":"https:\/\/www.vasmegye.hu\/en\/wp-json\/wp\/v2\/pages\/7804\/revisions"}],"up":[{"embeddable":true,"href":"https:\/\/www.vasmegye.hu\/en\/wp-json\/wp\/v2\/pages\/676"}],"wp:attachment":[{"href":"https:\/\/www.vasmegye.hu\/en\/wp-json\/wp\/v2\/media?parent=7804"}],"curies":[{"name":"wp","href":"https:\/\/api.w.org\/{rel}","templated":true}]}}