{"id":7802,"date":"2018-09-07T15:07:56","date_gmt":"2018-09-07T13:07:56","guid":{"rendered":"https:\/\/www.vasmegye.hu\/?page_id=7802"},"modified":"2018-09-11T16:09:50","modified_gmt":"2018-09-11T14:09:50","slug":"augusztus-20","status":"publish","type":"page","link":"https:\/\/www.vasmegye.hu\/en\/onkormanyzat\/dijak-kituntetesek\/augusztus-20\/","title":{"rendered":"Augusztus 20."},"content":{"rendered":"<div class=\"ptb_wrap\"><div  class=\"ptb_loops_shortcode tf_clearfix ptb_loops_wrapper ptb_list-post\" data-type=\"dijak-kituntetesek\"><article id=\"post-2558\" class=\"ptb_post tf_clearfix post-2558 dijak-kituntetesek type-dijak-kituntetesek status-publish hentry floatton-article\">        <div class=\"ptb_items_wrapper entry-content\" itemscope itemtype=\"https:\/\/schema.org\/MediaObject\">\n                                            <div class=\"ptb_first_row ptb_row ptb_dijak-kituntetesek_row\">\n                                                                            <div class=\"ptb_col ptb_col3-2 ptb_col_first\">\n                                                                                                            \n                                                                                                                                                                    \n                                                <div class=\"ptb_module ptb_title tf_clearfix\"><h2 class=\"ptb_post_title ptb_entry_title\" itemprop=\"name\">\n\t<a href=\"https:\/\/www.vasmegye.hu\/en\/dijak-kituntetesek\/vas-megye-diszpolgara\/\">Vas Megye D\u00edszpolg\u00e1ra<\/a><\/h2><\/div><!-- .ptb_module.ptb_title -->                                                                                                                                        <\/div>\n                                                                                                            <div class=\"ptb_col ptb_col3-1 ptb_col_last\">\n                                                                                                            \n                                                <div class=\"ptb_module ptb_permalink ptb_module_inline tf_clearfix\"><div class=\"ptb_permalink\">\n\t<a style=\"color:rgba(13, 13, 13, 1) !important;\" class=\"ptb_link_button shortcode outline white small fa fa-arrow-circle-right\" \t\t\t\t\t\t\t\t\t href=\"https:\/\/www.vasmegye.hu\/en\/dijak-kituntetesek\/vas-megye-diszpolgara\/\"><\/a>    \n<\/div><\/div><!-- .ptb_module.ptb_permalink.ptb_module_inline -->                                                                                                                                        <\/div>\n                                                                                        <\/div>\n                          \n        <\/div>  \n        <\/article><article id=\"post-18730\" class=\"ptb_post tf_clearfix post-18730 dijak-kituntetesek type-dijak-kituntetesek status-publish hentry floatton-article\">        <div class=\"ptb_items_wrapper entry-content\" itemscope itemtype=\"https:\/\/schema.org\/MediaObject\">\n                                            <div class=\"ptb_first_row ptb_row ptb_dijak-kituntetesek_row\">\n                                                                            <div class=\"ptb_col ptb_col3-2 ptb_col_first\">\n                                                                                                            \n                                                                                                                                                                    \n                                                <div class=\"ptb_module ptb_title tf_clearfix\"><h2 class=\"ptb_post_title ptb_entry_title\" itemprop=\"name\">\n\t<a href=\"https:\/\/www.vasmegye.hu\/en\/dijak-kituntetesek\/vas-varmegye-diszpolgara\/\">Vas V\u00e1rmegye D\u00edszpolg\u00e1ra<\/a><\/h2><\/div><!-- .ptb_module.ptb_title -->                                                                                                                                        <\/div>\n                                                                                                            <div class=\"ptb_col ptb_col3-1 ptb_col_last\">\n                                                                                                            \n                                                <div class=\"ptb_module ptb_permalink ptb_module_inline tf_clearfix\"><div class=\"ptb_permalink\">\n\t<a style=\"color:rgba(13, 13, 13, 1) !important;\" class=\"ptb_link_button shortcode outline white small fa fa-arrow-circle-right\" \t\t\t\t\t\t\t\t\t href=\"https:\/\/www.vasmegye.hu\/en\/dijak-kituntetesek\/vas-varmegye-diszpolgara\/\"><\/a>    \n<\/div><\/div><!-- .ptb_module.ptb_permalink.ptb_module_inline -->                                                                                                                                        <\/div>\n                                                                                        <\/div>\n                          \n        <\/div>  \n        <\/article><\/div><!-- .ptb_loops_wrapper --><\/div><!-- .ptb_wrap -->","protected":false},"excerpt":{"rendered":"Vas Megye D\u00edszpolg\u00e1ra Vas V\u00e1rmegye D\u00edszpolg\u00e1ra","protected":false},"author":1,"featured_media":0,"parent":676,"menu_order":127,"comment_status":"closed","ping_status":"closed","template":"page-templates\/not-boxed.php","meta":{"_exactmetrics_skip_tracking":false,"_exactmetrics_sitenote_active":false,"_exactmetrics_sitenote_note":"","_exactmetrics_sitenote_category":0,"footnotes":""},"class_list":["post-7802","page","type-page","status-publish","hentry","floatton-article"],"_links":{"self":[{"href":"https:\/\/www.vasmegye.hu\/en\/wp-json\/wp\/v2\/pages\/7802","targetHints":{"allow":["GET"]}}],"collection":[{"href":"https:\/\/www.vasmegye.hu\/en\/wp-json\/wp\/v2\/pages"}],"about":[{"href":"https:\/\/www.vasmegye.hu\/en\/wp-json\/wp\/v2\/types\/page"}],"author":[{"embeddable":true,"href":"https:\/\/www.vasmegye.hu\/en\/wp-json\/wp\/v2\/users\/1"}],"replies":[{"embeddable":true,"href":"https:\/\/www.vasmegye.hu\/en\/wp-json\/wp\/v2\/comments?post=7802"}],"version-history":[{"count":0,"href":"https:\/\/www.vasmegye.hu\/en\/wp-json\/wp\/v2\/pages\/7802\/revisions"}],"up":[{"embeddable":true,"href":"https:\/\/www.vasmegye.hu\/en\/wp-json\/wp\/v2\/pages\/676"}],"wp:attachment":[{"href":"https:\/\/www.vasmegye.hu\/en\/wp-json\/wp\/v2\/media?parent=7802"}],"curies":[{"name":"wp","href":"https:\/\/api.w.org\/{rel}","templated":true}]}}