{"id":7701,"date":"2018-09-06T14:29:48","date_gmt":"2018-09-06T12:29:48","guid":{"rendered":"https:\/\/www.vasmegye.hu\/?page_id=7701"},"modified":"2023-10-01T15:00:24","modified_gmt":"2023-10-01T13:00:24","slug":"vas-megyeert-egyesulet","status":"publish","type":"page","link":"https:\/\/www.vasmegye.hu\/en\/vas-megyeert-egyesulet\/","title":{"rendered":"Vas Megy\u00e9\u00e9rt Egyes\u00fclet"},"content":{"rendered":"<section class=\"wpb-content-wrapper\"><div class=\"vc_row wpb_row vc_row-fluid\"><div class=\"wpb_column vc_column_container vc_col-sm-12\"><div class=\"vc_column-inner\"><div class=\"wpb_wrapper\">\n\t<div class=\"wpb_text_column wpb_content_element\" >\n\t\t<div class=\"wpb_wrapper\">\n\t\t\t<div class=\"_2cuy _3dgx\" data-block=\"true\" data-editor=\"3j28h\" data-offset-key=\"6u1le-0-0\">\n<div class=\"_1mf _1mj\" data-offset-key=\"6u1le-0-0\"><span data-offset-key=\"6u1le-0-0\"><img loading=\"lazy\" decoding=\"async\" class=\"size-medium wp-image-7707 aligncenter\" src=\"https:\/\/www.vasmegye.hu\/wp-content\/uploads\/2018\/09\/Vas-Megy\u00e9\u00e9rt-Egyes\u00fclet-log\u00f3-262x300.jpg\" alt=\"\" width=\"262\" height=\"300\" srcset=\"https:\/\/www.vasmegye.hu\/wp-content\/uploads\/2018\/09\/Vas-Megy\u00e9\u00e9rt-Egyes\u00fclet-log\u00f3-262x300.jpg 262w, https:\/\/www.vasmegye.hu\/wp-content\/uploads\/2018\/09\/Vas-Megy\u00e9\u00e9rt-Egyes\u00fclet-log\u00f3-500x573.jpg 500w, https:\/\/www.vasmegye.hu\/wp-content\/uploads\/2018\/09\/Vas-Megy\u00e9\u00e9rt-Egyes\u00fclet-log\u00f3.jpg 724w\" sizes=\"auto, (max-width: 262px) 100vw, 262px\" \/><\/span><\/div>\n<div data-offset-key=\"6u1le-0-0\"><\/div>\n<div class=\"_1mf _1mj\" style=\"text-align: justify;\" data-offset-key=\"6u1le-0-0\"><span data-offset-key=\"6u1le-0-0\">Az 1997-ben alap\u00edtott Vas Megy\u00e9\u00e9rt Egyes\u00fclet c\u00e9lja a megye polg\u00e1rosod\u00e1s\u00e1nak \u00e9s fejleszt\u00e9s\u00e9nek el\u0151seg\u00edt\u00e9se. Jelenleg mintegy 250 f\u0151t sz\u00e1ml\u00e1l az egyes\u00fclet tags\u00e1ga.<\/span><\/div>\n<div data-offset-key=\"6u1le-0-0\"><\/div>\n<\/div>\n<div class=\"_2cuy _3dgx\" style=\"text-align: justify;\" data-block=\"true\" data-editor=\"3j28h\" data-offset-key=\"7soe4-0-0\">\n<div class=\"_1mf _1mj\" data-offset-key=\"7soe4-0-0\"><span data-offset-key=\"7soe4-0-0\">H\u00fasz \u00e9vvel ezel\u0151tt Istv\u00e1n Lajos orsz\u00e1gos h\u00edr\u0171 haematol\u00f3gus professzor volt a Vas Megy\u00e9\u00e9rt Egyes\u00fclet alap\u00edt\u00f3 eln\u00f6ke, \u0151t Horv\u00e1th Boldizs\u00e1r professzor k\u00f6vette, jelenleg dr. Bal\u00e1zsy P\u00e9ter az egyes\u00fclet eln\u00f6ke.<\/span><\/div>\n<div data-offset-key=\"7soe4-0-0\"><\/div>\n<\/div>\n<div class=\"_2cuy _3dgx\" data-block=\"true\" data-editor=\"3j28h\" data-offset-key=\"97env-0-0\">\n<div class=\"_1mf _1mj\" style=\"text-align: justify;\" data-offset-key=\"97env-0-0\"><span data-offset-key=\"97env-0-0\">A Vas Megy\u00e9\u00e9rt Egyes\u00fclet \u00e9vr\u0151l \u00e9vre megrendezi a Megyeb\u00e1lt, valamint Az \u00c9v Vasi Embere v\u00e1laszt\u00e1st. Az egyes\u00fclet m\u0171k\u00f6d\u00e9s\u00e9nek 20. \u00e9vfordul\u00f3j\u00e1ra eml\u00e9kezve Vas megye 2030 c\u00edmmel rendezett nagyszab\u00e1s\u00fa konferenci\u00e1t.<br \/>\n<\/span><\/div>\n<\/div>\n<div data-offset-key=\"97env-0-0\"><\/div>\n<div style=\"text-align: center;\" data-offset-key=\"97env-0-0\"><a title=\"Vas Megy\u00e9\u00e9rt Egyes\u00fclet Facebook oldala\" href=\"https:\/\/www.facebook.com\/vasmegyeert\/\" target=\"_blank\" rel=\"noopener\">Vas Megy\u00e9\u00e9rt Egyes\u00fclet Facebook-oldala<\/a><\/div>\n\n\t\t<\/div>\n\t<\/div>\n<\/div><\/div><\/div><\/div>\n<\/section>","protected":false},"excerpt":{"rendered":"Az 1997-ben alap\u00edtott Vas Megy\u00e9\u00e9rt Egyes\u00fclet c\u00e9lja a megye polg\u00e1rosod\u00e1s\u00e1nak \u00e9s fejleszt\u00e9s\u00e9nek el\u0151seg\u00edt\u00e9se. Jelenleg mintegy 250 f\u0151t sz\u00e1ml\u00e1l az egyes\u00fclet tags\u00e1ga. H\u00fasz \u00e9vvel ezel\u0151tt Istv\u00e1n Lajos orsz\u00e1gos h\u00edr\u0171 haematol\u00f3gus professzor volt a Vas Megy\u00e9\u00e9rt Egyes\u00fclet alap\u00edt\u00f3 eln\u00f6ke, \u0151t Horv\u00e1th Boldizs\u00e1r professzor k\u00f6vette, jelenleg dr. Bal\u00e1zsy P\u00e9ter az egyes\u00fclet eln\u00f6ke. A Vas Megy\u00e9\u00e9rt Egyes\u00fclet \u00e9vr\u0151l \u00e9vre [...]","protected":false},"author":1,"featured_media":0,"parent":0,"menu_order":19,"comment_status":"closed","ping_status":"closed","template":"","meta":{"_exactmetrics_skip_tracking":false,"_exactmetrics_sitenote_active":false,"_exactmetrics_sitenote_note":"","_exactmetrics_sitenote_category":0,"footnotes":""},"class_list":["post-7701","page","type-page","status-publish","hentry","floatton-article"],"_links":{"self":[{"href":"https:\/\/www.vasmegye.hu\/en\/wp-json\/wp\/v2\/pages\/7701","targetHints":{"allow":["GET"]}}],"collection":[{"href":"https:\/\/www.vasmegye.hu\/en\/wp-json\/wp\/v2\/pages"}],"about":[{"href":"https:\/\/www.vasmegye.hu\/en\/wp-json\/wp\/v2\/types\/page"}],"author":[{"embeddable":true,"href":"https:\/\/www.vasmegye.hu\/en\/wp-json\/wp\/v2\/users\/1"}],"replies":[{"embeddable":true,"href":"https:\/\/www.vasmegye.hu\/en\/wp-json\/wp\/v2\/comments?post=7701"}],"version-history":[{"count":0,"href":"https:\/\/www.vasmegye.hu\/en\/wp-json\/wp\/v2\/pages\/7701\/revisions"}],"wp:attachment":[{"href":"https:\/\/www.vasmegye.hu\/en\/wp-json\/wp\/v2\/media?parent=7701"}],"curies":[{"name":"wp","href":"https:\/\/api.w.org\/{rel}","templated":true}]}}