{"id":7691,"date":"2018-09-06T14:09:30","date_gmt":"2018-09-06T12:09:30","guid":{"rendered":"https:\/\/www.vasmegye.hu\/?page_id=7691"},"modified":"2023-10-01T15:00:25","modified_gmt":"2023-10-01T13:00:25","slug":"entdeckung-des-komitats-vas","status":"publish","type":"page","link":"https:\/\/www.vasmegye.hu\/en\/entdeckung-des-komitats-vas\/","title":{"rendered":"Komitat Vas und das Amt der Selbstverwaltung des Komitates Vas"},"content":{"rendered":"<p style=\"text-align: justify;\"><span style=\"color: #f97000;\"><strong><em>Komitat Vas als eine geographische Einheit<\/em><\/strong><\/span><\/p>\n<p style=\"text-align: justify;\">Das Komitat Vas liegt an der westlichen Grenze von Ungarn, am Fu\u00dfe der Alpen und bei den Kleinen Flachland. Das Komitat grenzt an \u00d6sterreich und an Slowenien, und ist Nachbar mit den ungarischen Komitaten Gy\u0151r-Moson-Sopron, Veszpr\u00e9m und Zala.<\/p>\n<p style=\"text-align: justify;\">Die Geschichte des Komitates geht auf Jahrhunderte zur\u00fcck. Das Komitat hat w\u00e4hrend der Herrschaft des 1. ungarischen K\u00f6nigs Istv\u00e1n aufgebl\u00fcht. Seine \u00f6ffentliche und infrastrukturelle Einheit wurde auf den Ruinen des R\u00f6mischen Reiches gebaut. Der Sitz des Komitates ist Stadt Szombathely, die im Jahr 43 n. Chr. vom r\u00f6mischen Kaiser Claudius unter dem Namen Savaria gegr\u00fcndet wurde. In den letzten Jahrhunderten hat das Komitat sein Tor zur modernen europ\u00e4ischen Kultur ge\u00f6ffnet und war Vermittler bei der wirtschaftlichen Modernisierung. Wegen seiner gl\u00fccklichen geographischen Lage ist das Gebiet leicht zug\u00e4nglich.<\/p>\n<p style=\"text-align: justify;\">Die Gesamtfl\u00e4che des Komitates betr\u00e4gt 3.336 km\u00b2 und die Bev\u00f6lkerungszahl ist 252.551 Personen. Im Komitat gibt es 203 D\u00f6rfer und 13 St\u00e4dte. Der Komitatssitz ist Szombathely, erbaut auf den Ruinen von Savaria, dem alten Sitz der r\u00f6mischen Provinz Pannonia Superior. Die Stadt hat 76.528 Einwohner. Die gr\u00f6\u00dften St\u00e4dte im Komitat Vas sind Celld\u00f6m\u00f6lk, Csepreg, K\u00f6rmend, K\u0151szeg, R\u00e9pcelak, S\u00e1rv\u00e1r, Szentgotth\u00e1rd, Vasv\u00e1r.<\/p>\n<p style=\"text-align: justify;\"><span style=\"color: #f97000;\"><strong>Komitat Vas &#8211; das Wirtschaftstor<\/strong><\/span><\/p>\n<p style=\"text-align: justify;\">Das Komitat Vas ist das Tor zum West-Europa und spielt eine entscheidende Rolle bei der Entwicklung der lokalen Wirtschaft und Gesellschaft mit Schwerpunkt auf Forschung und Entwicklung. Es profitierte von seinen positionellen Vorteilen, wurde Pionier des wirtschaftlichen \u00dcbergangs und entwickelte sich zu einem der wichtigsten Zentren der wirtschaftlichen und sozialen Modernisierung in Ungarn. Das Komitat liegt in einer der anziehendsten Investitionsregionen, da es g\u00fcnstige geographische Bedingungen, eine umstrukturierte Wirtschaft, qualitativ hochwertige Humanressourcen und kulturelle Werte aufweist.<\/p>\n<p style=\"text-align: justify;\">Die starke Pr\u00e4senz von internationalen und multinationalen Unternehmen &#8211; wie OPEL, BPW, Linde, ADA, FALCO Kronospan, die Schaeffler Gruppe, EPCOS, APTIV, Schott, Kromberg &amp; Schubert &#8211; im Komitat gibt einen gro\u00dfen Sto\u00df nicht nur zur regionalen, sondern auch zur nationalen Wirtschaft.<\/p>\n<p style=\"text-align: justify;\"><strong><span style=\"color: #f97000;\">Das Amt der Selbstverwaltung des Komitates Vas<\/span> <\/strong><\/p>\n<p style=\"text-align: justify;\">Das Amt der Selbstverwaltung des Komitates Vas ist die administrative Organisation der Selbstverwaltung des Komitates Vas.<\/p>\n<p style=\"text-align: justify;\">Allgemeine Zust\u00e4ndigkeiten des Amtes:<\/p>\n<ul style=\"text-align: justify;\">\n<li>Organisation der Regionalen Entwicklung auf Komitatsebene<\/li>\n<li>F\u00f6rderung der wirtschaftlichen und infrastrukturellen Entwicklung<\/li>\n<li>Management und Entwicklung internationalen Beziehungen<\/li>\n<li>Teilnahme an Vorbereitung, Koordination und Durchf\u00fchrung von Entwicklungsinitiativen in dem Komitat und seiner Umgebung<\/li>\n<li>Mobilisierung von Partnerschaften von Berufsorganisationen in wirtschaftlichen, kulturellen und b\u00fcrgerlichen Lebensbereichen.<\/li>\n<\/ul>\n<p style=\"text-align: justify;\">Zu den Aufgaben der Abteilung f\u00fcr die Internationalen Angelegenheiten des Amtes geh\u00f6ren die Entwicklung, Verwaltung und Entwicklung von internationalen Beziehungen. Die Abteilung nimmt sowohl als Lead Partner als auch Projektpartner in mehreren internationalen Projekten teil. Diese Projekte werden von Programmen der Europ\u00e4ischen Union wie Interreg SI-HU, Interreg AT-HU, Interreg Europe, Interreg Central Europe, Erasmus +, Programm Europa f\u00fcr B\u00fcrgerinnen und B\u00fcrger, COSME-Programm usw. finanziert. Das Amt sucht auch neue Partnerschaften mit europ\u00e4ischen Regionen.<\/p>\n<p style=\"text-align: justify;\">Die MitarbeiterInnen der Abteilung f\u00fcr Territoriale Entwicklung sind verantwortlich f\u00fcr die Erstellung, Verwaltung und Durchf\u00fchrung des Operativen Programms zur Territorialen und Siedlungsentwicklung (das von den lokalen Selbstverwaltungen initiiert wurde). Sie arbeiten an diesen Projekten als Konsortialf\u00fchrer oder als Mitglied des Konsortiums.<\/p>\n<p style=\"text-align: justify;\"><span style=\"color: #f97000;\"><strong>Kontakt<\/strong><\/span><\/p>\n<p style=\"text-align: justify;\">Wenn Sie sich f\u00fcr Wirtschafts- und Projektkooperation mit dem Selbstverwaltungsamt des Komitates Vas interessiert sind, kontaktieren Sie uns bitte:<\/p>\n<ul>\n<li style=\"text-align: justify;\">Kontaktperson: Krisztina Rim\u00e1nyi<\/li>\n<li style=\"text-align: justify;\">E-mail: &#114;&#105;&#x6d;a&#110;&#x79;&#x69;&#46;&#107;&#x72;&#x69;s&#122;&#x74;&#x69;n&#97;&#x40;&#x76;a&#115;&#x6d;&#x65;g&#121;&#x65;&#46;&#104;&#117;<\/li>\n<li style=\"text-align: justify;\">Tel.: +36-94\/515-737<\/li>\n<\/ul>","protected":false},"excerpt":{"rendered":"<p>Komitat Vas als eine geographische Einheit Das Komitat Vas liegt an der westlichen Grenze von Ungarn, am Fu\u00dfe der Alpen und bei den Kleinen Flachland. Das Komitat grenzt an \u00d6sterreich und an Slowenien, und ist Nachbar mit den ungarischen Komitaten Gy\u0151r-Moson-Sopron, Veszpr\u00e9m und Zala. Die Geschichte des Komitates geht auf Jahrhunderte zur\u00fcck. Das Komitat hat [&hellip;]<\/p>","protected":false},"author":1,"featured_media":0,"parent":0,"menu_order":22,"comment_status":"closed","ping_status":"closed","template":"","meta":{"_exactmetrics_skip_tracking":false,"_exactmetrics_sitenote_active":false,"_exactmetrics_sitenote_note":"","_exactmetrics_sitenote_category":0,"footnotes":""},"class_list":["post-7691","page","type-page","status-publish","hentry","floatton-article"],"_links":{"self":[{"href":"https:\/\/www.vasmegye.hu\/en\/wp-json\/wp\/v2\/pages\/7691","targetHints":{"allow":["GET"]}}],"collection":[{"href":"https:\/\/www.vasmegye.hu\/en\/wp-json\/wp\/v2\/pages"}],"about":[{"href":"https:\/\/www.vasmegye.hu\/en\/wp-json\/wp\/v2\/types\/page"}],"author":[{"embeddable":true,"href":"https:\/\/www.vasmegye.hu\/en\/wp-json\/wp\/v2\/users\/1"}],"replies":[{"embeddable":true,"href":"https:\/\/www.vasmegye.hu\/en\/wp-json\/wp\/v2\/comments?post=7691"}],"version-history":[{"count":0,"href":"https:\/\/www.vasmegye.hu\/en\/wp-json\/wp\/v2\/pages\/7691\/revisions"}],"wp:attachment":[{"href":"https:\/\/www.vasmegye.hu\/en\/wp-json\/wp\/v2\/media?parent=7691"}],"curies":[{"name":"wp","href":"https:\/\/api.w.org\/{rel}","templated":true}]}}