{"id":7689,"date":"2018-09-06T14:04:47","date_gmt":"2018-09-06T12:04:47","guid":{"rendered":"https:\/\/www.vasmegye.hu\/?page_id=7689"},"modified":"2023-10-01T15:00:24","modified_gmt":"2023-10-01T13:00:24","slug":"dom-etterem","status":"publish","type":"page","link":"https:\/\/www.vasmegye.hu\/en\/dom-etterem\/","title":{"rendered":"D\u00f3m \u00e9tterem"},"content":{"rendered":"<div style=\"text-align: center;\"><strong>Kedves Vend\u00e9geink !<\/strong><\/div>\n<div style=\"text-align: center;\">\n<p><u><strong>\u00d6r\u00f6mmel t\u00e1j\u00e9koztatjuk \u00d6n\u00f6ket, hogy Sz\u00e9chenyi (SZ\u00c9P) k\u00e1rty\u00e1val is tudnak fizetni!<\/strong><\/u><\/p>\n<p><u><strong><a href=\"http:\/\/www.dometterem.hu\/\" target=\"_blank\" rel=\"noopener\">Weblapunk is el\u00e9rhet\u0151!<\/a><\/strong><\/u><\/p>\n<p><a href=\"http:\/\/dometterem.hu\/menu\/heti-menu.pdf\" class=\"mtli_attachment mtli_pdf\">Aktu\u00e1lis heti men\u00fc<\/a><\/p>\n<\/div>\n<div style=\"text-align: center;\">\n<p><a href=\"http:\/\/www.dometterem.hu\/uncategorized\/valaszthato-eteleink\/#page-content\" target=\"_blank\" rel=\"noopener\">\u00c1rlista<\/a><\/p>\n<\/div>\n<div style=\"text-align: center;\"><u><strong>Telefonon is el\u00e9rhet\u0151k vagyunk a k\u00f6vetkez\u0151 sz\u00e1mokon:<\/strong><\/u><\/div>\n<div style=\"text-align: center;\"><u><strong>\u00a0Lajos: 06-30-993-2058; <\/strong><\/u><\/div>\n<div style=\"text-align: center;\">\n<p><u><strong>Julika: 06-20-406-8487<\/strong><\/u><\/p>\n<\/div>\n<div>\n<div id='gallery-1' class='gallery galleryid-7689 gallery-columns-2 gallery-size-medium'><figure class='gallery-item'>\n\t\t\t<div class='gallery-icon landscape'>\n\t\t\t\t<a href='https:\/\/www.vasmegye.hu\/en\/dom-etterem\/dom_etterem_szombathely2\/'><img loading=\"lazy\" decoding=\"async\" width=\"300\" height=\"201\" src=\"https:\/\/www.vasmegye.hu\/wp-content\/uploads\/2018\/09\/dom_etterem_szombathely2-300x201.jpg\" class=\"attachment-medium size-medium\" alt=\"\" srcset=\"https:\/\/www.vasmegye.hu\/wp-content\/uploads\/2018\/09\/dom_etterem_szombathely2-300x201.jpg 300w, https:\/\/www.vasmegye.hu\/wp-content\/uploads\/2018\/09\/dom_etterem_szombathely2.jpg 500w\" sizes=\"auto, (max-width: 300px) 100vw, 300px\" \/><\/a>\n\t\t\t<\/div><\/figure><figure class='gallery-item'>\n\t\t\t<div class='gallery-icon landscape'>\n\t\t\t\t<a href='https:\/\/www.vasmegye.hu\/en\/dom-etterem\/dom_etterem_szombathely3\/'><img loading=\"lazy\" decoding=\"async\" width=\"300\" height=\"201\" src=\"https:\/\/www.vasmegye.hu\/wp-content\/uploads\/2018\/09\/dom_etterem_szombathely3-300x201.jpg\" class=\"attachment-medium size-medium\" alt=\"\" srcset=\"https:\/\/www.vasmegye.hu\/wp-content\/uploads\/2018\/09\/dom_etterem_szombathely3-300x201.jpg 300w, https:\/\/www.vasmegye.hu\/wp-content\/uploads\/2018\/09\/dom_etterem_szombathely3.jpg 500w\" sizes=\"auto, (max-width: 300px) 100vw, 300px\" \/><\/a>\n\t\t\t<\/div><\/figure>\n\t\t<\/div>\n\n<\/div>\n<div style=\"text-align: center;\"><\/div>\n<div>\n<p>&nbsp;<\/p>\n<p>&nbsp;<\/p>\n<p>&nbsp;<\/p>\n<\/div>","protected":false},"excerpt":{"rendered":"<p>Kedves Vend\u00e9geink ! \u00d6r\u00f6mmel t\u00e1j\u00e9koztatjuk \u00d6n\u00f6ket, hogy Sz\u00e9chenyi (SZ\u00c9P) k\u00e1rty\u00e1val is tudnak fizetni! Weblapunk is el\u00e9rhet\u0151! Aktu\u00e1lis heti men\u00fc \u00c1rlista Telefonon is el\u00e9rhet\u0151k vagyunk a k\u00f6vetkez\u0151 sz\u00e1mokon: \u00a0Lajos: 06-30-993-2058; Julika: 06-20-406-8487 &nbsp; &nbsp; &nbsp;<\/p>","protected":false},"author":1,"featured_media":0,"parent":0,"menu_order":18,"comment_status":"closed","ping_status":"closed","template":"","meta":{"_exactmetrics_skip_tracking":false,"_exactmetrics_sitenote_active":false,"_exactmetrics_sitenote_note":"","_exactmetrics_sitenote_category":0,"footnotes":""},"class_list":["post-7689","page","type-page","status-publish","hentry","floatton-article"],"_links":{"self":[{"href":"https:\/\/www.vasmegye.hu\/en\/wp-json\/wp\/v2\/pages\/7689","targetHints":{"allow":["GET"]}}],"collection":[{"href":"https:\/\/www.vasmegye.hu\/en\/wp-json\/wp\/v2\/pages"}],"about":[{"href":"https:\/\/www.vasmegye.hu\/en\/wp-json\/wp\/v2\/types\/page"}],"author":[{"embeddable":true,"href":"https:\/\/www.vasmegye.hu\/en\/wp-json\/wp\/v2\/users\/1"}],"replies":[{"embeddable":true,"href":"https:\/\/www.vasmegye.hu\/en\/wp-json\/wp\/v2\/comments?post=7689"}],"version-history":[{"count":0,"href":"https:\/\/www.vasmegye.hu\/en\/wp-json\/wp\/v2\/pages\/7689\/revisions"}],"wp:attachment":[{"href":"https:\/\/www.vasmegye.hu\/en\/wp-json\/wp\/v2\/media?parent=7689"}],"curies":[{"name":"wp","href":"https:\/\/api.w.org\/{rel}","templated":true}]}}