{"id":7502,"date":"2025-07-21T15:19:05","date_gmt":"2025-07-21T13:19:05","guid":{"rendered":"https:\/\/www.vasmegye.hu\/?page_id=7502"},"modified":"2025-07-22T18:23:29","modified_gmt":"2025-07-22T16:23:29","slug":"impresszum","status":"publish","type":"page","link":"https:\/\/www.vasmegye.hu\/en\/impresszum\/","title":{"rendered":"Impresszum"},"content":{"rendered":"<p><strong>A weblap \u00fczemeltet\u0151je:<\/strong><\/p>\n<p style=\"padding-left: 30px;\">Vas County Government Office - HU<br \/>\n9700 Szombathely, Berzsenyi D. t\u00e9r 1.<br \/>\nTelefon: +3694515701<br \/>\nAd\u00f3sz\u00e1m: 15420002-2-18 <a href=\"https:\/\/www.chinagardenaugustaga.com\/\" target=\"_blank\" rel=\"noopener\">ibcbet<\/a><\/p>\n<p><span style=\"font-size: 16px;\"><strong>A t\u00e1rhely szolg\u00e1ltat\u00f3ja:<\/strong><\/span><\/p>\n<p style=\"padding-left: 30px;\"><span style=\"font-size: 16px;\">Greentech Innov\u00e1ci\u00f3 Zrt.<\/span><br \/>\n<span style=\"font-size: 16px;\">9700 Szombathely, Holl\u00e1n Ern\u0151 u. 13.<\/span><br \/>\n<span style=\"font-size: 16px;\">Ad\u00f3sz\u00e1m: 22743233218 <a href=\"https:\/\/www.shanghaitokyocafemd.com\" target=\"_blank\" rel=\"noopener\">slot mahjong<\/a><\/span><\/p>","protected":false},"excerpt":{"rendered":"<p>A weblap \u00fczemeltet\u0151je: Vas Megyei \u00d6nkorm\u00e1nyzati Hivatal 9700 Szombathely, Berzsenyi D. t\u00e9r 1. Telefon: +3694515701 Ad\u00f3sz\u00e1m: 15420002-2-18 ibcbet A t\u00e1rhely szolg\u00e1ltat\u00f3ja: Greentech Innov\u00e1ci\u00f3 Zrt. 9700 Szombathely, Holl\u00e1n Ern\u0151 u. 13. Ad\u00f3sz\u00e1m: 22743233218 slot mahjong<\/p>","protected":false},"author":1,"featured_media":0,"parent":0,"menu_order":24,"comment_status":"closed","ping_status":"closed","template":"","meta":{"_exactmetrics_skip_tracking":false,"_exactmetrics_sitenote_active":false,"_exactmetrics_sitenote_note":"","_exactmetrics_sitenote_category":0,"footnotes":""},"class_list":["post-7502","page","type-page","status-publish","hentry","floatton-article"],"_links":{"self":[{"href":"https:\/\/www.vasmegye.hu\/en\/wp-json\/wp\/v2\/pages\/7502","targetHints":{"allow":["GET"]}}],"collection":[{"href":"https:\/\/www.vasmegye.hu\/en\/wp-json\/wp\/v2\/pages"}],"about":[{"href":"https:\/\/www.vasmegye.hu\/en\/wp-json\/wp\/v2\/types\/page"}],"author":[{"embeddable":true,"href":"https:\/\/www.vasmegye.hu\/en\/wp-json\/wp\/v2\/users\/1"}],"replies":[{"embeddable":true,"href":"https:\/\/www.vasmegye.hu\/en\/wp-json\/wp\/v2\/comments?post=7502"}],"version-history":[{"count":2,"href":"https:\/\/www.vasmegye.hu\/en\/wp-json\/wp\/v2\/pages\/7502\/revisions"}],"predecessor-version":[{"id":25520,"href":"https:\/\/www.vasmegye.hu\/en\/wp-json\/wp\/v2\/pages\/7502\/revisions\/25520"}],"wp:attachment":[{"href":"https:\/\/www.vasmegye.hu\/en\/wp-json\/wp\/v2\/media?parent=7502"}],"curies":[{"name":"wp","href":"https:\/\/api.w.org\/{rel}","templated":true}]}}