{"id":7367,"date":"2018-09-03T08:21:17","date_gmt":"2018-09-03T06:21:17","guid":{"rendered":"https:\/\/www.vasmegye.hu\/?page_id=7367"},"modified":"2023-10-01T15:00:26","modified_gmt":"2023-10-01T13:00:26","slug":"orsegi-nemzeti-park","status":"publish","type":"page","link":"https:\/\/www.vasmegye.hu\/en\/orsegi-nemzeti-park\/","title":{"rendered":"\u0150rs\u00e9gi Nemzeti Park"},"content":{"rendered":"<h4 style=\"text-align: justify;\">Vas megye d\u00e9lnyugati sark\u00e1ban tal\u00e1ljuk ezt az erd\u0151kkel, ligetekkel szabdalt gy\u00f6ny\u00f6r\u0171 t\u00e1jat, ahov\u00e1 a honfoglal\u00f3 magyarok a nyugati kapu v\u00e9delm\u00e9re \u0151r\u00e1ll\u00f3kat telep\u00edtettek. Innen a t\u00e1j neve \u0150rs\u00e9g.<\/h4>\n<p style=\"text-align: justify;\">Az itt \u00e9l\u0151 emberek \u00e9vsz\u00e1zadok sor\u00e1n alak\u00edtott\u00e1k ki a t\u00e1j arculat\u00e1t apr\u00f3 parcell\u00e1s gazd\u00e1lkod\u00e1sukkal, t\u00e1jba simul\u00f3 \u00e9p\u00fcleteikkel, mindezt harm\u00f3ni\u00e1ban a term\u00e9szettel, meg\u0151rizve, fenntartva annak soksz\u00edn\u0171 v\u00e1ltozatoss\u00e1g\u00e1t.<\/p>\n<p style=\"text-align: justify;\">A term\u00e9szeti \u00e9rt\u00e9kek mellett kiemelked\u0151 n\u00e9prajzi, kult\u00fart\u00f6rt\u00e9neti \u00e9rt\u00e9keket hordoz a t\u00e1j. Ma ezekre az \u00e9rt\u00e9kekre nemzeti park \u00fcgyel, melyet 2002. m\u00e1rcius 1-j\u00e9vel hoztak l\u00e9tre. Az \u0150rs\u00e9gi Nemzeti Park mag\u00e1ba foglalja az \u0150rs\u00e9get, a Vendvid\u00e9ket, a R\u00e1ba foly\u00f3 szab\u00e1lyozatlan v\u00f6lgy\u00e9t, (a Bels\u0151-\u0150rs\u00e9get,) Szentgy\u00f6rgyv\u00f6lgy k\u00f6rny\u00e9k\u00e9t. \u00d6sszesen 44 telep\u00fcl\u00e9s hat\u00e1r\u00e1t \u00f6leli fel, k\u00f6zel 44000 ha-on.<\/p>\n<p style=\"text-align: justify;\"><strong>Term\u00e9szeti \u00e9rt\u00e9kek<\/strong><br \/>\nAz \u0150rs\u00e9g haz\u00e1nk k\u00fcl\u00f6nleges, foly\u00f3k \u00e9s patakok \u00e1ltal form\u00e1lt erd\u0151s dombvid\u00e9ke, ahol a vizeny\u0151s, nehezen j\u00e1rhat\u00f3 v\u00f6lgytalpakat dimbes-dombos kavicsh\u00e1tak vonulata \u00f6vezi. Nyugatr\u00f3l kelet fel\u00e9 fokozatosan ellaposod\u00f3 dombokat, dombsorokat tal\u00e1lunk, ezek fenns\u00edkszer\u0171 form\u00e1t alkotnak. A t\u00e1jk\u00e9pet a foly\u00f3k v\u00f6lgyei, valamint a benn\u00fck siet\u0151 patakok teszik tagoltabb\u00e1. A ter\u00fclet \u00e1tlagmagass\u00e1ga a tengerszint felett 250-300 m. A legmagasabb pont Fels\u0151sz\u00f6ln\u00f6k\u00f6n a H\u00e1rmashat\u00e1r (387 m), a legalacsonyabb a Zala-v\u00f6lgy\u00e9ben Fels\u0151j\u00e1nosfa hat\u00e1r\u00e1ban (191 m) van.<\/p>\n<p>Tov\u00e1bbi inform\u00e1ci\u00f3 az <a href=\"http:\/\/www.orseginemzetipark.hu\/\" target=\"_blank\" rel=\"noopener\">\u0150rs\u00e9gi Nemzeti Park Igazgat\u00f3s\u00e1ga<\/a> honlapj\u00e1n.<\/p>","protected":false},"excerpt":{"rendered":"<p>Vas megye d\u00e9lnyugati sark\u00e1ban tal\u00e1ljuk ezt az erd\u0151kkel, ligetekkel szabdalt gy\u00f6ny\u00f6r\u0171 t\u00e1jat, ahov\u00e1 a honfoglal\u00f3 magyarok a nyugati kapu v\u00e9delm\u00e9re \u0151r\u00e1ll\u00f3kat telep\u00edtettek. Innen a t\u00e1j neve \u0150rs\u00e9g. Az itt \u00e9l\u0151 emberek \u00e9vsz\u00e1zadok sor\u00e1n alak\u00edtott\u00e1k ki a t\u00e1j arculat\u00e1t apr\u00f3 parcell\u00e1s gazd\u00e1lkod\u00e1sukkal, t\u00e1jba simul\u00f3 \u00e9p\u00fcleteikkel, mindezt harm\u00f3ni\u00e1ban a term\u00e9szettel, meg\u0151rizve, fenntartva annak soksz\u00edn\u0171 v\u00e1ltozatoss\u00e1g\u00e1t. A term\u00e9szeti [&hellip;]<\/p>","protected":false},"author":4,"featured_media":3719,"parent":0,"menu_order":25,"comment_status":"closed","ping_status":"closed","template":"","meta":{"_exactmetrics_skip_tracking":false,"_exactmetrics_sitenote_active":false,"_exactmetrics_sitenote_note":"","_exactmetrics_sitenote_category":0,"footnotes":""},"class_list":["post-7367","page","type-page","status-publish","has-post-thumbnail","hentry","floatton-article"],"_links":{"self":[{"href":"https:\/\/www.vasmegye.hu\/en\/wp-json\/wp\/v2\/pages\/7367","targetHints":{"allow":["GET"]}}],"collection":[{"href":"https:\/\/www.vasmegye.hu\/en\/wp-json\/wp\/v2\/pages"}],"about":[{"href":"https:\/\/www.vasmegye.hu\/en\/wp-json\/wp\/v2\/types\/page"}],"author":[{"embeddable":true,"href":"https:\/\/www.vasmegye.hu\/en\/wp-json\/wp\/v2\/users\/4"}],"replies":[{"embeddable":true,"href":"https:\/\/www.vasmegye.hu\/en\/wp-json\/wp\/v2\/comments?post=7367"}],"version-history":[{"count":0,"href":"https:\/\/www.vasmegye.hu\/en\/wp-json\/wp\/v2\/pages\/7367\/revisions"}],"wp:featuredmedia":[{"embeddable":true,"href":"https:\/\/www.vasmegye.hu\/en\/wp-json\/wp\/v2\/media\/3719"}],"wp:attachment":[{"href":"https:\/\/www.vasmegye.hu\/en\/wp-json\/wp\/v2\/media?parent=7367"}],"curies":[{"name":"wp","href":"https:\/\/api.w.org\/{rel}","templated":true}]}}