{"id":7009,"date":"2018-08-28T09:14:57","date_gmt":"2018-08-28T07:14:57","guid":{"rendered":"https:\/\/www.vasmegye.hu\/?page_id=7009"},"modified":"2023-10-01T15:00:28","modified_gmt":"2023-10-01T13:00:28","slug":"kozzeteteli-listak","status":"publish","type":"page","link":"https:\/\/www.vasmegye.hu\/en\/kozzeteteli-listak\/","title":{"rendered":"K\u00f6zz\u00e9t\u00e9teli list\u00e1k"},"content":{"rendered":"<div class=\"lead\">\n<p>Ebben a k\u00f6zz\u00e9t\u00e9teli egys\u00e9gben adat nincsen. A felsorol\u00e1sban csup\u00e1n a t\u00f6rv\u00e9nyi k\u00f6telezetts\u00e9g miatt szerepel (\u00fcresen).<\/p>\n<\/div>\n<div class=\"szoveg\">\n<p>&nbsp;<\/p>\n<\/div>","protected":false},"excerpt":{"rendered":"<p>Ebben a k\u00f6zz\u00e9t\u00e9teli egys\u00e9gben adat nincsen. A felsorol\u00e1sban csup\u00e1n a t\u00f6rv\u00e9nyi k\u00f6telezetts\u00e9g miatt szerepel (\u00fcresen). &nbsp;<\/p>","protected":false},"author":1,"featured_media":0,"parent":0,"menu_order":31,"comment_status":"closed","ping_status":"closed","template":"","meta":{"_exactmetrics_skip_tracking":false,"_exactmetrics_sitenote_active":false,"_exactmetrics_sitenote_note":"","_exactmetrics_sitenote_category":0,"footnotes":""},"class_list":["post-7009","page","type-page","status-publish","hentry","floatton-article"],"_links":{"self":[{"href":"https:\/\/www.vasmegye.hu\/en\/wp-json\/wp\/v2\/pages\/7009","targetHints":{"allow":["GET"]}}],"collection":[{"href":"https:\/\/www.vasmegye.hu\/en\/wp-json\/wp\/v2\/pages"}],"about":[{"href":"https:\/\/www.vasmegye.hu\/en\/wp-json\/wp\/v2\/types\/page"}],"author":[{"embeddable":true,"href":"https:\/\/www.vasmegye.hu\/en\/wp-json\/wp\/v2\/users\/1"}],"replies":[{"embeddable":true,"href":"https:\/\/www.vasmegye.hu\/en\/wp-json\/wp\/v2\/comments?post=7009"}],"version-history":[{"count":0,"href":"https:\/\/www.vasmegye.hu\/en\/wp-json\/wp\/v2\/pages\/7009\/revisions"}],"wp:attachment":[{"href":"https:\/\/www.vasmegye.hu\/en\/wp-json\/wp\/v2\/media?parent=7009"}],"curies":[{"name":"wp","href":"https:\/\/api.w.org\/{rel}","templated":true}]}}