{"id":676,"date":"2018-05-30T16:06:53","date_gmt":"2018-05-30T14:06:53","guid":{"rendered":"https:\/\/www.vasmegye.hu\/?page_id=676"},"modified":"2018-09-04T09:44:20","modified_gmt":"2018-09-04T07:44:20","slug":"dijak-kituntetesek","status":"publish","type":"page","link":"https:\/\/www.vasmegye.hu\/en\/onkormanyzat\/dijak-kituntetesek\/","title":{"rendered":"D\u00edjak, kit\u00fcntet\u00e9sek"},"content":{"rendered":"<div class=\"ptb_wrap\"><div  class=\"ptb_loops_shortcode tf_clearfix ptb_loops_wrapper ptb_list-post\" data-type=\"dijak-kituntetesek\"><article id=\"post-18730\" class=\"ptb_post tf_clearfix post-18730 dijak-kituntetesek type-dijak-kituntetesek status-publish hentry floatton-article\">        <div class=\"ptb_items_wrapper entry-content\" itemscope itemtype=\"https:\/\/schema.org\/MediaObject\">\n                                            <div class=\"ptb_first_row ptb_row ptb_dijak-kituntetesek_row\">\n                                                                            <div class=\"ptb_col ptb_col3-2 ptb_col_first\">\n                                                                                                            \n                                                                                                                                                                    \n                                                <div class=\"ptb_module ptb_title tf_clearfix\"><h2 class=\"ptb_post_title ptb_entry_title\" itemprop=\"name\">\n\t<a href=\"https:\/\/www.vasmegye.hu\/en\/dijak-kituntetesek\/vas-varmegye-diszpolgara\/\">Vas V\u00e1rmegye D\u00edszpolg\u00e1ra<\/a><\/h2><\/div><!-- .ptb_module.ptb_title -->                                                                                                                                        <\/div>\n                                                                                                            <div class=\"ptb_col ptb_col3-1 ptb_col_last\">\n                                                                                                            \n                                                <div class=\"ptb_module ptb_permalink ptb_module_inline tf_clearfix\"><div class=\"ptb_permalink\">\n\t<a style=\"color:rgba(13, 13, 13, 1) !important;\" class=\"ptb_link_button shortcode outline white small fa fa-arrow-circle-right\" \t\t\t\t\t\t\t\t\t href=\"https:\/\/www.vasmegye.hu\/en\/dijak-kituntetesek\/vas-varmegye-diszpolgara\/\"><\/a>    \n<\/div><\/div><!-- .ptb_module.ptb_permalink.ptb_module_inline -->                                                                                                                                        <\/div>\n                                                                                        <\/div>\n                          \n        <\/div>  \n        <\/article><article id=\"post-18728\" class=\"ptb_post tf_clearfix post-18728 dijak-kituntetesek type-dijak-kituntetesek status-publish hentry floatton-article\">        <div class=\"ptb_items_wrapper entry-content\" itemscope itemtype=\"https:\/\/schema.org\/MediaObject\">\n                                            <div class=\"ptb_first_row ptb_row ptb_dijak-kituntetesek_row\">\n                                                                            <div class=\"ptb_col ptb_col3-2 ptb_col_first\">\n                                                                                                            \n                                                                                                                                                                    \n                                                <div class=\"ptb_module ptb_title tf_clearfix\"><h2 class=\"ptb_post_title ptb_entry_title\" itemprop=\"name\">\n\t<a href=\"https:\/\/www.vasmegye.hu\/en\/dijak-kituntetesek\/vas-varmegyei-ertekdij\/\">Vas V\u00e1rmegyei \u00c9rt\u00e9kd\u00edj<\/a><\/h2><\/div><!-- .ptb_module.ptb_title -->                                                                                                                                        <\/div>\n                                                                                                            <div class=\"ptb_col ptb_col3-1 ptb_col_last\">\n                                                                                                            \n                                                <div class=\"ptb_module ptb_permalink ptb_module_inline tf_clearfix\"><div class=\"ptb_permalink\">\n\t<a style=\"color:rgba(13, 13, 13, 1) !important;\" class=\"ptb_link_button shortcode outline white small fa fa-arrow-circle-right\" \t\t\t\t\t\t\t\t\t href=\"https:\/\/www.vasmegye.hu\/en\/dijak-kituntetesek\/vas-varmegyei-ertekdij\/\"><\/a>    \n<\/div><\/div><!-- .ptb_module.ptb_permalink.ptb_module_inline -->                                                                                                                                        <\/div>\n                                                                                        <\/div>\n                          \n        <\/div>  \n        <\/article><article id=\"post-17983\" class=\"ptb_post tf_clearfix post-17983 dijak-kituntetesek type-dijak-kituntetesek status-publish hentry floatton-article\">        <div class=\"ptb_items_wrapper entry-content\" itemscope itemtype=\"https:\/\/schema.org\/MediaObject\">\n                                            <div class=\"ptb_first_row ptb_row ptb_dijak-kituntetesek_row\">\n                                                                            <div class=\"ptb_col ptb_col3-2 ptb_col_first\">\n                                                                                                            \n                                                                                                                                                                    \n                                                <div class=\"ptb_module ptb_title tf_clearfix\"><h2 class=\"ptb_post_title ptb_entry_title\" itemprop=\"name\">\n\t<a href=\"https:\/\/www.vasmegye.hu\/en\/dijak-kituntetesek\/vas-varmegye-szolgalataert-nemzetisegekert-tagozata\/\">Vas V\u00e1rmegye Szolg\u00e1lat\u00e1\u00e9rt Nemzetis\u00e9gek\u00e9rt Tagozata<\/a><\/h2><\/div><!-- .ptb_module.ptb_title -->                                                                                                                                        <\/div>\n                                                                                                            <div class=\"ptb_col ptb_col3-1 ptb_col_last\">\n                                                                                                            \n                                                <div class=\"ptb_module ptb_permalink ptb_module_inline tf_clearfix\"><div class=\"ptb_permalink\">\n\t<a style=\"color:rgba(13, 13, 13, 1) !important;\" class=\"ptb_link_button shortcode outline white small fa fa-arrow-circle-right\" \t\t\t\t\t\t\t\t\t href=\"https:\/\/www.vasmegye.hu\/en\/dijak-kituntetesek\/vas-varmegye-szolgalataert-nemzetisegekert-tagozata\/\"><\/a>    \n<\/div><\/div><!-- .ptb_module.ptb_permalink.ptb_module_inline -->                                                                                                                                        <\/div>\n                                                                                        <\/div>\n                          \n        <\/div>  \n        <\/article><article id=\"post-17981\" class=\"ptb_post tf_clearfix post-17981 dijak-kituntetesek type-dijak-kituntetesek status-publish hentry floatton-article\">        <div class=\"ptb_items_wrapper entry-content\" itemscope itemtype=\"https:\/\/schema.org\/MediaObject\">\n                                            <div class=\"ptb_first_row ptb_row ptb_dijak-kituntetesek_row\">\n                                                                            <div class=\"ptb_col ptb_col3-2 ptb_col_first\">\n                                                                                                            \n                                                                                                                                                                    \n                                                <div class=\"ptb_module ptb_title tf_clearfix\"><h2 class=\"ptb_post_title ptb_entry_title\" itemprop=\"name\">\n\t<a href=\"https:\/\/www.vasmegye.hu\/en\/dijak-kituntetesek\/vas-varmegye-szolgalataert-kozbiztonsagi-tagozata\/\">Vas V\u00e1rmegye Szolg\u00e1lat\u00e1\u00e9rt K\u00f6zbiztons\u00e1gi Tagozata<\/a><\/h2><\/div><!-- .ptb_module.ptb_title -->                                                                                                                                        <\/div>\n                                                                                                            <div class=\"ptb_col ptb_col3-1 ptb_col_last\">\n                                                                                                            \n                                                <div class=\"ptb_module ptb_permalink ptb_module_inline tf_clearfix\"><div class=\"ptb_permalink\">\n\t<a style=\"color:rgba(13, 13, 13, 1) !important;\" class=\"ptb_link_button shortcode outline white small fa fa-arrow-circle-right\" \t\t\t\t\t\t\t\t\t href=\"https:\/\/www.vasmegye.hu\/en\/dijak-kituntetesek\/vas-varmegye-szolgalataert-kozbiztonsagi-tagozata\/\"><\/a>    \n<\/div><\/div><!-- .ptb_module.ptb_permalink.ptb_module_inline -->                                                                                                                                        <\/div>\n                                                                                        <\/div>\n                          \n        <\/div>  \n        <\/article><article id=\"post-17979\" class=\"ptb_post tf_clearfix post-17979 dijak-kituntetesek type-dijak-kituntetesek status-publish hentry floatton-article\">        <div class=\"ptb_items_wrapper entry-content\" itemscope itemtype=\"https:\/\/schema.org\/MediaObject\">\n                                            <div class=\"ptb_first_row ptb_row ptb_dijak-kituntetesek_row\">\n                                                                            <div class=\"ptb_col ptb_col3-2 ptb_col_first\">\n                                                                                                            \n                                                                                                                                                                    \n                                                <div class=\"ptb_module ptb_title tf_clearfix\"><h2 class=\"ptb_post_title ptb_entry_title\" itemprop=\"name\">\n\t<a href=\"https:\/\/www.vasmegye.hu\/en\/dijak-kituntetesek\/vas-varmegye-szolgalataert-sport-tagozata\/\">Vas V\u00e1rmegye Szolg\u00e1lat\u00e1\u00e9rt Sport Tagozata<\/a><\/h2><\/div><!-- .ptb_module.ptb_title -->                                                                                                                                        <\/div>\n                                                                                                            <div class=\"ptb_col ptb_col3-1 ptb_col_last\">\n                                                                                                            \n                                                <div class=\"ptb_module ptb_permalink ptb_module_inline tf_clearfix\"><div class=\"ptb_permalink\">\n\t<a style=\"color:rgba(13, 13, 13, 1) !important;\" class=\"ptb_link_button shortcode outline white small fa fa-arrow-circle-right\" \t\t\t\t\t\t\t\t\t href=\"https:\/\/www.vasmegye.hu\/en\/dijak-kituntetesek\/vas-varmegye-szolgalataert-sport-tagozata\/\"><\/a>    \n<\/div><\/div><!-- .ptb_module.ptb_permalink.ptb_module_inline -->                                                                                                                                        <\/div>\n                                                                                        <\/div>\n                          \n        <\/div>  \n        <\/article><article id=\"post-17976\" class=\"ptb_post tf_clearfix post-17976 dijak-kituntetesek type-dijak-kituntetesek status-publish hentry floatton-article\">        <div class=\"ptb_items_wrapper entry-content\" itemscope itemtype=\"https:\/\/schema.org\/MediaObject\">\n                                            <div class=\"ptb_first_row ptb_row ptb_dijak-kituntetesek_row\">\n                                                                            <div class=\"ptb_col ptb_col3-2 ptb_col_first\">\n                                                                                                            \n                                                                                                                                                                    \n                                                <div class=\"ptb_module ptb_title tf_clearfix\"><h2 class=\"ptb_post_title ptb_entry_title\" itemprop=\"name\">\n\t<a href=\"https:\/\/www.vasmegye.hu\/en\/dijak-kituntetesek\/vas-varmegye-szolgalataert-gyermek-es-ifjusagvedelmi-tagozata\/\">Vas V\u00e1rmegye Szolg\u00e1lat\u00e1\u00e9rt Gyermek- \u00e9s Ifj\u00fas\u00e1gv\u00e9delmi Tagozata<\/a><\/h2><\/div><!-- .ptb_module.ptb_title -->                                                                                                                                        <\/div>\n                                                                                                            <div class=\"ptb_col ptb_col3-1 ptb_col_last\">\n                                                                                                            \n                                                <div class=\"ptb_module ptb_permalink ptb_module_inline tf_clearfix\"><div class=\"ptb_permalink\">\n\t<a style=\"color:rgba(13, 13, 13, 1) !important;\" class=\"ptb_link_button shortcode outline white small fa fa-arrow-circle-right\" \t\t\t\t\t\t\t\t\t href=\"https:\/\/www.vasmegye.hu\/en\/dijak-kituntetesek\/vas-varmegye-szolgalataert-gyermek-es-ifjusagvedelmi-tagozata\/\"><\/a>    \n<\/div><\/div><!-- .ptb_module.ptb_permalink.ptb_module_inline -->                                                                                                                                        <\/div>\n                                                                                        <\/div>\n                          \n        <\/div>  \n        <\/article><article id=\"post-17974\" class=\"ptb_post tf_clearfix post-17974 dijak-kituntetesek type-dijak-kituntetesek status-publish hentry floatton-article\">        <div class=\"ptb_items_wrapper entry-content\" itemscope itemtype=\"https:\/\/schema.org\/MediaObject\">\n                                            <div class=\"ptb_first_row ptb_row ptb_dijak-kituntetesek_row\">\n                                                                            <div class=\"ptb_col ptb_col3-2 ptb_col_first\">\n                                                                                                            \n                                                                                                                                                                    \n                                                <div class=\"ptb_module ptb_title tf_clearfix\"><h2 class=\"ptb_post_title ptb_entry_title\" itemprop=\"name\">\n\t<a href=\"https:\/\/www.vasmegye.hu\/en\/dijak-kituntetesek\/vas-varmegye-szolgalataert-szocialis-tagozata\/\">Vas V\u00e1rmegye Szolg\u00e1lat\u00e1\u00e9rt Szoci\u00e1lis Tagozata<\/a><\/h2><\/div><!-- .ptb_module.ptb_title -->                                                                                                                                        <\/div>\n                                                                                                            <div class=\"ptb_col ptb_col3-1 ptb_col_last\">\n                                                                                                            \n                                                <div class=\"ptb_module ptb_permalink ptb_module_inline tf_clearfix\"><div class=\"ptb_permalink\">\n\t<a style=\"color:rgba(13, 13, 13, 1) !important;\" class=\"ptb_link_button shortcode outline white small fa fa-arrow-circle-right\" \t\t\t\t\t\t\t\t\t href=\"https:\/\/www.vasmegye.hu\/en\/dijak-kituntetesek\/vas-varmegye-szolgalataert-szocialis-tagozata\/\"><\/a>    \n<\/div><\/div><!-- .ptb_module.ptb_permalink.ptb_module_inline -->                                                                                                                                        <\/div>\n                                                                                        <\/div>\n                          \n        <\/div>  \n        <\/article><article id=\"post-17972\" class=\"ptb_post tf_clearfix post-17972 dijak-kituntetesek type-dijak-kituntetesek status-publish hentry floatton-article\">        <div class=\"ptb_items_wrapper entry-content\" itemscope itemtype=\"https:\/\/schema.org\/MediaObject\">\n                                            <div class=\"ptb_first_row ptb_row ptb_dijak-kituntetesek_row\">\n                                                                            <div class=\"ptb_col ptb_col3-2 ptb_col_first\">\n                                                                                                            \n                                                                                                                                                                    \n                                                <div class=\"ptb_module ptb_title tf_clearfix\"><h2 class=\"ptb_post_title ptb_entry_title\" itemprop=\"name\">\n\t<a href=\"https:\/\/www.vasmegye.hu\/en\/dijak-kituntetesek\/vas-varmegye-szolgalataert-egeszsegugyi-tagozata\/\">Vas V\u00e1rmegye Szolg\u00e1lat\u00e1\u00e9rt Eg\u00e9szs\u00e9g\u00fcgyi Tagozata<\/a><\/h2><\/div><!-- .ptb_module.ptb_title -->                                                                                                                                        <\/div>\n                                                                                                            <div class=\"ptb_col ptb_col3-1 ptb_col_last\">\n                                                                                                            \n                                                <div class=\"ptb_module ptb_permalink ptb_module_inline tf_clearfix\"><div class=\"ptb_permalink\">\n\t<a style=\"color:rgba(13, 13, 13, 1) !important;\" class=\"ptb_link_button shortcode outline white small fa fa-arrow-circle-right\" \t\t\t\t\t\t\t\t\t href=\"https:\/\/www.vasmegye.hu\/en\/dijak-kituntetesek\/vas-varmegye-szolgalataert-egeszsegugyi-tagozata\/\"><\/a>    \n<\/div><\/div><!-- .ptb_module.ptb_permalink.ptb_module_inline -->                                                                                                                                        <\/div>\n                                                                                        <\/div>\n                          \n        <\/div>  \n        <\/article><article id=\"post-17970\" class=\"ptb_post tf_clearfix post-17970 dijak-kituntetesek type-dijak-kituntetesek status-publish hentry floatton-article\">        <div class=\"ptb_items_wrapper entry-content\" itemscope itemtype=\"https:\/\/schema.org\/MediaObject\">\n                                            <div class=\"ptb_first_row ptb_row ptb_dijak-kituntetesek_row\">\n                                                                            <div class=\"ptb_col ptb_col3-2 ptb_col_first\">\n                                                                                                            \n                                                                                                                                                                    \n                                                <div class=\"ptb_module ptb_title tf_clearfix\"><h2 class=\"ptb_post_title ptb_entry_title\" itemprop=\"name\">\n\t<a href=\"https:\/\/www.vasmegye.hu\/en\/dijak-kituntetesek\/vas-varmegye-szolgalataert-kulturalis-tagozata\/\">Vas V\u00e1rmegye Szolg\u00e1lat\u00e1\u00e9rt Kultur\u00e1lis Tagozata<\/a><\/h2><\/div><!-- .ptb_module.ptb_title -->                                                                                                                                        <\/div>\n                                                                                                            <div class=\"ptb_col ptb_col3-1 ptb_col_last\">\n                                                                                                            \n                                                <div class=\"ptb_module ptb_permalink ptb_module_inline tf_clearfix\"><div class=\"ptb_permalink\">\n\t<a style=\"color:rgba(13, 13, 13, 1) !important;\" class=\"ptb_link_button shortcode outline white small fa fa-arrow-circle-right\" \t\t\t\t\t\t\t\t\t href=\"https:\/\/www.vasmegye.hu\/en\/dijak-kituntetesek\/vas-varmegye-szolgalataert-kulturalis-tagozata\/\"><\/a>    \n<\/div><\/div><!-- .ptb_module.ptb_permalink.ptb_module_inline -->                                                                                                                                        <\/div>\n                                                                                        <\/div>\n                          \n        <\/div>  \n        <\/article><article id=\"post-17968\" class=\"ptb_post tf_clearfix post-17968 dijak-kituntetesek type-dijak-kituntetesek status-publish hentry floatton-article\">        <div class=\"ptb_items_wrapper entry-content\" itemscope itemtype=\"https:\/\/schema.org\/MediaObject\">\n                                            <div class=\"ptb_first_row ptb_row ptb_dijak-kituntetesek_row\">\n                                                                            <div class=\"ptb_col ptb_col3-2 ptb_col_first\">\n                                                                                                            \n                                                                                                                                                                    \n                                                <div class=\"ptb_module ptb_title tf_clearfix\"><h2 class=\"ptb_post_title ptb_entry_title\" itemprop=\"name\">\n\t<a href=\"https:\/\/www.vasmegye.hu\/en\/dijak-kituntetesek\/vas-varmegye-szolgalataert-oktatasi-tagozata\/\">Vas V\u00e1rmegye Szolg\u00e1lat\u00e1\u00e9rt Oktat\u00e1si Tagozata<\/a><\/h2><\/div><!-- .ptb_module.ptb_title -->                                                                                                                                        <\/div>\n                                                                                                            <div class=\"ptb_col ptb_col3-1 ptb_col_last\">\n                                                                                                            \n                                                <div class=\"ptb_module ptb_permalink ptb_module_inline tf_clearfix\"><div class=\"ptb_permalink\">\n\t<a style=\"color:rgba(13, 13, 13, 1) !important;\" class=\"ptb_link_button shortcode outline white small fa fa-arrow-circle-right\" \t\t\t\t\t\t\t\t\t href=\"https:\/\/www.vasmegye.hu\/en\/dijak-kituntetesek\/vas-varmegye-szolgalataert-oktatasi-tagozata\/\"><\/a>    \n<\/div><\/div><!-- .ptb_module.ptb_permalink.ptb_module_inline -->                                                                                                                                        <\/div>\n                                                                                        <\/div>\n                          \n        <\/div>  \n        <\/article><\/div><!-- .ptb_loops_wrapper --><div class=\"ptb_pagenav\"><span aria-current=\"page\" class=\"page-numbers current\">1<\/span>\n<a class=\"page-numbers\" href=\"https:\/\/www.vasmegye.hu\/en\/wp-json\/wp\/v2\/pages\/676\/page\/2\/\">2<\/a>\n<a class=\"page-numbers\" href=\"https:\/\/www.vasmegye.hu\/en\/wp-json\/wp\/v2\/pages\/676\/page\/3\/\">3<\/a>\n<span class=\"page-numbers dots\">&hellip;<\/span>\n<a class=\"page-numbers\" href=\"https:\/\/www.vasmegye.hu\/en\/wp-json\/wp\/v2\/pages\/676\/page\/5\/\">5<\/a>\n<a class=\"page-numbers\" href=\"https:\/\/www.vasmegye.hu\/en\/wp-json\/wp\/v2\/pages\/676\/page\/6\/\">6<\/a>\n<a class=\"page-numbers\" href=\"https:\/\/www.vasmegye.hu\/en\/wp-json\/wp\/v2\/pages\/676\/page\/7\/\">7<\/a>\n<a class=\"next page-numbers\" href=\"https:\/\/www.vasmegye.hu\/en\/wp-json\/wp\/v2\/pages\/676\/page\/2\/\">Next &raquo;<\/a><\/div><\/div><!-- .ptb_wrap -->","protected":false},"excerpt":{"rendered":"Vas V\u00e1rmegye D\u00edszpolg\u00e1ra Vas V\u00e1rmegyei \u00c9rt\u00e9kd\u00edj Vas V\u00e1rmegye Szolg\u00e1lat\u00e1\u00e9rt Nemzetis\u00e9gek\u00e9rt Tagozata Vas V\u00e1rmegye Szolg\u00e1lat\u00e1\u00e9rt K\u00f6zbiztons\u00e1gi Tagozata Vas V\u00e1rmegye Szolg\u00e1lat\u00e1\u00e9rt Sport Tagozata Vas V\u00e1rmegye Szolg\u00e1lat\u00e1\u00e9rt Gyermek- \u00e9s Ifj\u00fas\u00e1gv\u00e9delmi Tagozata Vas V\u00e1rmegye Szolg\u00e1lat\u00e1\u00e9rt Szoci\u00e1lis Tagozata Vas V\u00e1rmegye Szolg\u00e1lat\u00e1\u00e9rt Eg\u00e9szs\u00e9g\u00fcgyi Tagozata Vas V\u00e1rmegye Szolg\u00e1lat\u00e1\u00e9rt Kultur\u00e1lis Tagozata Vas V\u00e1rmegye Szolg\u00e1lat\u00e1\u00e9rt Oktat\u00e1si Tagozata 1 2 3 &hellip; 5 6 7 [...]","protected":false},"author":1,"featured_media":0,"parent":653,"menu_order":124,"comment_status":"closed","ping_status":"closed","template":"page-templates\/not-boxed.php","meta":{"_exactmetrics_skip_tracking":false,"_exactmetrics_sitenote_active":false,"_exactmetrics_sitenote_note":"","_exactmetrics_sitenote_category":0,"footnotes":""},"class_list":["post-676","page","type-page","status-publish","hentry","floatton-article"],"_links":{"self":[{"href":"https:\/\/www.vasmegye.hu\/en\/wp-json\/wp\/v2\/pages\/676","targetHints":{"allow":["GET"]}}],"collection":[{"href":"https:\/\/www.vasmegye.hu\/en\/wp-json\/wp\/v2\/pages"}],"about":[{"href":"https:\/\/www.vasmegye.hu\/en\/wp-json\/wp\/v2\/types\/page"}],"author":[{"embeddable":true,"href":"https:\/\/www.vasmegye.hu\/en\/wp-json\/wp\/v2\/users\/1"}],"replies":[{"embeddable":true,"href":"https:\/\/www.vasmegye.hu\/en\/wp-json\/wp\/v2\/comments?post=676"}],"version-history":[{"count":0,"href":"https:\/\/www.vasmegye.hu\/en\/wp-json\/wp\/v2\/pages\/676\/revisions"}],"up":[{"embeddable":true,"href":"https:\/\/www.vasmegye.hu\/en\/wp-json\/wp\/v2\/pages\/653"}],"wp:attachment":[{"href":"https:\/\/www.vasmegye.hu\/en\/wp-json\/wp\/v2\/media?parent=676"}],"curies":[{"name":"wp","href":"https:\/\/api.w.org\/{rel}","templated":true}]}}