{"id":659,"date":"2018-05-30T15:51:54","date_gmt":"2018-05-30T13:51:54","guid":{"rendered":"https:\/\/www.vasmegye.hu\/?page_id=659"},"modified":"2018-06-06T11:45:27","modified_gmt":"2018-06-06T09:45:27","slug":"frakciok","status":"publish","type":"page","link":"https:\/\/www.vasmegye.hu\/en\/onkormanyzat\/frakciok\/","title":{"rendered":"Frakci\u00f3k"},"content":{"rendered":"<h2><strong>FIDESZ &#8211; KDNP Frakci\u00f3<\/strong><\/h2>\n<div class=\"ptb_wrap\"><div  class=\"ptb_loops_shortcode tf_clearfix ptb_loops_wrapper ptb_list-post\" data-type=\"kozgyules-elnok\"><article id=\"post-1095\" class=\"ptb_post tf_clearfix post-1095 kozgyules-elnok type-kozgyules-elnok status-publish hentry floatton-article\">        <div class=\"ptb_items_wrapper entry-content\" itemscope itemtype=\"https:\/\/schema.org\/MediaObject\">\n                                            <div class=\"ptb_first_row ptb_row ptb_kozgyules-elnok_row\">\n                                                                            <div class=\"ptb_col ptb_col3-2 ptb_col_first\">\n                                                                                                            \n                                                <div class=\"ptb_module ptb_title tf_clearfix\"><h2 class=\"ptb_post_title ptb_entry_title\" itemprop=\"name\">\n\t<a href=\"https:\/\/www.vasmegye.hu\/en\/kozgyules-elnok\/majthenyi-laszlo\/\">Majth\u00e9nyi L\u00e1szl\u00f3<\/a><\/h2><\/div><!-- .ptb_module.ptb_title -->                                                                                                                    \n                                                <div class=\"ptb_module ptb_text ptb_tags_gok_ tf_clearfix\">A Vas V\u00e1rmegyei K\u00f6zgy\u0171l\u00e9s eln\u00f6ke<\/div><!-- .ptb_module.ptb_text.ptb_tags_gok_ -->                                                                                                                    \n                                                <div class=\"ptb_module ptb_text ptb_frakci_neve_ tf_clearfix\">FIDESZ - KDNP<\/div><!-- .ptb_module.ptb_text.ptb_frakci_neve_ -->                                                                                                                                                                                                \n                                                <div class=\"ptb_module ptb_telephone ptb_telefonsz_m_1_ tf_clearfix\">                    <span class=\"ptb_field_icon ptb_field_icon_before_text_before\"><svg  aria-hidden=\"true\" class=\"ptb_fa ptb_fas-phone\"><use href=\"#ptb-fas-phone\"><\/use><\/svg><\/span>\n                <a href=\"tel:+36 94 515-701 \" class=\"ptb_extra_telephone ptb_extra_telefonsz_m_1_\">+36 94 515-701 <\/a><\/div><!-- .ptb_module.ptb_telephone.ptb_telefonsz_m_1_ -->                                                                                                                                                                                                \n                                                <div class=\"ptb_module ptb_text ptb_e_mail_c_m_ tf_clearfix\">                    <span class=\"ptb_field_icon ptb_field_icon_before_text_before\"><svg  aria-hidden=\"true\" class=\"ptb_fa ptb_far-envelope\"><use href=\"#ptb-far-envelope\"><\/use><\/svg><\/span>\n                majthenyilaszlo[kukac]vasmegye.hu<\/div><!-- .ptb_module.ptb_text.ptb_e_mail_c_m_ -->                                                                                                                    \n                                                <div class=\"ptb_module ptb_permalink tf_clearfix\"><div class=\"ptb_permalink\">\n\t<a style=\"color:rgba(5, 5, 5, 1) !important;\" class=\"ptb_link_button shortcode embossed white small fa fa-arrow-circle-right\" \t\t\t\t\t\t\t\t\t href=\"https:\/\/www.vasmegye.hu\/en\/kozgyules-elnok\/majthenyi-laszlo\/\"><\/a>    \n<\/div><\/div><!-- .ptb_module.ptb_permalink -->                                                                                                                                        <\/div>\n                                                                                                            <div class=\"ptb_col ptb_col3-1 ptb_col_last\">\n                                                                                                            \n                                                <div class=\"ptb_module ptb_image ptb_profilk_p tf_clearfix\"><div class=\"ptb_image\">\n    <figure class=\"ptb_post_image tf_clearfix\"><a href=\"https:\/\/www.vasmegye.hu\/wp-content\/uploads\/2018\/06\/majthenyilaszlo2009_1_k.jpg\"><img decoding=\"async\" src=\"https:\/\/www.vasmegye.hu\/wp-content\/uploads\/2018\/06\/majthenyilaszlo2009_1_k.jpg\" alt=\"majthenyilaszlo2009_1_k\" title=\"majthenyilaszlo2009_1_k\"\/><\/a><\/figure><\/div><\/div><!-- .ptb_module.ptb_image.ptb_profilk_p -->                                                                                                                                        <\/div>\n                                                                                        <\/div>\n                          \n        <\/div>  \n        <\/article><\/div><!-- .ptb_loops_wrapper --><\/div><!-- .ptb_wrap -->\n<div class=\"ptb_wrap\"><div  class=\"ptb_loops_shortcode tf_clearfix ptb_loops_wrapper ptb_list-post\" data-type=\"kozgyules-alelnokei\"><article id=\"post-1115\" class=\"ptb_post tf_clearfix post-1115 kozgyules-alelnokei type-kozgyules-alelnokei status-publish hentry floatton-article\">        <div class=\"ptb_items_wrapper entry-content\" itemscope itemtype=\"https:\/\/schema.org\/MediaObject\">\n                                            <div class=\"ptb_first_row ptb_row ptb_kozgyules-alelnokei_row\">\n                                                                            <div class=\"ptb_col ptb_col3-2 ptb_col_first\">\n                                                                                                            \n                                                <div class=\"ptb_module ptb_title tf_clearfix\"><h2 class=\"ptb_post_title ptb_entry_title\" itemprop=\"name\">\n\t<a href=\"https:\/\/www.vasmegye.hu\/en\/kozgyules-alelnokei\/dr-kondora-balint\/\">dr. Kondora B\u00e1lint<\/a><\/h2><\/div><!-- .ptb_module.ptb_title -->                                                                                                                                                                                                \n                                                <div class=\"ptb_module ptb_text ptb_frakci_neve_ tf_clearfix\">FIDESZ - KDNP Frakci\u00f3<\/div><!-- .ptb_module.ptb_text.ptb_frakci_neve_ -->                                                                                                                                                                                                \n                                                <div class=\"ptb_module ptb_telephone ptb_telefonsz_m_1_ tf_clearfix\">                    <span class=\"ptb_field_icon ptb_field_icon_before_text_before\"><svg  aria-hidden=\"true\" class=\"ptb_fa ptb_fas-phone\"><use href=\"#ptb-fas-phone\"><\/use><\/svg><\/span>\n                <a href=\"tel:+36 94 515-703 \" class=\"ptb_extra_telephone ptb_extra_telefonsz_m_1_\">+36 94 515-703 <\/a><\/div><!-- .ptb_module.ptb_telephone.ptb_telefonsz_m_1_ -->                                                                                                                                                                                                                                                                            \n                                                <div class=\"ptb_module ptb_text ptb_e_mail_c_m_ tf_clearfix\">                    <span class=\"ptb_field_icon ptb_field_icon_before_text_before\"><svg  aria-hidden=\"true\" class=\"ptb_fa ptb_far-envelope\"><use href=\"#ptb-far-envelope\"><\/use><\/svg><\/span>\n                drkondorabalint[kukac]vasmegye.hu<\/div><!-- .ptb_module.ptb_text.ptb_e_mail_c_m_ -->                                                                                                                    \n                                                <div class=\"ptb_module ptb_permalink ptb_module_inline tf_clearfix\"><div class=\"ptb_permalink\">\n\t<a style=\"color:rgba(3, 3, 3, 1) !important;\" class=\"ptb_link_button shortcode white small fa fa-arrow-circle-right\" \t\t\t\t\t\t\t\t\t href=\"https:\/\/www.vasmegye.hu\/en\/kozgyules-alelnokei\/dr-kondora-balint\/\"><\/a>    \n<\/div><\/div><!-- .ptb_module.ptb_permalink.ptb_module_inline -->                                                                                                                                        <\/div>\n                                                                                                            <div class=\"ptb_col ptb_col3-1 ptb_col_last\">\n                                                                                                            \n                                                <div class=\"ptb_module ptb_image ptb_profilk_p tf_clearfix\"><div class=\"ptb_image\">\n    <figure class=\"ptb_post_image tf_clearfix\"><a href=\"https:\/\/www.vasmegye.hu\/wp-content\/uploads\/2018\/06\/dr_kondora_B.png\"><img decoding=\"async\" src=\"https:\/\/www.vasmegye.hu\/wp-content\/uploads\/2018\/06\/dr_kondora_B.png\" alt=\"dr_kondora_B\" title=\"dr_kondora_B\"\/><\/a><\/figure><\/div><\/div><!-- .ptb_module.ptb_image.ptb_profilk_p -->                                                                                                                                        <\/div>\n                                                                                        <\/div>\n                          \n        <\/div>  \n        <\/article><article id=\"post-21002\" class=\"ptb_post tf_clearfix post-21002 kozgyules-alelnokei type-kozgyules-alelnokei status-publish hentry floatton-article\">        <div class=\"ptb_items_wrapper entry-content\" itemscope itemtype=\"https:\/\/schema.org\/MediaObject\">\n                                            <div class=\"ptb_first_row ptb_row ptb_kozgyules-alelnokei_row\">\n                                                                            <div class=\"ptb_col ptb_col3-2 ptb_col_first\">\n                                                                                                            \n                                                <div class=\"ptb_module ptb_title tf_clearfix\"><h2 class=\"ptb_post_title ptb_entry_title\" itemprop=\"name\">\n\t<a href=\"https:\/\/www.vasmegye.hu\/en\/kozgyules-alelnokei\/dr-melega-miklos\/\">dr. Melega Mikl\u00f3s<\/a><\/h2><\/div><!-- .ptb_module.ptb_title -->                                                                                                                                                                                                                                                                                                                                                                                                                                                                                                                                                                                            \n                                                <div class=\"ptb_module ptb_text ptb_e_mail_c_m_ tf_clearfix\">                    <span class=\"ptb_field_icon ptb_field_icon_before_text_before\"><svg  aria-hidden=\"true\" class=\"ptb_fa ptb_far-envelope\"><use href=\"#ptb-far-envelope\"><\/use><\/svg><\/span>\n                drmelega.miklos[kukac]vasmegye.hu<\/div><!-- .ptb_module.ptb_text.ptb_e_mail_c_m_ -->                                                                                                                    \n                                                <div class=\"ptb_module ptb_permalink ptb_module_inline tf_clearfix\"><div class=\"ptb_permalink\">\n\t<a style=\"color:rgba(3, 3, 3, 1) !important;\" class=\"ptb_link_button shortcode white small fa fa-arrow-circle-right\" \t\t\t\t\t\t\t\t\t href=\"https:\/\/www.vasmegye.hu\/en\/kozgyules-alelnokei\/dr-melega-miklos\/\"><\/a>    \n<\/div><\/div><!-- .ptb_module.ptb_permalink.ptb_module_inline -->                                                                                                                                        <\/div>\n                                                                                                            <div class=\"ptb_col ptb_col3-1 ptb_col_last\">\n                                                                                                            \n                                                                                                                                                                                        <\/div>\n                                                                                        <\/div>\n                          \n        <\/div>  \n        <\/article><article id=\"post-3202\" class=\"ptb_post tf_clearfix post-3202 kozgyules-alelnokei type-kozgyules-alelnokei status-publish hentry floatton-article\">        <div class=\"ptb_items_wrapper entry-content\" itemscope itemtype=\"https:\/\/schema.org\/MediaObject\">\n                                            <div class=\"ptb_first_row ptb_row ptb_kozgyules-alelnokei_row\">\n                                                                            <div class=\"ptb_col ptb_col3-2 ptb_col_first\">\n                                                                                                            \n                                                <div class=\"ptb_module ptb_title tf_clearfix\"><h2 class=\"ptb_post_title ptb_entry_title\" itemprop=\"name\">\n\t<a href=\"https:\/\/www.vasmegye.hu\/en\/kozgyules-alelnokei\/marton-ferenc\/\">Marton Ferenc<\/a><\/h2><\/div><!-- .ptb_module.ptb_title -->                                                                                                                                                                                                \n                                                <div class=\"ptb_module ptb_text ptb_frakci_neve_ tf_clearfix\">FIDESZ - KDNP Frakci\u00f3<\/div><!-- .ptb_module.ptb_text.ptb_frakci_neve_ -->                                                                                                                                                                                                                                                                                                                                                                                                                                    \n                                                <div class=\"ptb_module ptb_text ptb_e_mail_c_m_ tf_clearfix\">                    <span class=\"ptb_field_icon ptb_field_icon_before_text_before\"><svg  aria-hidden=\"true\" class=\"ptb_fa ptb_far-envelope\"><use href=\"#ptb-far-envelope\"><\/use><\/svg><\/span>\n                martonferenc[kukac]vasmegye.hu<\/div><!-- .ptb_module.ptb_text.ptb_e_mail_c_m_ -->                                                                                                                    \n                                                <div class=\"ptb_module ptb_permalink ptb_module_inline tf_clearfix\"><div class=\"ptb_permalink\">\n\t<a style=\"color:rgba(3, 3, 3, 1) !important;\" class=\"ptb_link_button shortcode white small fa fa-arrow-circle-right\" \t\t\t\t\t\t\t\t\t href=\"https:\/\/www.vasmegye.hu\/en\/kozgyules-alelnokei\/marton-ferenc\/\"><\/a>    \n<\/div><\/div><!-- .ptb_module.ptb_permalink.ptb_module_inline -->                                                                                                                                        <\/div>\n                                                                                                            <div class=\"ptb_col ptb_col3-1 ptb_col_last\">\n                                                                                                            \n                                                                                                                                                                                        <\/div>\n                                                                                        <\/div>\n                          \n        <\/div>  \n        <\/article><\/div><!-- .ptb_loops_wrapper --><\/div><!-- .ptb_wrap -->\n<div class=\"ptb_wrap\"><\/div><!-- .ptb_wrap -->\n<h2><strong>Jobbik Magyarorsz\u00e1g\u00e9rt Mozgalom<\/strong><\/h2>\n<div class=\"ptb_wrap\"><\/div><!-- .ptb_wrap -->\n<h2><strong>MSZP Frakci\u00f3<\/strong><\/h2>\n<div class=\"ptb_wrap\"><\/div><!-- .ptb_wrap -->\n<p>&nbsp;<\/p>","protected":false},"excerpt":{"rendered":"<p>FIDESZ &#8211; KDNP Frakci\u00f3 Jobbik Magyarorsz\u00e1g\u00e9rt Mozgalom MSZP Frakci\u00f3 &nbsp;<\/p>","protected":false},"author":1,"featured_media":0,"parent":653,"menu_order":123,"comment_status":"closed","ping_status":"closed","template":"","meta":{"_exactmetrics_skip_tracking":false,"_exactmetrics_sitenote_active":false,"_exactmetrics_sitenote_note":"","_exactmetrics_sitenote_category":0,"footnotes":""},"class_list":["post-659","page","type-page","status-publish","hentry","floatton-article"],"_links":{"self":[{"href":"https:\/\/www.vasmegye.hu\/en\/wp-json\/wp\/v2\/pages\/659","targetHints":{"allow":["GET"]}}],"collection":[{"href":"https:\/\/www.vasmegye.hu\/en\/wp-json\/wp\/v2\/pages"}],"about":[{"href":"https:\/\/www.vasmegye.hu\/en\/wp-json\/wp\/v2\/types\/page"}],"author":[{"embeddable":true,"href":"https:\/\/www.vasmegye.hu\/en\/wp-json\/wp\/v2\/users\/1"}],"replies":[{"embeddable":true,"href":"https:\/\/www.vasmegye.hu\/en\/wp-json\/wp\/v2\/comments?post=659"}],"version-history":[{"count":0,"href":"https:\/\/www.vasmegye.hu\/en\/wp-json\/wp\/v2\/pages\/659\/revisions"}],"up":[{"embeddable":true,"href":"https:\/\/www.vasmegye.hu\/en\/wp-json\/wp\/v2\/pages\/653"}],"wp:attachment":[{"href":"https:\/\/www.vasmegye.hu\/en\/wp-json\/wp\/v2\/media?parent=659"}],"curies":[{"name":"wp","href":"https:\/\/api.w.org\/{rel}","templated":true}]}}