{"id":653,"date":"2018-05-30T15:50:10","date_gmt":"2018-05-30T13:50:10","guid":{"rendered":"https:\/\/www.vasmegye.hu\/?page_id=653"},"modified":"2018-05-31T15:15:44","modified_gmt":"2018-05-31T13:15:44","slug":"onkormanyzat","status":"publish","type":"page","link":"https:\/\/www.vasmegye.hu\/en\/onkormanyzat\/","title":{"rendered":"\u00d6nkorm\u00e1nyzat"},"content":{"rendered":"<section class=\"wpb-content-wrapper\"><div class=\"vc_row wpb_row vc_row-fluid\"><div class=\"wpb_column vc_column_container vc_col-sm-12\"><div class=\"vc_column-inner\"><div class=\"wpb_wrapper\">\n<!-- TOWNPRESS SITEMAP : begin -->\n<section class=\"lsvr-townpress-sitemap\"\n    >\n    <div class=\"c-content-box lsvr-townpress-sitemap__inner\">\n\n        \n        \n        \n            <div class=\"lsvr-townpress-sitemap__content\">\n                <nav class=\"lsvr-townpress-sitemap__nav lsvr-townpress-sitemap__nav--3-cols\"\n                    >\n\n                    <ul id=\"menu-fejlesztesek\" class=\"lsvr-townpress-sitemap__list\" role=\"menu\">\n\n            <li class=\"lsvr-townpress-sitemap__item lsvr-townpress-sitemap__item--level-0 menu-item menu-item-type-post_type menu-item-object-page\"\n                role=\"presentation\">\n\n                \n                    <h3 class=\"lsvr-townpress-sitemap__item-title\">\n\n                \n                <a href=\"https:\/\/www.vasmegye.hu\/en\/fejlesztesek\/koncepciok\/\"\n                    class=\"lsvr-townpress-sitemap__item-link lsvr-townpress-sitemap__item-link--level-0\"\n                    role=\"menuitem\"\n                    >Koncepci\u00f3k, tervek, let\u00f6lthet\u0151 dokumentumok<\/a>\n\n                \n                    <\/h3>\n\n                \n            \n            <\/li>\n\n            \n\n            <li class=\"lsvr-townpress-sitemap__item lsvr-townpress-sitemap__item--level-0 menu-item menu-item-type-post_type menu-item-object-page\"\n                role=\"presentation\">\n\n                \n                    <h3 class=\"lsvr-townpress-sitemap__item-title\">\n\n                \n                <a href=\"https:\/\/www.vasmegye.hu\/en\/fejlesztesek\/projektek\/\"\n                    class=\"lsvr-townpress-sitemap__item-link lsvr-townpress-sitemap__item-link--level-0\"\n                    role=\"menuitem\"\n                    >Projektek<\/a>\n\n                \n                    <\/h3>\n\n                \n            \n            <\/li>\n\n            <\/ul>\n                <\/nav>\n            <\/div>\n\n        \n    <\/div>\n<\/section>\n<!-- TOWNPRESS SITEMAP : end -->\n\n<\/div><\/div><\/div><\/div>\n<\/section>","protected":false},"excerpt":{"rendered":"Koncepci\u00f3k, tervek, let\u00f6lthet\u0151 dokumentumok Projektek","protected":false},"author":1,"featured_media":0,"parent":0,"menu_order":116,"comment_status":"closed","ping_status":"closed","template":"","meta":{"_exactmetrics_skip_tracking":false,"_exactmetrics_sitenote_active":false,"_exactmetrics_sitenote_note":"","_exactmetrics_sitenote_category":0,"footnotes":""},"class_list":["post-653","page","type-page","status-publish","hentry","floatton-article"],"_links":{"self":[{"href":"https:\/\/www.vasmegye.hu\/en\/wp-json\/wp\/v2\/pages\/653","targetHints":{"allow":["GET"]}}],"collection":[{"href":"https:\/\/www.vasmegye.hu\/en\/wp-json\/wp\/v2\/pages"}],"about":[{"href":"https:\/\/www.vasmegye.hu\/en\/wp-json\/wp\/v2\/types\/page"}],"author":[{"embeddable":true,"href":"https:\/\/www.vasmegye.hu\/en\/wp-json\/wp\/v2\/users\/1"}],"replies":[{"embeddable":true,"href":"https:\/\/www.vasmegye.hu\/en\/wp-json\/wp\/v2\/comments?post=653"}],"version-history":[{"count":0,"href":"https:\/\/www.vasmegye.hu\/en\/wp-json\/wp\/v2\/pages\/653\/revisions"}],"wp:attachment":[{"href":"https:\/\/www.vasmegye.hu\/en\/wp-json\/wp\/v2\/media?parent=653"}],"curies":[{"name":"wp","href":"https:\/\/api.w.org\/{rel}","templated":true}]}}