{"id":651,"date":"2025-08-16T15:49:04","date_gmt":"2025-08-16T13:49:04","guid":{"rendered":"https:\/\/www.vasmegye.hu\/?page_id=651"},"modified":"2025-08-26T14:43:26","modified_gmt":"2025-08-26T12:43:26","slug":"elerhetosegek","status":"publish","type":"page","link":"https:\/\/www.vasmegye.hu\/en\/hivatal\/elerhetosegek\/","title":{"rendered":"El\u00e9rhet\u0151s\u00e9gek"},"content":{"rendered":"<section class=\"wpb-content-wrapper\"><div class=\"vc_row wpb_row vc_row-fluid\"><div class=\"wpb_column vc_column_container vc_col-sm-12\"><div class=\"vc_column-inner\"><div class=\"wpb_wrapper\">\n\t<div class=\"wpb_text_column wpb_content_element\" >\n\t\t<div class=\"wpb_wrapper\">\n\t\t\t<h2><span style=\"color: #f97000;\">Vas County Government Office<\/span><\/h2>\n<p><strong><img loading=\"lazy\" decoding=\"async\" class=\"wp-image-3733 alignleft\" src=\"https:\/\/www.vasmegye.hu\/wp-content\/uploads\/2018\/07\/Berzsenyi-D\u00e1niel-t\u00e9r_Megyeh\u00e1za_Szombathely-300x200.jpg\" alt=\"\" width=\"317\" height=\"211\" srcset=\"https:\/\/www.vasmegye.hu\/wp-content\/uploads\/2018\/07\/Berzsenyi-D\u00e1niel-t\u00e9r_Megyeh\u00e1za_Szombathely-300x200.jpg 300w, https:\/\/www.vasmegye.hu\/wp-content\/uploads\/2018\/07\/Berzsenyi-D\u00e1niel-t\u00e9r_Megyeh\u00e1za_Szombathely-768x512.jpg 768w, https:\/\/www.vasmegye.hu\/wp-content\/uploads\/2018\/07\/Berzsenyi-D\u00e1niel-t\u00e9r_Megyeh\u00e1za_Szombathely-1024x682.jpg 1024w\" sizes=\"auto, (max-width: 317px) 100vw, 317px\" \/>C\u00edm:<\/strong> 9700 Szombathely, Berzsenyi D. t\u00e9r 1.<br \/><strong>Telefon:<\/strong> +36 94 515-701<br \/><strong>Fax:<\/strong> +36 94 515-704<br \/><strong>E-mail:<\/strong> info[kukac]vasmegye.hu<\/p>\n<p>&nbsp;<\/p>\n<p>&nbsp;<\/p>\n<p>&nbsp;<\/p>\n<p><span style=\"text-decoration: underline;\"><strong>Vas V\u00e1rmegye \u00d6nkorm\u00e1nyzata \u00fcgyf\u00e9lkapu el\u00e9rhet\u0151s\u00e9g:<\/strong> <\/span><\/p>\n<p><strong>R\u00f6vid n\u00e9v:<\/strong> VASMONK <strong>Krid azonos\u00edt\u00f3:<\/strong> 354063732<\/p>\n<p><span style=\"text-decoration: underline;\"><strong>Vas V\u00e1rmegyei \u00d6nkorm\u00e1nyzati Hivatal \u00fcgyf\u00e9lkapu el\u00e9rhet\u0151s\u00e9g:<\/strong><\/span><\/p>\n<p><strong>R\u00f6vid n\u00e9v:<\/strong> VASMONKH <strong>Krid azonos\u00edt\u00f3:<\/strong> 609318196<\/p>\n<p>&nbsp;<\/p>\n<p> <span style=\"color: #ffffff;\"><a style=\"color: #ffffff;\" href=\"https:\/\/7starliquor.com\/contact-us\/\" target=\"_blank\" rel=\"noopener\">slot<\/a><\/span> Az \u00fcgyf\u00e9lfogad\u00e1s rendje a hivatal munkarendj\u00e9vel azonos:<br \/>H\u00e9tf\u0151t\u0151l cs\u00fct\u00f6rt\u00f6kig 7:30-16:00; P\u00e9ntek: 7:30-13:30<\/p>\n<p>A hivatal \u00fcgyf\u00e9lszolg\u00e1latot nem \u00fczemeltet. <span style=\"color: #ffffff;\"><a style=\"color: #ffffff;\" href=\"https:\/\/www.mokutanyaburlingame.com\/menu-2\" target=\"_blank\" rel=\"noopener\">mahjong ways 2<\/a><\/span><\/p>\n\n\t\t<\/div>\n\t<\/div>\n<div class=\"wpb_gmaps_widget wpb_content_element\"><div class=\"wpb_wrapper\"><div class=\"wpb_map_wraper\"><iframe loading=\"lazy\" src=\"https:\/\/www.google.com\/maps\/embed?pb=!1m18!1m12!1m3!1d2709.2534783942656!2d16.616615616040477!3d47.23118752182818!2m3!1f0!2f0!3f0!3m2!1i1024!2i768!4f13.1!3m3!1m2!1s0x476eb9b71327c515%3A0x1305a8de8445fffc!2sSzombathely%2C+Berzsenyi+D%C3%A1niel+t%C3%A9r+1%2C+9700!5e0!3m2!1shu!2shu!4v1531990409633\" width=\"600\" height=\"450\" frameborder=\"0\" style=\"border:0\" allowfullscreen><\/iframe><\/div><\/div><\/div><\/div><\/div><\/div><\/div>\n<\/section>","protected":false},"excerpt":{"rendered":"Vas V\u00e1rmegyei \u00d6nkorm\u00e1nyzati Hivatal C\u00edm: 9700 Szombathely, Berzsenyi D. t\u00e9r 1.Telefon: +36 94 515-701Fax: +36 94 515-704E-mail: info[kukac]vasmegye.hu &nbsp; &nbsp; &nbsp; Vas V\u00e1rmegye \u00d6nkorm\u00e1nyzata \u00fcgyf\u00e9lkapu el\u00e9rhet\u0151s\u00e9g: R\u00f6vid n\u00e9v: VASMONK Krid azonos\u00edt\u00f3: 354063732 Vas V\u00e1rmegyei \u00d6nkorm\u00e1nyzati Hivatal \u00fcgyf\u00e9lkapu el\u00e9rhet\u0151s\u00e9g: R\u00f6vid n\u00e9v: VASMONKH Krid azonos\u00edt\u00f3: 609318196 &nbsp; slot Az \u00fcgyf\u00e9lfogad\u00e1s rendje a hivatal munkarendj\u00e9vel azonos:H\u00e9tf\u0151t\u0151l cs\u00fct\u00f6rt\u00f6kig 7:30-16:00; [...]","protected":false},"author":1,"featured_media":0,"parent":645,"menu_order":84,"comment_status":"closed","ping_status":"closed","template":"","meta":{"_exactmetrics_skip_tracking":false,"_exactmetrics_sitenote_active":false,"_exactmetrics_sitenote_note":"","_exactmetrics_sitenote_category":0,"footnotes":""},"class_list":["post-651","page","type-page","status-publish","hentry","floatton-article"],"_links":{"self":[{"href":"https:\/\/www.vasmegye.hu\/en\/wp-json\/wp\/v2\/pages\/651","targetHints":{"allow":["GET"]}}],"collection":[{"href":"https:\/\/www.vasmegye.hu\/en\/wp-json\/wp\/v2\/pages"}],"about":[{"href":"https:\/\/www.vasmegye.hu\/en\/wp-json\/wp\/v2\/types\/page"}],"author":[{"embeddable":true,"href":"https:\/\/www.vasmegye.hu\/en\/wp-json\/wp\/v2\/users\/1"}],"replies":[{"embeddable":true,"href":"https:\/\/www.vasmegye.hu\/en\/wp-json\/wp\/v2\/comments?post=651"}],"version-history":[{"count":5,"href":"https:\/\/www.vasmegye.hu\/en\/wp-json\/wp\/v2\/pages\/651\/revisions"}],"predecessor-version":[{"id":25660,"href":"https:\/\/www.vasmegye.hu\/en\/wp-json\/wp\/v2\/pages\/651\/revisions\/25660"}],"up":[{"embeddable":true,"href":"https:\/\/www.vasmegye.hu\/en\/wp-json\/wp\/v2\/pages\/645"}],"wp:attachment":[{"href":"https:\/\/www.vasmegye.hu\/en\/wp-json\/wp\/v2\/media?parent=651"}],"curies":[{"name":"wp","href":"https:\/\/api.w.org\/{rel}","templated":true}]}}