{"id":5378,"date":"2018-08-07T09:58:02","date_gmt":"2018-08-07T07:58:02","guid":{"rendered":"https:\/\/www.vasmegye.hu\/?page_id=5378"},"modified":"2023-10-01T15:00:30","modified_gmt":"2023-10-01T13:00:30","slug":"teszt","status":"publish","type":"page","link":"https:\/\/www.vasmegye.hu\/en\/teszt\/","title":{"rendered":"Sz\u00e9chenyi 2020 p\u00e1ly\u00e1zatok"},"content":{"rendered":"<section class=\"wpb-content-wrapper\"><div class=\"vc_row wpb_row vc_row-fluid\"><div class=\"wpb_column vc_column_container vc_col-sm-12\"><div class=\"vc_column-inner\"><div class=\"wpb_wrapper\">\n\t<div class=\"wpb_text_column wpb_content_element\" >\n\t\t<div class=\"wpb_wrapper\">\n\t\t\t\n\t\t<\/div>\n\t<\/div>\n<\/div><\/div><\/div><\/div><div class=\"vc_row wpb_row vc_row-fluid\"><div class=\"wpb_column vc_column_container vc_col-sm-12\"><div class=\"vc_column-inner\"><div class=\"wpb_wrapper\"><div  class=\"wpb_widgetised_column wpb_content_element\">\n\t\t<div class=\"wpb_wrapper\">\n\t\t\t\n\t\t\t<div id=\"custom-post-type-categories-2\" class=\"widget-odd widget-last widget-first widget-1 widget widget_categories\"><div class=\"widget__inner\"><h3 class=\"widget__title\">P\u00e1ly\u00e1zatok<\/h3>\t\t\t<ul>\n\t\t\t\t<li class=\"cat-item cat-item-264\"><a href=\"https:\/\/www.vasmegye.hu\/en\/szechenyi_2020\/efop-emberi-eroforras-fejlesztesi-operativ-program\/\">EFOP Emberi Er\u0151forr\u00e1s Fejleszt\u00e9si Operat\u00edv Program<\/a> (2)\n<\/li>\n\t<li class=\"cat-item cat-item-274\"><a href=\"https:\/\/www.vasmegye.hu\/en\/szechenyi_2020\/kehop-1-2-0-klimastrategiak-kidolgozasahoz-kapcsolodo-modszertan-es-kapacitasfejlesztes-valamint-szemleletformalas\/\">KEHOP-1.2.0 &#8211; Kl\u00edmastrat\u00e9gi\u00e1k kidolgoz\u00e1s\u00e1hoz kapcsol\u00f3d\u00f3 m\u00f3dszertan- \u00e9s kapacit\u00e1sfejleszt\u00e9s, valamint szeml\u00e9letform\u00e1l\u00e1s<\/a> (1)\n<\/li>\n\t<li class=\"cat-item cat-item-333\"><a href=\"https:\/\/www.vasmegye.hu\/en\/szechenyi_2020\/top-1-1-1-16-ipari-parkok-iparteruletek-fejlesztese\/\">TOP-1.1.1-16 Ipari parkok, iparter\u00fcletek fejleszt\u00e9se<\/a> (1)\n<\/li>\n\t<li class=\"cat-item cat-item-266\"><a href=\"https:\/\/www.vasmegye.hu\/en\/szechenyi_2020\/top-1-1-3-helyi-gazdasagfejlesztes\/\">TOP-1.1.3 Helyi gazdas\u00e1gfejleszt\u00e9s<\/a> (1)\n<\/li>\n\t<li class=\"cat-item cat-item-260\"><a href=\"https:\/\/www.vasmegye.hu\/en\/szechenyi_2020\/top-1-2-1-tarsadalmi-es-kornyezeti-szempontbol-fenntarthato-turizmusfejlesztes\/\">TOP-1.2.1 T\u00e1rsadalmi \u00e9s k\u00f6rnyezeti szempontb\u00f3l fenntarthat\u00f3 turizmusfejleszt\u00e9s<\/a> (5)\n<\/li>\n\t<li class=\"cat-item cat-item-259\"><a href=\"https:\/\/www.vasmegye.hu\/en\/szechenyi_2020\/top-1-4-1-15-a-foglalkoztatas-es-az-eletminoseg-javitasa-csaladbarat-munkaba-allast-segito-intezmenyek-kozszolgaltatasok-fejlesztesevel\/\">TOP-1.4.1-15 A foglalkoztat\u00e1s \u00e9s az \u00e9letmin\u0151s\u00e9g jav\u00edt\u00e1sa csal\u00e1dbar\u00e1t, munk\u00e1ba \u00e1ll\u00e1st seg\u00edt\u0151 int\u00e9zm\u00e9nyek, k\u00f6zszolg\u00e1ltat\u00e1sok fejleszt\u00e9s\u00e9vel<\/a> (10)\n<\/li>\n\t<li class=\"cat-item cat-item-323\"><a href=\"https:\/\/www.vasmegye.hu\/en\/szechenyi_2020\/top-1-4-1-19-bolcsodei-ferohelyek-kialakitasa-bovitese\/\">TOP-1.4.1-19 B\u00f6lcs\u0151dei f\u00e9r\u0151helyek kialak\u00edt\u00e1sa, b\u0151v\u00edt\u00e9se<\/a> (14)\n<\/li>\n\t<li class=\"cat-item cat-item-325\"><a href=\"https:\/\/www.vasmegye.hu\/en\/szechenyi_2020\/top-1-5-1-20-a-2021-27-tervezesi-idoszak-strategiai-es-projektszintu-elokeszitese\/\">TOP-1.5.1-20 A 2021-27 tervez\u00e9si id\u0151szak strat\u00e9giai \u00e9s projektszint\u0171 el\u0151k\u00e9sz\u00edt\u00e9se<\/a> (1)\n<\/li>\n\t<li class=\"cat-item cat-item-267\"><a href=\"https:\/\/www.vasmegye.hu\/en\/szechenyi_2020\/top-2-1-1-barnamezos-teruletek-rehabilitacioja\/\">TOP-2.1.1 Barnamez\u0151s ter\u00fcletek rehabilit\u00e1ci\u00f3ja<\/a> (1)\n<\/li>\n\t<li class=\"cat-item cat-item-268\"><a href=\"https:\/\/www.vasmegye.hu\/en\/szechenyi_2020\/top-2-1-2-zold-varos-kialakitasa\/\">TOP-2.1.2 Z\u00f6ld v\u00e1ros kialak\u00edt\u00e1sa<\/a> (2)\n<\/li>\n\t<li class=\"cat-item cat-item-258\"><a href=\"https:\/\/www.vasmegye.hu\/en\/szechenyi_2020\/top-2-1-3-15-telepulesi-kornyezetvedelmi-infrastruktura-fejlesztesek\/\">TOP-2.1.3-15 Telep\u00fcl\u00e9si k\u00f6rnyezetv\u00e9delmi infrastrukt\u00fara-fejleszt\u00e9sek<\/a> (9)\n<\/li>\n\t<li class=\"cat-item cat-item-327\"><a href=\"https:\/\/www.vasmegye.hu\/en\/szechenyi_2020\/top-2-1-3-16-telepulesi-kornyezetvedelmi-infrastruktura-fejlesztesek\/\">TOP-2.1.3-16 Telep\u00fcl\u00e9si k\u00f6rnyezetv\u00e9delmi infrastrukt\u00fara-fejleszt\u00e9sek<\/a> (23)\n<\/li>\n\t<li class=\"cat-item cat-item-254\"><a href=\"https:\/\/www.vasmegye.hu\/en\/szechenyi_2020\/top-3-1-1-fenntarthato-telepulesi-kozlekedesfejlesztes\/\">TOP-3.1.1 Fenntarthat\u00f3 telep\u00fcl\u00e9si k\u00f6zleked\u00e9sfejleszt\u00e9s<\/a> (8)\n<\/li>\n\t<li class=\"cat-item cat-item-256\"><a href=\"https:\/\/www.vasmegye.hu\/en\/szechenyi_2020\/top-3-2-1-onkormanyzati-epuletek-energetikai-korszerusitese\/\">TOP-3.2.1 \u00d6nkorm\u00e1nyzati \u00e9p\u00fcletek energetikai korszer\u0171s\u00edt\u00e9se<\/a> (30)\n<\/li>\n\t<li class=\"cat-item cat-item-257\"><a href=\"https:\/\/www.vasmegye.hu\/en\/szechenyi_2020\/4-1-1-egeszsegugyi-alapellatas-infrastrukturalis-fejlesztese-top\/\">TOP-4.1.1 Eg\u00e9szs\u00e9g\u00fcgyi alapell\u00e1t\u00e1s infrastruktur\u00e1lis fejleszt\u00e9se<\/a> (6)\n<\/li>\n\t<li class=\"cat-item cat-item-255\"><a href=\"https:\/\/www.vasmegye.hu\/en\/szechenyi_2020\/top-4-2-1-szocialis-alapszolgaltatasok-infrastrukturajanak-bovitese-fejlesztese\/\">TOP-4.2.1 Szoci\u00e1lis alapszolg\u00e1ltat\u00e1sok infrastrukt\u00far\u00e1j\u00e1nak b\u0151v\u00edt\u00e9se, fejleszt\u00e9se<\/a> (2)\n<\/li>\n\t<li class=\"cat-item cat-item-271\"><a href=\"https:\/\/www.vasmegye.hu\/en\/szechenyi_2020\/paktum\/\">TOP-5.1.1 Megyei szint\u0171 foglalkoztat\u00e1si meg\u00e1llapod\u00e1sok, foglalkoztat\u00e1si, gazdas\u00e1gfejleszt\u00e9si egy\u00fcttm\u0171k\u00f6d\u00e9sek<\/a> (1)\n<\/li>\n\t<li class=\"cat-item cat-item-303\"><a href=\"https:\/\/www.vasmegye.hu\/en\/szechenyi_2020\/top-5-3-1-16-a-helyi-identitas-es-kohezio-erositese\/\">TOP-5.3.1 A helyi identit\u00e1s \u00e9s koh\u00e9zi\u00f3 er\u0151s\u00edt\u00e9se<\/a> (2)\n<\/li>\n\t<li class=\"cat-item cat-item-329\"><a href=\"https:\/\/www.vasmegye.hu\/en\/szechenyi_2020\/top-5-3-2-a-helyi-identitas-es-kohezio-erositese\/\">TOP-5.3.2 A megyei identit\u00e1s \u00e9s koh\u00e9zi\u00f3 er\u0151s\u00edt\u00e9se<\/a> (1)\n<\/li>\n\t\t\t<\/ul>\n\t\t\t<\/div><\/div>\n\t\t<\/div>\n\t<\/div>\n<\/div><\/div><\/div><\/div>\n<\/section>","protected":false},"excerpt":{"rendered":"P\u00e1ly\u00e1zatok EFOP Emberi Er\u0151forr\u00e1s Fejleszt\u00e9si Operat\u00edv Program (2) KEHOP-1.2.0 &#8211; Kl\u00edmastrat\u00e9gi\u00e1k kidolgoz\u00e1s\u00e1hoz kapcsol\u00f3d\u00f3 m\u00f3dszertan- \u00e9s kapacit\u00e1sfejleszt\u00e9s, valamint szeml\u00e9letform\u00e1l\u00e1s (1) TOP-1.1.1-16 Ipari parkok, iparter\u00fcletek fejleszt\u00e9se (1) TOP-1.1.3 Helyi gazdas\u00e1gfejleszt\u00e9s (1) TOP-1.2.1 T\u00e1rsadalmi \u00e9s k\u00f6rnyezeti szempontb\u00f3l fenntarthat\u00f3 turizmusfejleszt\u00e9s (5) TOP-1.4.1-15 A foglalkoztat\u00e1s \u00e9s az \u00e9letmin\u0151s\u00e9g jav\u00edt\u00e1sa csal\u00e1dbar\u00e1t, munk\u00e1ba \u00e1ll\u00e1st seg\u00edt\u0151 int\u00e9zm\u00e9nyek, k\u00f6zszolg\u00e1ltat\u00e1sok fejleszt\u00e9s\u00e9vel (10) TOP-1.4.1-19 B\u00f6lcs\u0151dei f\u00e9r\u0151helyek [...]","protected":false},"author":23,"featured_media":0,"parent":0,"menu_order":38,"comment_status":"closed","ping_status":"closed","template":"","meta":{"_exactmetrics_skip_tracking":false,"_exactmetrics_sitenote_active":false,"_exactmetrics_sitenote_note":"","_exactmetrics_sitenote_category":0,"footnotes":""},"class_list":["post-5378","page","type-page","status-publish","hentry","floatton-article"],"_links":{"self":[{"href":"https:\/\/www.vasmegye.hu\/en\/wp-json\/wp\/v2\/pages\/5378","targetHints":{"allow":["GET"]}}],"collection":[{"href":"https:\/\/www.vasmegye.hu\/en\/wp-json\/wp\/v2\/pages"}],"about":[{"href":"https:\/\/www.vasmegye.hu\/en\/wp-json\/wp\/v2\/types\/page"}],"author":[{"embeddable":true,"href":"https:\/\/www.vasmegye.hu\/en\/wp-json\/wp\/v2\/users\/23"}],"replies":[{"embeddable":true,"href":"https:\/\/www.vasmegye.hu\/en\/wp-json\/wp\/v2\/comments?post=5378"}],"version-history":[{"count":0,"href":"https:\/\/www.vasmegye.hu\/en\/wp-json\/wp\/v2\/pages\/5378\/revisions"}],"wp:attachment":[{"href":"https:\/\/www.vasmegye.hu\/en\/wp-json\/wp\/v2\/media?parent=5378"}],"curies":[{"name":"wp","href":"https:\/\/api.w.org\/{rel}","templated":true}]}}