{"id":524,"date":"2018-05-30T10:28:01","date_gmt":"2018-05-30T08:28:01","guid":{"rendered":"https:\/\/www.vasmegye.hu\/?page_id=524"},"modified":"2018-07-20T11:33:37","modified_gmt":"2018-07-20T09:33:37","slug":"vasi-ki-kicsoda","status":"publish","type":"page","link":"https:\/\/www.vasmegye.hu\/en\/megye\/vasi-ki-kicsoda\/","title":{"rendered":"Vasi Ki Kicsoda?"},"content":{"rendered":"<section class=\"wpb-content-wrapper\"><div class=\"vc_row wpb_row vc_row-fluid\"><div class=\"wpb_column vc_column_container vc_col-sm-12\"><div class=\"vc_column-inner\"><div class=\"wpb_wrapper\">\n\t<div class=\"wpb_text_column wpb_content_element\" >\n\t\t<div class=\"wpb_wrapper\">\n\t\t\t<p><code><\/code><\/p>\n\n\t\t<\/div>\n\t<\/div>\n<\/div><\/div><\/div><\/div><div class=\"vc_row wpb_row vc_row-fluid\"><div class=\"wpb_column vc_column_container vc_col-sm-12\"><div class=\"vc_column-inner\"><div class=\"wpb_wrapper\"><div  class=\"wpb_widgetised_column wpb_content_element\">\n\t\t<div class=\"wpb_wrapper\">\n\t\t\t\n\t\t\t<div id=\"rpwe_widget-9\" class=\"widget-odd widget-last widget-first widget-1 widget rpwe_widget recent-posts-extended\"><div class=\"widget__inner\"><div  class=\"rpwe-block\"><ul class=\"rpwe-ul\"><li class=\"rpwe-li rpwe-clearfix\"><a class=\"rpwe-img\" href=\"https:\/\/www.vasmegye.hu\/en\/vasi-ki-kicsoda\/dr-zagorhidi-czigany-balazs\/\" rel=\"bookmark\"><img loading=\"lazy\" decoding=\"async\" class=\"rpwe-alignleft rpwe-thumb rpwe-default-thumb\" src=\"http:\/\/placehold.it\/45x45\/f0f0f0\/ccc\" alt=\"Dr. Z\u00e1gorhidi Czig\u00e1ny Bal\u00e1zs\" width=\"120\" height=\"180\"><\/a><h3 class=\"rpwe-title\"><a href=\"https:\/\/www.vasmegye.hu\/en\/vasi-ki-kicsoda\/dr-zagorhidi-czigany-balazs\/\" target=\"_self\">Dr. Z\u00e1gorhidi Czig\u00e1ny Bal\u00e1zs<\/a><\/h3><time class=\"rpwe-time published\" datetime=\"2023-01-23T15:18:50+02:00\">2023. January 23.<\/time><div class=\"rpwe-summary\">Vas v\u00e1rmegye t\u00f6rt\u00e9net\u00e9nek kiv\u00e1l\u00f3 szak\u00e9rt\u0151je, Szombathely monogr\u00e1fusa, 1965-ben sz\u00fcletett Szombathelyen. K\u00e9s\u0151bb a Gy\u0151ri Benc\u00e9s Gimn\u00e1ziumban \u00e9retts\u00e9gizett, majd a debreceni Kossuth &hellip;<a href=\"https:\/\/www.vasmegye.hu\/en\/vasi-ki-kicsoda\/dr-zagorhidi-czigany-balazs\/\" class=\"more-link\">B\u0151vebben \u00bb<\/a><\/div><\/li><li class=\"rpwe-li rpwe-clearfix\"><a class=\"rpwe-img\" href=\"https:\/\/www.vasmegye.hu\/en\/vasi-ki-kicsoda\/merklin-timea\/\" rel=\"bookmark\"><img loading=\"lazy\" decoding=\"async\" class=\"rpwe-alignleft rpwe-thumb rpwe-default-thumb\" src=\"http:\/\/placehold.it\/45x45\/f0f0f0\/ccc\" alt=\"Merklin T\u00edmea\" width=\"120\" height=\"180\"><\/a><h3 class=\"rpwe-title\"><a href=\"https:\/\/www.vasmegye.hu\/en\/vasi-ki-kicsoda\/merklin-timea\/\" target=\"_self\">Merklin T\u00edmea<\/a><\/h3><time class=\"rpwe-time published\" datetime=\"2020-01-17T11:12:46+02:00\">2020. January 17.<\/time><div class=\"rpwe-summary\">Elk\u00f6telezett a magyar kult\u00fara \u00e9rt\u00e9kei, azok k\u00f6zvet\u00edt\u00e9se ir\u00e1nt, a sz\u00edv\u00fcgye Vas megye, arra t\u00f6rekszik, hogy \u00e9rt\u00e9keket keressen \u00e9s mutasson meg. &hellip;<a href=\"https:\/\/www.vasmegye.hu\/en\/vasi-ki-kicsoda\/merklin-timea\/\" class=\"more-link\">B\u0151vebben \u00bb<\/a><\/div><\/li><li class=\"rpwe-li rpwe-clearfix\"><a class=\"rpwe-img\" href=\"https:\/\/www.vasmegye.hu\/en\/vasi-ki-kicsoda\/ekler-luca\/\" rel=\"bookmark\"><img loading=\"lazy\" decoding=\"async\" class=\"rpwe-alignleft rpwe-thumb rpwe-default-thumb\" src=\"http:\/\/placehold.it\/45x45\/f0f0f0\/ccc\" alt=\"Ekler Luca\" width=\"120\" height=\"180\"><\/a><h3 class=\"rpwe-title\"><a href=\"https:\/\/www.vasmegye.hu\/en\/vasi-ki-kicsoda\/ekler-luca\/\" target=\"_self\">Ekler Luca<\/a><\/h3><time class=\"rpwe-time published\" datetime=\"2020-01-17T10:49:38+02:00\">2020. January 17.<\/time><div class=\"rpwe-summary\">&#8216;2011-ben, m\u00e1ig nem tudj\u00e1k mit\u0151l, leb\u00e9nult az eg\u00e9sz bal oldala, eleinte tol\u00f3sz\u00e9kbe k\u00e9nyszer\u00fclt, azt\u00e1n folyamatos fizioter\u00e1pi\u00e1val \u00e9s gy\u00f3gytorn\u00e1val visszaj\u00f6tt szinte &hellip;<a href=\"https:\/\/www.vasmegye.hu\/en\/vasi-ki-kicsoda\/ekler-luca\/\" class=\"more-link\">B\u0151vebben \u00bb<\/a><\/div><\/li><li class=\"rpwe-li rpwe-clearfix\"><a class=\"rpwe-img\" href=\"https:\/\/www.vasmegye.hu\/en\/vasi-ki-kicsoda\/patyi-elemer\/\" rel=\"bookmark\"><img loading=\"lazy\" decoding=\"async\" class=\"rpwe-alignleft rpwe-thumb rpwe-default-thumb\" src=\"http:\/\/placehold.it\/45x45\/f0f0f0\/ccc\" alt=\"Patyi Elem\u00e9r\" width=\"120\" height=\"180\"><\/a><h3 class=\"rpwe-title\"><a href=\"https:\/\/www.vasmegye.hu\/en\/vasi-ki-kicsoda\/patyi-elemer\/\" target=\"_self\">Patyi Elem\u00e9r<\/a><\/h3><time class=\"rpwe-time published\" datetime=\"2018-09-03T12:16:52+02:00\">2018. September 03.<\/time><div class=\"rpwe-summary\">S\u00e1rv\u00e1ron \u00e9retts\u00e9gizett, kert\u00e9sz szakmunk\u00e1s, majd m\u0171szaki rajzol\u00f3 v\u00e9gzetts\u00e9get szerzett \u00e9s fels\u0151fok\u00fa politikai iskol\u00e1t v\u00e9gzett. K\u00e9s\u0151bb vend\u00e9gl\u00e1t\u00f3 \u00fczletvezet\u0151i k\u00e9pes\u00edt\u00e9st szerzett marketing &hellip;<a href=\"https:\/\/www.vasmegye.hu\/en\/vasi-ki-kicsoda\/patyi-elemer\/\" class=\"more-link\">B\u0151vebben \u00bb<\/a><\/div><\/li><li class=\"rpwe-li rpwe-clearfix\"><a class=\"rpwe-img\" href=\"https:\/\/www.vasmegye.hu\/en\/vasi-ki-kicsoda\/dankovics-erzsebet\/\" rel=\"bookmark\"><img loading=\"lazy\" decoding=\"async\" class=\"rpwe-alignleft rpwe-thumb rpwe-default-thumb\" src=\"http:\/\/placehold.it\/45x45\/f0f0f0\/ccc\" alt=\"Dankovics Erzs\u00e9bet\" width=\"120\" height=\"180\"><\/a><h3 class=\"rpwe-title\"><a href=\"https:\/\/www.vasmegye.hu\/en\/vasi-ki-kicsoda\/dankovics-erzsebet\/\" target=\"_self\">Dankovics Erzs\u00e9bet<\/a><\/h3><time class=\"rpwe-time published\" datetime=\"2018-09-03T12:16:28+02:00\">2018. September 03.<\/time><div class=\"rpwe-summary\">P\u00e9csett tanult, majd Budapesten szerzett \u00e9p\u00edt\u0151m\u00e9rn\u00f6ki diplom\u00e1t. Szakm\u00e1ja pontos meghat\u00e1roz\u00e1sa: \u00e9p\u00edt\u00e9sz \u00e9s tart\u00f3szerkezeti vezet\u0151 tervez\u0151. Nev\u00e9hez f\u0171z\u0151dik t\u00f6bb ismert, Szombathelyen &hellip;<a href=\"https:\/\/www.vasmegye.hu\/en\/vasi-ki-kicsoda\/dankovics-erzsebet\/\" class=\"more-link\">B\u0151vebben \u00bb<\/a><\/div><\/li><li class=\"rpwe-li rpwe-clearfix\"><a class=\"rpwe-img\" href=\"https:\/\/www.vasmegye.hu\/en\/vasi-ki-kicsoda\/mayer-ferenc\/\" rel=\"bookmark\"><img loading=\"lazy\" decoding=\"async\" class=\"rpwe-alignleft rpwe-thumb rpwe-default-thumb\" src=\"http:\/\/placehold.it\/45x45\/f0f0f0\/ccc\" alt=\"Mayer Ferenc\" width=\"120\" height=\"180\"><\/a><h3 class=\"rpwe-title\"><a href=\"https:\/\/www.vasmegye.hu\/en\/vasi-ki-kicsoda\/mayer-ferenc\/\" target=\"_self\">Mayer Ferenc<\/a><\/h3><time class=\"rpwe-time published\" datetime=\"2018-09-03T12:15:49+02:00\">2018. September 03.<\/time><div class=\"rpwe-summary\">Legnagyobb szakmai feladat\u00e1nak megval\u00f3s\u00edt\u00e1s\u00e1hoz ker\u00fclt k\u00f6zel: a szlov\u00e9n-magyar vas\u00fat els\u0151 \u00fcteme hamarosan elk\u00e9sz\u00fcl. 1980-ban kezdett foglalkozni ezzel a programmal, 1997 &hellip;<a href=\"https:\/\/www.vasmegye.hu\/en\/vasi-ki-kicsoda\/mayer-ferenc\/\" class=\"more-link\">B\u0151vebben \u00bb<\/a><\/div><\/li><li class=\"rpwe-li rpwe-clearfix\"><a class=\"rpwe-img\" href=\"https:\/\/www.vasmegye.hu\/en\/vasi-ki-kicsoda\/dr-nemeth-istvan\/\" rel=\"bookmark\"><img loading=\"lazy\" decoding=\"async\" class=\"rpwe-alignleft rpwe-thumb rpwe-default-thumb\" src=\"http:\/\/placehold.it\/45x45\/f0f0f0\/ccc\" alt=\"dr. N\u00e9meth Istv\u00e1n\" width=\"120\" height=\"180\"><\/a><h3 class=\"rpwe-title\"><a href=\"https:\/\/www.vasmegye.hu\/en\/vasi-ki-kicsoda\/dr-nemeth-istvan\/\" target=\"_self\">dr. N\u00e9meth Istv\u00e1n<\/a><\/h3><time class=\"rpwe-time published\" datetime=\"2018-09-03T12:14:53+02:00\">2018. September 03.<\/time><div class=\"rpwe-summary\">A Budapesti M\u0171szaki Egyetem elv\u00e9gz\u00e9s\u00e9t k\u00f6vet\u0151en (1971-ig) m\u00e9rn\u00f6k-tan\u00e1rk\u00e9nt helyezkedett el, majd a M\u00c9LY\u00c9PTERV Nyugat-dun\u00e1nt\u00fali K\u00f6zm\u0171tervez\u0151 Oszt\u00e1lya helyettes vezet\u0151je. 1976-ban t\u00e1jrendez\u0151 &hellip;<a href=\"https:\/\/www.vasmegye.hu\/en\/vasi-ki-kicsoda\/dr-nemeth-istvan\/\" class=\"more-link\">B\u0151vebben \u00bb<\/a><\/div><\/li><li class=\"rpwe-li rpwe-clearfix\"><a class=\"rpwe-img\" href=\"https:\/\/www.vasmegye.hu\/en\/vasi-ki-kicsoda\/kislegi-nagy-adam\/\" rel=\"bookmark\"><img loading=\"lazy\" decoding=\"async\" class=\"rpwe-alignleft rpwe-thumb rpwe-default-thumb\" src=\"http:\/\/placehold.it\/45x45\/f0f0f0\/ccc\" alt=\"Kisl\u00e9gi Nagy \u00c1d\u00e1m\" width=\"120\" height=\"180\"><\/a><h3 class=\"rpwe-title\"><a href=\"https:\/\/www.vasmegye.hu\/en\/vasi-ki-kicsoda\/kislegi-nagy-adam\/\" target=\"_self\">Kisl\u00e9gi Nagy \u00c1d\u00e1m<\/a><\/h3><time class=\"rpwe-time published\" datetime=\"2018-09-03T12:14:26+02:00\">2018. September 03.<\/time><div class=\"rpwe-summary\">Magyar K\u00e9pz\u0151m\u0171v\u00e9szeti F\u0151iskol fest\u0151 szak\u00e1n v\u00e9gzett 1985-ben, mestere: Sv\u00e1by Lajos. 1980: Domanovszky-d\u00edj; 1985: Kort\u00e1rs M\u0171v\u00e9szeti F\u00f3rum n\u00edv\u00f3d\u00edja; 1987: Herman Lip\u00f3t-d\u00edj, &hellip;<a href=\"https:\/\/www.vasmegye.hu\/en\/vasi-ki-kicsoda\/kislegi-nagy-adam\/\" class=\"more-link\">B\u0151vebben \u00bb<\/a><\/div><\/li><li class=\"rpwe-li rpwe-clearfix\"><a class=\"rpwe-img\" href=\"https:\/\/www.vasmegye.hu\/en\/vasi-ki-kicsoda\/puskas-tivadar\/\" rel=\"bookmark\"><img loading=\"lazy\" decoding=\"async\" class=\"rpwe-alignleft rpwe-thumb rpwe-default-thumb\" src=\"http:\/\/placehold.it\/45x45\/f0f0f0\/ccc\" alt=\"Dr. Pusk\u00e1s Tivadar\" width=\"120\" height=\"180\"><\/a><h3 class=\"rpwe-title\"><a href=\"https:\/\/www.vasmegye.hu\/en\/vasi-ki-kicsoda\/puskas-tivadar\/\" target=\"_self\">Dr. Pusk\u00e1s Tivadar<\/a><\/h3><time class=\"rpwe-time published\" datetime=\"2018-09-03T12:13:42+02:00\">2018. September 03.<\/time><div class=\"rpwe-summary\">1952. augusztus 16-\u00e1n Veszpr\u00e9mben pedag\u00f3gus csal\u00e1dban sz\u00fcletett. N\u0151s, feles\u00e9ge h\u00e1ziorvos, szakfel\u00fcgyel\u0151 f\u0151orvos.\u00a0\u00a0Tatab\u00e1ny\u00e1n az \u00c1rp\u00e1d Gimn\u00e1zium francia tagozatos oszt\u00e1ly\u00e1ban \u00e9retts\u00e9gizett. 1977-ben &hellip;<a href=\"https:\/\/www.vasmegye.hu\/en\/vasi-ki-kicsoda\/puskas-tivadar\/\" class=\"more-link\">B\u0151vebben \u00bb<\/a><\/div><\/li><li class=\"rpwe-li rpwe-clearfix\"><a class=\"rpwe-img\" href=\"https:\/\/www.vasmegye.hu\/en\/vasi-ki-kicsoda\/garas-kalman\/\" rel=\"bookmark\"><img loading=\"lazy\" decoding=\"async\" class=\"rpwe-alignleft rpwe-thumb rpwe-default-thumb\" src=\"http:\/\/placehold.it\/45x45\/f0f0f0\/ccc\" alt=\"Garas K\u00e1lm\u00e1n\" width=\"120\" height=\"180\"><\/a><h3 class=\"rpwe-title\"><a href=\"https:\/\/www.vasmegye.hu\/en\/vasi-ki-kicsoda\/garas-kalman\/\" target=\"_self\">Garas K\u00e1lm\u00e1n<\/a><\/h3><time class=\"rpwe-time published\" datetime=\"2018-09-03T12:13:21+02:00\">2018. September 03.<\/time><div class=\"rpwe-summary\">Garas K\u00e1lm\u00e1n 1947-ben R\u00e9pcelakon sz\u00fcletett kov\u00e1csmester fiak\u00e9nt. A gimn\u00e1ziumban \u00e9rezte el\u0151sz\u00f6r a fot\u00f3z\u00e1s \u00e1ltal ny\u00fajtott szabads\u00e1g\u00e9rz\u00e9st, saj\u00e1t szavaival \u00e9lve, a &hellip;<a href=\"https:\/\/www.vasmegye.hu\/en\/vasi-ki-kicsoda\/garas-kalman\/\" class=\"more-link\">B\u0151vebben \u00bb<\/a><\/div><\/li><\/ul><\/div><!-- Generated by http:\/\/wordpress.org\/plugins\/recent-posts-widget-extended\/ --><\/div><\/div>\n\t\t<\/div>\n\t<\/div>\n<\/div><\/div><\/div><\/div>\n<\/section>","protected":false},"excerpt":{"rendered":"Garas K\u00e1lm\u00e1n 1947-ben R\u00e9pcelakon sz\u00fcletett kov\u00e1csmester fiak\u00e9nt. A gimn\u00e1ziumban \u00e9rezte el\u0151sz\u00f6r a fot\u00f3z\u00e1s \u00e1ltal ny\u00fajtott szabads\u00e1g\u00e9rz\u00e9st, saj\u00e1t szavaival \u00e9lve, a fot\u00f3z\u00e1s szabads\u00e1g\u00e1t: egyr\u00e9szt az\u00e9rt, mert az ember b\u00e1rmit \u2013 ami nincs tiltva- lef\u00e9nyk\u00e9pezhet a saj\u00e1t elgondol\u00e1sa szerint , m\u00e1sr\u00e9szt bizonyos k\u00f6t\u00f6tts\u00e9gekt\u0151l mentes.","protected":false},"author":1,"featured_media":0,"parent":455,"menu_order":112,"comment_status":"closed","ping_status":"closed","template":"","meta":{"_exactmetrics_skip_tracking":false,"_exactmetrics_sitenote_active":false,"_exactmetrics_sitenote_note":"","_exactmetrics_sitenote_category":0,"footnotes":""},"class_list":["post-524","page","type-page","status-publish","hentry","floatton-article"],"_links":{"self":[{"href":"https:\/\/www.vasmegye.hu\/en\/wp-json\/wp\/v2\/pages\/524","targetHints":{"allow":["GET"]}}],"collection":[{"href":"https:\/\/www.vasmegye.hu\/en\/wp-json\/wp\/v2\/pages"}],"about":[{"href":"https:\/\/www.vasmegye.hu\/en\/wp-json\/wp\/v2\/types\/page"}],"author":[{"embeddable":true,"href":"https:\/\/www.vasmegye.hu\/en\/wp-json\/wp\/v2\/users\/1"}],"replies":[{"embeddable":true,"href":"https:\/\/www.vasmegye.hu\/en\/wp-json\/wp\/v2\/comments?post=524"}],"version-history":[{"count":0,"href":"https:\/\/www.vasmegye.hu\/en\/wp-json\/wp\/v2\/pages\/524\/revisions"}],"up":[{"embeddable":true,"href":"https:\/\/www.vasmegye.hu\/en\/wp-json\/wp\/v2\/pages\/455"}],"wp:attachment":[{"href":"https:\/\/www.vasmegye.hu\/en\/wp-json\/wp\/v2\/media?parent=524"}],"curies":[{"name":"wp","href":"https:\/\/api.w.org\/{rel}","templated":true}]}}