{"id":518,"date":"2018-05-30T10:25:14","date_gmt":"2018-05-30T08:25:14","guid":{"rendered":"https:\/\/www.vasmegye.hu\/?page_id=518"},"modified":"2024-10-29T10:42:12","modified_gmt":"2024-10-29T08:42:12","slug":"szloven","status":"publish","type":"page","link":"https:\/\/www.vasmegye.hu\/en\/megye\/nemzetisegek\/szloven\/","title":{"rendered":"Szlov\u00e9n"},"content":{"rendered":"<section class=\"wpb-content-wrapper\"><div class=\"vc_row wpb_row vc_row-fluid\"><div class=\"wpb_column vc_column_container vc_col-sm-12\"><div class=\"vc_column-inner\"><div class=\"wpb_wrapper\"><div class=\"vc_tta-container\" data-vc-action=\"collapse\"><div class=\"vc_general vc_tta vc_tta-tabs vc_tta-color-grey vc_tta-style-classic vc_tta-shape-rounded vc_tta-spacing-1 vc_tta-tabs-position-top vc_tta-controls-align-left\"><div class=\"vc_tta-tabs-container\"><ul class=\"vc_tta-tabs-list\"><li class=\"vc_tta-tab vc_active\" data-vc-tab><a href=\"#1730191258066-8bf81d44-4eb0\" data-vc-tabs data-vc-container=\".vc_tta\"><span class=\"vc_tta-title-text\">Bemutatkoz\u00e1s<\/span><\/a><\/li><\/ul><\/div><div class=\"vc_tta-panels-container\"><div class=\"vc_tta-panels\"><div class=\"vc_tta-panel vc_active\" id=\"1730191258066-8bf81d44-4eb0\" data-vc-content=\".vc_tta-panel-body\"><div class=\"vc_tta-panel-heading\"><h4 class=\"vc_tta-panel-title\"><a href=\"#1730191258066-8bf81d44-4eb0\" data-vc-accordion data-vc-container=\".vc_tta-container\"><span class=\"vc_tta-title-text\">Bemutatkoz\u00e1s<\/span><\/a><\/h4><\/div><div class=\"vc_tta-panel-body\">\n\t<div class=\"wpb_text_column wpb_content_element\" >\n\t\t<div class=\"wpb_wrapper\">\n\t\t\t<p style=\"text-align: justify;\">A Vas megyei szlov\u00e9ns\u00e9g \u0151shonos nemzeti kisebbs\u00e9g a mai lak\u00f3hely\u00e9n. \u0150seik 550 k\u00f6r\u00fcl \u00e9rkeztek arra a ter\u00fcletre, ahol a szlov\u00e9n etnikum ma is \u00e9l Szlov\u00e9ni\u00e1ban \u00e9s a hat\u00e1rain \u00e1tny\u00fal\u00f3 ter\u00fcleteken. A szlov\u00e9nek megteleped\u00e9se a K\u00e1rp\u00e1t-medenc\u00e9ben teh\u00e1t megel\u0151zi a t\u00f6bbs\u00e9gi nemzet \u00e1llam\u00e1nak kialakul\u00e1s\u00e1t. Az \u00faj hat\u00e1rok a szlov\u00e9neket elszak\u00edtott\u00e1k etnikai t\u00f6mbj\u00fckt\u0151l, \u00edgy nagyobb r\u00e9sz\u00fck m\u00e1r az \u00c1rp\u00e1d-kor v\u00e9g\u00e9ig beolvadt a magyars\u00e1gba. A nyelv\u00fcket, etnikai \u00f6ntudatukat meg\u0151rz\u0151k magukat \u00e9s nyelv\u00fcket az\u00f3ta is szlov\u00e9nnek nevezik. A magyarokt\u00f3l a t\u00f3t, vendus-t\u00f3t, vend neveket kapt\u00e1k, melyeket a trianoni b\u00e9keszerz\u0151d\u00e9s (1920) el\u0151tt a szlov\u00e9n szinon\u00edm\u00e1jak\u00e9nt haszn\u00e1ltak, pejorativ \u00e9rtelmet ez ut\u00e1n kapott.<\/p>\n<p style=\"text-align: justify;\">A Szentgotth\u00e1rd k\u00f6rny\u00e9ki szlov\u00e9ns\u00e9g teh\u00e1t m\u00e1r a magyar \u00e1llam megalap\u00edt\u00e1s\u00e1t\u00f3l kisebbs\u00e9gi helyzetben van. A t\u00f6rt\u00e9nelem sor\u00e1n megk\u00fcl\u00f6nb\u00f6ztet\u00e9s n\u00e9lk\u00fcl osztozott a t\u00f6bbs\u00e9gi (magyar) \u00e9s a t\u00f6bbi etnikum sors\u00e1ban. A t\u00f6r\u00f6k\u00f6k a szentgotth\u00e1rdi csata idej\u00e9n elpuszt\u00edtott\u00e1k falvaikat. A term\u00e9ketlen ter\u00fclet t\u00faln\u00e9pesed\u00e9se, a ter\u00fclet ipari fejletlens\u00e9ge, valamint az \u00f6r\u00f6k\u00f6s\u00f6d\u00e9si jogszok\u00e1s k\u00f6vetkezt\u00e9ben m\u00e1r a 19. sz\u00e1zadt\u00f3l id\u00e9nymunk\u00e1ra k\u00e9nyszer\u00fcltek. Az id\u00e9nymunka volt meg\u00e9lhet\u00e9s\u00fck jelent\u0151s forr\u00e1sa az 1970-es \u00e9vekig. A meg\u00e9lhet\u00e9si neh\u00e9zs\u00e9gek miatt az 1900-as \u00e9vekt\u0151l sokan kiv\u00e1ndoroltak az Amerikai Egyes\u00fclt \u00c1llamokba, eur\u00f3pai orsz\u00e1gokba vagy Magyarorsz\u00e1g m\u00e1s vid\u00e9keire k\u00f6lt\u00f6ztek. Az els\u0151 vil\u00e1gh\u00e1bor\u00fa ut\u00e1n lehet\u0151s\u00e9g\u00fck lett volna az anyaorsz\u00e1ggal egyes\u00fclni, de a trianoni b\u00e9keszerz\u0151d\u00e9s a R\u00e1ba \u00e9s a Mura v\u00edzv\u00e1laszt\u00f3j\u00e1n\u00e1l h\u00fazta meg a hat\u00e1rt, s \u00edgy kilenc Szentgotth\u00e1rd k\u00f6rny\u00e9ki szlov\u00e9n k\u00f6zs\u00e9g lakoss\u00e1ga tov\u00e1bbra is Magyarorsz\u00e1gon maradt, kisebbs\u00e9gben.<\/p>\n<p style=\"text-align: justify;\"><img decoding=\"async\" class=\"alignleft\" src=\"https:\/\/www.vasmegye.hu\/webimages\/images\/megye\/szlovenek2.jpg\" alt=\"\" \/>A magyarorsz\u00e1gi szlov\u00e9nek t\u00f6bbs\u00e9ge Szentgotth\u00e1rdon, a hozz\u00e1 csatolt R\u00e1bat\u00f3tfaluban \u00e9s h\u00e9t k\u00f6rnyez\u0151 telep\u00fcl\u00e9sen &#8211; Fels\u0151sz\u00f6ln\u00f6k\u00f6n, Als\u00f3sz\u00f6ln\u00f6k\u00f6n, Szakonyfaluban, Ap\u00e1tistv\u00e1nfalv\u00e1n, K\u00e9tv\u00f6lgy\u00f6n \u00e9s Orfaluban &#8211; \u00e9l. A k\u00f6rny\u00e9k szlov\u00e9n szellemi k\u00f6zpontja Szentgotth\u00e1rd. A t\u00f6mb\u00f6n k\u00edv\u00fcl es\u0151 szlov\u00e9n sz\u00f3rv\u00e1ny tal\u00e1lhat\u00f3 m\u00e9g Szombathelyen, Mosonmagyar\u00f3v\u00e1rott \u00e9s Budapesten.<\/p>\n<p style=\"text-align: justify;\">A szlov\u00e9n kisebbs\u00e9g Vas megye lakoss\u00e1g\u00e1nak 0,9 sz\u00e1zal\u00e9ka. Az \u0151shonos nemzetis\u00e9gek k\u00f6z\u00fcl a legkisebb l\u00e9tsz\u00e1m\u00fa n\u00e9pcsoport, enn\u00e9lfogva mark\u00e1ns glob\u00e1lis gazdas\u00e1gi vagy t\u00e1rsadalmi befoly\u00e1st nem gyakorolhat. Region\u00e1lis s\u00falya azonban, a r\u00e9gi\u00f3k\u00e9pz\u00e9s intenz\u00edvebb\u00e9 v\u00e1l\u00e1s\u00e1val egy id\u0151ben, napjainkra potenci\u00e1lisan jelent\u0151ss\u00e9 v\u00e1lt. A megye sz\u00e1m\u00e1ra a szlov\u00e9n kisebbs\u00e9g szerepe a szomsz\u00e9dos Szlov\u00e9ni\u00e1val val\u00f3 kapcsolattart\u00e1s szempontj\u00e1b\u00f3l jelent\u0151s.<\/p>\n<p style=\"text-align: justify;\">A szlov\u00e9n n\u00e9pess\u00e9g sz\u00e1ma a h\u00e9t Szentgotth\u00e1rd k\u00f6rny\u00e9ki szlov\u00e9n faluban 1990-ig cs\u00f6kkent, t\u00f6bb volt a hal\u00e1loz\u00e1s, mint a sz\u00fclet\u00e9s, \u00e9s az el\u00f6reged\u00e9s, elv\u00e1ndorl\u00e1s volt a jellemz\u0151. A rendszerv\u00e1lt\u00e1s ut\u00e1n pozit\u00edv v\u00e1ltoz\u00e1s figyelhet\u0151 meg. A lakoss\u00e1g sz\u00e1ma stagn\u00e1l. A fiatalok elv\u00e1ndorl\u00e1sa megsz\u0171nt. A n\u00e9psz\u00e1ml\u00e1l\u00e1si adatokat a kisebbs\u00e9gi \u00e9rdekk\u00e9pviseleti szervek becs\u00fclt adatai eg\u00e9sz\u00edtik ki. A magyarorsz\u00e1gi szlov\u00e9nek l\u00e9leksz\u00e1ma e szerint 5000 f\u0151 k\u00f6r\u00fcli.<\/p>\n<p style=\"text-align: justify;\"><img decoding=\"async\" class=\"alignright\" src=\"https:\/\/www.vasmegye.hu\/webimages\/images\/megye\/szlovenek4.jpg\" alt=\"\" \/>A szlov\u00e9ns\u00e9g lak\u00f3ter\u00fclete apr\u00f3falvas, kedvez\u0151tlen birtokszerkezet\u0171, gyenge talaj\u00fa, hi\u00e1nyos infrastrukt\u00far\u00e1j\u00fa ter\u00fclet. Egyik szlov\u00e9n falu lakoss\u00e1ga sem haladja meg az 1000 f\u0151t. Vas\u00fati \u00f6sszek\u00f6ttet\u00e9se Szentgotth\u00e1rdnak van, az aut\u00f3busz k\u00f6zleked\u00e9s gy\u00e9r. A gazdas\u00e1g adotts\u00e1gai Vas megy\u00e9ben itt a leggyeng\u00e9bbek. A keres\u0151k\u00e9pes lakoss\u00e1g 80-90 sz\u00e1zal\u00e9ka ing\u00e1zik szentgotth\u00e1rdi \u00fczemekbe, helyben 20-50 f\u0151 tal\u00e1l munk\u00e1t int\u00e9zm\u00e9nyekben, szolg\u00e1ltat\u00e1sban.<\/p>\n<p style=\"text-align: justify;\">A Szentgotth\u00e1rd k\u00f6rny\u00e9ki szlov\u00e9n falvak mind az orsz\u00e1g egy\u00e9b r\u00e9szeihez, mind Vas megye eg\u00e9sz\u00e9hez viszony\u00edtva h\u00e1tr\u00e1nyos gazdas\u00e1gi helyzet\u0171ek, amelyeket a korm\u00e1ny sok\u00e1ig politikai okokb\u00f3l nem fejlesztett, az eg\u00e9szs\u00e9ges kommunik\u00e1ci\u00f3s kapcsolatokt\u00f3l (hat\u00e1r\u00e1tkel\u00e9s, vas\u00fati \u00f6sszek\u00f6ttet\u00e9s) pedig mesters\u00e9gesen elz\u00e1rt. A mostoha gazdas\u00e1gi helyzetb\u0151l pedig \u00e9ppen az \u00e9l\u00e9nk kapcsolatteremt\u00e9s seg\u00edthetn\u00e9 ki, tekintve, hogy ritka \u00e9rt\u00e9k\u0171 term\u00e9szetv\u00e9delmi ter\u00fcleten fekszik, k\u00f6zel van a fejlett Burgenland \u00e9s Szlov\u00e9nia.<\/p>\n<p style=\"text-align: justify;\"><img decoding=\"async\" class=\"alignleft\" src=\"https:\/\/www.vasmegye.hu\/webimages\/images\/megye\/szlovenek3.jpg\" alt=\"\" \/>A foglalkoz\u00e1si \u00f6sszet\u00e9telb\u0151l k\u00f6vetkez\u0151en a szlov\u00e9nek nagy t\u00f6bbs\u00e9ge b\u00e9rb\u0151l \u00e9l. A mez\u0151gazdas\u00e1got, \u00e1llattart\u00e1st f\u0151leg a saj\u00e1t ig\u00e9nyek kiel\u00e9g\u00edt\u00e9s\u00e9re m\u0171velik. A szlov\u00e9n gazd\u00e1lkod\u00f3k nagyobb r\u00e9sze saj\u00e1t tulajdon\u00fa f\u00f6ld\u00f6n gazd\u00e1lkodik. Tulajdonviszonyaik \u00e9s j\u00f6vedelm\u00fck megfelelnek a hasonl\u00f3 strukt\u00far\u00e1j\u00fa falvak \u00e1tlag\u00e1nak. Szentgotth\u00e1rd ipari strukt\u00farav\u00e1lt\u00e1sa miatt azonban megn\u0151tt a szlov\u00e9n munkan\u00e9lk\u00fcliek sz\u00e1ma is.<\/p>\n<p style=\"text-align: justify;\">Meg\u00e9lhet\u00e9st ad\u00f3 \u00f6n\u00e1ll\u00f3 gazdas\u00e1gi l\u00e9tes\u00edtm\u00e9nyei a szlov\u00e9ns\u00e9gnek nincsenek. Az erd\u00e9szethez \u00e9s a fafeldolgoz\u00e1shoz kapcsol\u00f3dik az ap\u00e1tistv\u00e1nfalvi f\u0171r\u00e9sztelep. \u00dajdons\u00e1gk\u00e9nt jelent meg az anyaorsz\u00e1gi seg\u00edts\u00e9ggel beind\u00edtott gy\u00fcm\u00f6lcstermeszt\u00e9s, almaf\u00e1k telep\u00edt\u00e9se, a term\u00e9s aszal\u00e1sa. Elmozdul\u00e1st a turisztikai beruh\u00e1z\u00e1sok hozhatnak, ami a h\u00e1rom hat\u00e1ron \u00e1tny\u00fal\u00f3 \u0150rs\u00e9g &#8211; Raab &#8211; Gori\u010dk\u00f3 Naturpark fejleszt\u00e9s\u00e9b\u0151l ad\u00f3dhat.<\/p>\n<p style=\"text-align: justify;\">A szentgotth\u00e1rdi ipari parkban m\u0171k\u00f6d\u0151 k\u00fclf\u00f6ldi \u00e9rdekelts\u00e9g\u0171 \u00fczemek sok R\u00e1ba-vid\u00e9ki kvalifik\u00e1lt szlov\u00e9nnek adnak munk\u00e1t. Az Ausztri\u00e1val \u00e9s a Szlov\u00e9ni\u00e1val val\u00f3 gazdas\u00e1gi kapcsolatok region\u00e1lis szinten kezdenek \u00e9ledni.<\/p>\n<p style=\"text-align: justify;\">Magyarorsz\u00e1gon \u00e9rdekeiket a Magyarorsz\u00e1gi Szlov\u00e9nek Sz\u00f6vets\u00e9ge, az 1994-ben megv\u00e1lasztott Orsz\u00e1gos Szlov\u00e9n \u00d6nkorm\u00e1nyzat \u00e9s az 1994-ben, majd 1998-ban megv\u00e1lasztott t\u00edz szlov\u00e9n kisebbs\u00e9gi \u00f6nkorm\u00e1nyzat k\u00e9pviseli (ut\u00f3bbiak Fels\u0151sz\u00f6ln\u00f6k\u00f6n, Als\u00f3sz\u00f6ln\u00f6k\u00f6n, Szakonyfaluban, R\u00e1bat\u00f3tfaluban, Ap\u00e1tistv\u00e1nfalv\u00e1n, K\u00e9tv\u00f6lgy\u00f6n, Orfaluban, Szombathelyen, Mosonmagyar\u00f3v\u00e1rott \u00e9s Budapest XVIII. ker\u00fclet\u00e9ben m\u0171k\u00f6dnek). A Vas Megyei K\u00f6zgy\u0171l\u00e9s Kisebbs\u00e9gi \u00e9s K\u00fcl\u00fcgyi Bizotts\u00e1g\u00e1ban a t\u00f6bbi h\u00e1rom kisebbs\u00e9g mellett a szlov\u00e9n is k\u00e9pviselteti mag\u00e1t. A szlov\u00e9n kisebbs\u00e9gi vezet\u0151kre nem jellemz\u0151 a p\u00e1rtokhoz val\u00f3 k\u00f6t\u0151d\u00e9s.<\/p>\n<p style=\"text-align: justify;\">A f\u0151v\u00e1rosban t\u00edz \u00e9ve m\u0171k\u00f6dik a Szlov\u00e9n Egyes\u00fclet, Szombathelyen k\u00e9t \u00e9ve a P\u00e1vel \u00c1goston Szlov\u00e9n Kultur\u00e1lis Egyes\u00fclet.<\/p>\n<p style=\"text-align: justify;\">A Magyarorsz\u00e1gi Szlov\u00e9nek Sz\u00f6vets\u00e9ge, a fels\u0151sz\u00f6ln\u00f6ki sz\u00e9khellyel m\u0171k\u00f6d\u0151 Orsz\u00e1gos Szlov\u00e9n \u00d6nkorm\u00e1nyzat \u00e9s a telep\u00fcl\u00e9si szlov\u00e9n kisebbs\u00e9gi \u00f6nkorm\u00e1nyzatok k\u00f6zvetlen\u00fcl tartanak kapcsolatot az anyaorsz\u00e1gi civil szervezetekkel, a szentgotth\u00e1rdi f\u0151konzul\u00e1tussal \u00e9s a budapesti szlov\u00e9n nagyk\u00f6vets\u00e9ggel.<\/p>\n<p style=\"text-align: justify;\">A szlov\u00e9nekn\u00e9l is a csal\u00e1d mellett az egyh\u00e1z j\u00e1tszotta a t\u00f6rt\u00e9nelem folyam\u00e1n a legnagyobb szerepet az anyanyelv \u00e1pol\u00e1s\u00e1ban.<\/p>\n<p style=\"text-align: justify;\">Hat \u00f3vod\u00e1ban (Ap\u00e1tistv\u00e1nfalva, Als\u00f3sz\u00f6ln\u00f6k, Fels\u0151sz\u00f6ln\u00f6k, Szakonyfalu, R\u00e1bat\u00f3tfalu, Szentgotth\u00e1rd) folyik szlov\u00e9n nyelv\u0171 el\u0151k\u00e9pz\u00e9s. Fels\u0151sz\u00f6ln\u00f6k\u00f6n b\u0151v\u00edtett nyelvoktat\u00f3, a t\u00f6bbi telep\u00fcl\u00e9sen nyelvoktat\u00f3 t\u00edpus\u00fa szlov\u00e9n nyelvi k\u00e9pz\u00e9s folyik az \u00e1ltal\u00e1nos iskol\u00e1kban. K\u00f6z\u00e9piskolai szlov\u00e9n nyelvtanul\u00e1sra a szentgotth\u00e1rdi V\u00f6r\u00f6smarty Gimn\u00e1ziumban van lehet\u0151s\u00e9g. A pedag\u00f3gus ut\u00e1np\u00f3tl\u00e1st a szombathelyi f\u0151iskola Szl\u00e1v Filol\u00f3giai Tansz\u00e9ke biztos\u00edtja, ahol szlov\u00e9niai lektor is m\u0171k\u00f6dik<\/p>\n<p style=\"text-align: justify;\">Mindegyik telep\u00fcl\u00e9sen m\u0171k\u00f6dnek kultur\u00e1lis csoportok: a fels\u0151sz\u00f6ln\u00f6ki b\u00e1bcsoport, t\u00e1nccsoport \u00e9s vegyeskar, a r\u00e1bat\u00f3tfalui asszonykvartett, Korpics L\u00e1szl\u00f3 \u00e9s zenekara, az ap\u00e1tistv\u00e1nfalvi \u00e9s a szentgotth\u00e1rdi asszonyk\u00f3rus, a szentgotth\u00e1rdi Nindrik-indrik sz\u00ednj\u00e1t\u00f3sz\u00f3csoport.<\/p>\n<p style=\"text-align: justify;\">Minden szlov\u00e9neklakta faluban van k\u00f6nyvt\u00e1r. 2000. \u0151sze \u00f3ta a Muraszombati Ter\u00fcleti K\u00f6nyvt\u00e1r bibliobusza h\u00e1romhetenk\u00e9nt \u00e1tj\u00e1r Fels\u0151sz\u00f6ln\u00f6kre, Szentgotth\u00e1rdra \u00e9s Ap\u00e1tistv\u00e1nfalv\u00e1ra.<\/p>\n<p style=\"text-align: justify;\">Szentgotth\u00e1rdon szerkesztik &#8211; helyi nyelvj\u00e1r\u00e1sban \u00e9s irodalmi nyelven &#8211; a k\u00e9thetente megjelen\u0151 Porabje c\u00edm\u0171 lapot, amelynek kiad\u00f3ja a Magyarorsz\u00e1gi Szlov\u00e9nek Sz\u00f6vets\u00e9ge. A Sz\u00f6vets\u00e9g \u00e9s az Orsz\u00e1gos Szlov\u00e9n \u00d6nkorm\u00e1nyzat \u00f6sszefog\u00e1s\u00e1val 2000. j\u00fanius 23. \u00f3ta heti 8 \u00f3r\u00e1ban sug\u00e1roz helyi frekvenci\u00e1n a szentgotth\u00e1rdi szlov\u00e9n r\u00e1di\u00f3, a Radio Mono\u0161ter.<\/p>\n<p style=\"text-align: justify;\">A r\u00e1di\u00f3 a magja az 1998-ban meg\u00e9p\u00fclt Szlov\u00e9n Kultur\u00e1lis \u00e9s Inform\u00e1ci\u00f3s K\u00f6zpontnak. Ugyanabban az \u00e9vben ny\u00edlt meg a Szlov\u00e9n K\u00f6zt\u00e1rsas\u00e1g F\u0151konzul\u00e1tusa is Szentgotth\u00e1rdon.<\/p>\n<p style=\"text-align: justify;\">A szlov\u00e9n kisebbs\u00e9g kapcsolata az anyaorsz\u00e1ggal \u00e9rdekk\u00e9pviseleti szerveiken, kultur\u00e1lis csoportjaikon kereszt\u00fcl \u00e9s egy\u00e9ni rokoni, bar\u00e1ti kapcsolatok r\u00e9v\u00e9n rendk\u00edv\u00fcl sokoldal\u00fa. Az emberi \u00e9s kultur\u00e1lis kapcsolatokon t\u00fal gazdas\u00e1gi kapcsolatokra is sz\u00fcks\u00e9g lenne. A t\u00f6bbs\u00e9g szorgalmazhatn\u00e1 \u00e9s t\u00e1mogathatn\u00e1 magyar-szlov\u00e9n k\u00f6z\u00f6s v\u00e1llalkoz\u00e1sok beindul\u00e1s\u00e1t a Szentgotth\u00e1rd k\u00f6rny\u00e9ki szlov\u00e9n falvakban. A munkaer\u0151 helyi foglalkoztat\u00e1s\u00e1val, a munkahelyen a szlov\u00e9n nyelv haszn\u00e1lat\u00e1nak a lehet\u0151s\u00e9g\u00e9vel a Vas megyei szlov\u00e9nek identit\u00e1studata is er\u0151s\u00f6dne, asszimil\u00e1l\u00f3d\u00e1suk lelassulna.<\/p>\n<h3>Tov\u00e1bbi inform\u00e1ci\u00f3k <a title=\"Orsz\u00e1gos Szlov\u00e9n \u00d6nkorm\u00e1nyzat honlapja\" href=\"http:\/\/www.slovenci.hu\/index.php\" target=\"_blank\" rel=\"noopener\">itt<\/a> tal\u00e1lhat\u00f3ak.<\/h3>\n\n\t\t<\/div>\n\t<\/div>\n<\/div><\/div><\/div><\/div><\/div><\/div><\/div><\/div><\/div><\/div>\n<\/section>","protected":false},"excerpt":{"rendered":"Bemutatkoz\u00e1sBemutatkoz\u00e1s A Vas megyei szlov\u00e9ns\u00e9g \u0151shonos nemzeti kisebbs\u00e9g a mai lak\u00f3hely\u00e9n. \u0150seik 550 k\u00f6r\u00fcl \u00e9rkeztek arra a ter\u00fcletre, ahol a szlov\u00e9n etnikum ma is \u00e9l Szlov\u00e9ni\u00e1ban \u00e9s a hat\u00e1rain \u00e1tny\u00fal\u00f3 ter\u00fcleteken. A szlov\u00e9nek megteleped\u00e9se a K\u00e1rp\u00e1t-medenc\u00e9ben teh\u00e1t megel\u0151zi a t\u00f6bbs\u00e9gi nemzet \u00e1llam\u00e1nak kialakul\u00e1s\u00e1t. Az \u00faj hat\u00e1rok a szlov\u00e9neket elszak\u00edtott\u00e1k etnikai t\u00f6mbj\u00fckt\u0151l, \u00edgy nagyobb r\u00e9sz\u00fck m\u00e1r [...]","protected":false},"author":1,"featured_media":0,"parent":502,"menu_order":108,"comment_status":"closed","ping_status":"closed","template":"","meta":{"_exactmetrics_skip_tracking":false,"_exactmetrics_sitenote_active":false,"_exactmetrics_sitenote_note":"","_exactmetrics_sitenote_category":0,"footnotes":""},"class_list":["post-518","page","type-page","status-publish","hentry","floatton-article"],"_links":{"self":[{"href":"https:\/\/www.vasmegye.hu\/en\/wp-json\/wp\/v2\/pages\/518","targetHints":{"allow":["GET"]}}],"collection":[{"href":"https:\/\/www.vasmegye.hu\/en\/wp-json\/wp\/v2\/pages"}],"about":[{"href":"https:\/\/www.vasmegye.hu\/en\/wp-json\/wp\/v2\/types\/page"}],"author":[{"embeddable":true,"href":"https:\/\/www.vasmegye.hu\/en\/wp-json\/wp\/v2\/users\/1"}],"replies":[{"embeddable":true,"href":"https:\/\/www.vasmegye.hu\/en\/wp-json\/wp\/v2\/comments?post=518"}],"version-history":[{"count":1,"href":"https:\/\/www.vasmegye.hu\/en\/wp-json\/wp\/v2\/pages\/518\/revisions"}],"predecessor-version":[{"id":22731,"href":"https:\/\/www.vasmegye.hu\/en\/wp-json\/wp\/v2\/pages\/518\/revisions\/22731"}],"up":[{"embeddable":true,"href":"https:\/\/www.vasmegye.hu\/en\/wp-json\/wp\/v2\/pages\/502"}],"wp:attachment":[{"href":"https:\/\/www.vasmegye.hu\/en\/wp-json\/wp\/v2\/media?parent=518"}],"curies":[{"name":"wp","href":"https:\/\/api.w.org\/{rel}","templated":true}]}}