{"id":498,"date":"2018-05-30T10:05:31","date_gmt":"2018-05-30T08:05:31","guid":{"rendered":"https:\/\/www.vasmegye.hu\/?page_id=498"},"modified":"2018-07-31T11:05:17","modified_gmt":"2018-07-31T09:05:17","slug":"foldrajz","status":"publish","type":"page","link":"https:\/\/www.vasmegye.hu\/en\/megye\/foldrajz\/","title":{"rendered":"F\u00f6ldrajz"},"content":{"rendered":"<p style=\"text-align: justify;\"><strong><img loading=\"lazy\" decoding=\"async\" class=\"alignright wp-image-4765 size-full\" src=\"https:\/\/www.vasmegye.hu\/wp-content\/uploads\/2018\/07\/250px-HU_county_Vas.svg.png\" alt=\"\" width=\"250\" height=\"177\" \/>Vas megye\u00a0<\/strong>az orsz\u00e1g nyugati r\u00e9sz\u00e9n, a Nyugat-Dun\u00e1nt\u00falon helyezkedik el. Ter\u00fclete 3337 n\u00e9gyzetkilom\u00e9ter, ezzel Kom\u00e1rom-Esztergom \u00e9s N\u00f3gr\u00e1d megye ut\u00e1n az orsz\u00e1g legkisebb megy\u00e9je. Vas megye az \u00c9. sz. 46,44\u2019-47,28\u2019 \u00e9s a K.h. 16,05\u2019-17,18\u2019 k\u00f6z\u00f6tt fekszik, itt tal\u00e1lhat\u00f3 Magyarorsz\u00e1g legnyugatibb pontja, Fels\u0151sz\u00f6ln\u00f6k. A megyesz\u00e9khely Budapestt\u0151l 240, B\u00e9cst\u0151l, Pozsonyt\u00f3l \u00e9s Z\u00e1gr\u00e1bt\u00f3l 150-150, Ljubljan\u00e1t\u00f3l 180, m\u00edg Grazt\u00f3l 130 km t\u00e1vols\u00e1gra van. Hat\u00e1ros nyugaton Ausztri\u00e1val (Burgenland), d\u00e9lnyugaton Szlov\u00e9ni\u00e1val, d\u00e9len Zala, keleten Veszpr\u00e9m \u00e9s \u00e9szakon Gy\u0151r-Moson-Sopron megy\u00e9vel.<\/p>\n<p style=\"text-align: justify;\">A megye relat\u00edv f\u00f6ldrajzi helyzete a vasf\u00fcgg\u00f6ny lebont\u00e1sa, a gazdas\u00e1gi \u00e9s politikai rendszerv\u00e1lt\u00e1s \u00f3ta nagyon fel\u00e9rt\u00e9kel\u0151d\u00f6tt, s \u00edgy a megye egyre ink\u00e1bb a nyugat-pannon t\u00e1j, a Nyugat-Dun\u00e1nt\u00fal k\u00f6zpontjak\u00e9nt haz\u00e1nk egyik legfontosabb nyugati kapujak\u00e9nt jellemezhet\u0151. Kapcsolatai \u2013 melyek a t\u00f6bb \u00e9vsz\u00e1zados t\u00f6rt\u00e9nelmi trad\u00edci\u00f3k miatt sokoldal\u00faak \u00e9s m\u00e9lyek Ausztri\u00e1val \u00e9s Szlov\u00e9ni\u00e1val \u2013 napjainkban egyre intenz\u00edvebb\u00e9 v\u00e1lnak, k\u00fcl\u00f6n\u00f6sen Burgenland tartom\u00e1nnyal. Ezt legink\u00e1bb a hat\u00e1rokon \u00e1tny\u00fal\u00f3 gazdas\u00e1gi kapcsolatok, a k\u00f6lcs\u00f6n\u00f6s idegenforgalom, a kultur\u00e1lis \u00e9s civil kapcsolatok bizony\u00edtj\u00e1k. Ausztri\u00e1val t\u00f6bb k\u00f6z\u00fati \u00e9s egy vas\u00fati, Szlov\u00e9ni\u00e1val szint\u00e9n t\u00f6bb k\u00f6z\u00fati, valamint Baj\u00e1nseny\u00e9n\u00e9l vas\u00fati hat\u00e1r\u00e1tkel\u0151 k\u00f6ti \u00f6ssze. 1998 szeptember\u00e9ben Burgenland, Gy\u0151r-Moson-Sopron \u00e9s Vas megye l\u00e9trehozta a Nyugat-Pannon Eur\u00e9gi\u00f3t, melyhez k\u00e9s\u0151bb Zala megye csatlakozott.<\/p>\n<p style=\"text-align: justify;\"><img loading=\"lazy\" decoding=\"async\" class=\"size-medium wp-image-4788 alignleft\" src=\"https:\/\/www.vasmegye.hu\/wp-content\/uploads\/2018\/07\/103690_vaskeresztes-300x200.jpg\" alt=\"\" width=\"300\" height=\"200\" srcset=\"https:\/\/www.vasmegye.hu\/wp-content\/uploads\/2018\/07\/103690_vaskeresztes-300x200.jpg 300w, https:\/\/www.vasmegye.hu\/wp-content\/uploads\/2018\/07\/103690_vaskeresztes-768x512.jpg 768w, https:\/\/www.vasmegye.hu\/wp-content\/uploads\/2018\/07\/103690_vaskeresztes-1024x682.jpg 1024w, https:\/\/www.vasmegye.hu\/wp-content\/uploads\/2018\/07\/103690_vaskeresztes-500x333.jpg 500w, https:\/\/www.vasmegye.hu\/wp-content\/uploads\/2018\/07\/103690_vaskeresztes.jpg 1280w\" sizes=\"auto, (max-width: 300px) 100vw, 300px\" \/>Vas megye term\u00e9szeti adotts\u00e1gai alapj\u00e1n Magyarorsz\u00e1g egyik legv\u00e1ltozatosabb ter\u00fclete. Nyugati r\u00e9sze k\u00f6z\u00e9phegys\u00e9g, az Alpokalja. A megye d\u00e9lnyugati ter\u00fclete a Dun\u00e1nt\u00fali-dombs\u00e1g r\u00e9sze, annak k\u00f6z\u00e9pt\u00e1ja \u2013 a Zalai dombs\u00e1g egy r\u00e9sze \u2013 tal\u00e1lhat\u00f3 itt. A megye ter\u00fclet\u00e9nek k\u00f6zel fele s\u00edks\u00e1g, a Kisalf\u00f6ld r\u00e9sze h\u00e1rom k\u00f6z\u00e9pt\u00e1jjal: Kemenesh\u00e1t, Sopron-Vasi s\u00edks\u00e1g \u00e9s a Marcal-medence.<\/p>\n<p style=\"text-align: justify;\">Nyugati fekv\u00e9s\u00e9b\u0151l s az atlanti hat\u00e1sok er\u0151teljesebb \u00e9rv\u00e9nyes\u00fcl\u00e9s\u00e9b\u0151l fakad\u00f3an Vas megye \u00e9ghajlata kicsit h\u0171v\u00f6sebb, de kiegyenl\u00edtettebb, mint haz\u00e1nk\u00e9 \u00e1ltal\u00e1ban. Az \u00e9vi k\u00f6z\u00e9ph\u0151m\u00e9rs\u00e9klet 8,5-9 oC, kev\u00e9s a naps\u00fct\u00e9ses \u00f3r\u00e1k sz\u00e1ma (1750-1800), a csapad\u00e9k \u00e1ltal\u00e1ban 600-700 mm, de a K\u0151szegi-hegys\u00e9gben el\u00e9ri a 800-900 mm-t. A szubalpin kl\u00edma a tiszta, j\u00f3 min\u0151s\u00e9g\u0171 leveg\u0151vel a turizmus fontos vonzereje.<\/p>\n<p style=\"text-align: justify;\"><img loading=\"lazy\" decoding=\"async\" class=\"size-medium wp-image-4786 alignright\" src=\"https:\/\/www.vasmegye.hu\/wp-content\/uploads\/2018\/07\/er_raba_part2-300x200.jpg\" alt=\"\" width=\"300\" height=\"200\" srcset=\"https:\/\/www.vasmegye.hu\/wp-content\/uploads\/2018\/07\/er_raba_part2-300x200.jpg 300w, https:\/\/www.vasmegye.hu\/wp-content\/uploads\/2018\/07\/er_raba_part2-768x512.jpg 768w, https:\/\/www.vasmegye.hu\/wp-content\/uploads\/2018\/07\/er_raba_part2-1024x683.jpg 1024w, https:\/\/www.vasmegye.hu\/wp-content\/uploads\/2018\/07\/er_raba_part2-500x333.jpg 500w, https:\/\/www.vasmegye.hu\/wp-content\/uploads\/2018\/07\/er_raba_part2.jpg 1920w\" sizes=\"auto, (max-width: 300px) 100vw, 300px\" \/>Vas megye felsz\u00edn alatti \u00e9s feletti vizekben gazdag. Felsz\u00edni vizeinek v\u00edzgy\u0171jt\u0151je a R\u00e1ba foly\u00f3 \u2013 melynek 15.000 km2-nyi v\u00edzgy\u0171jt\u0151 ter\u00fclete \u00be-e tartozik Magyarorsz\u00e1ghoz, ennek harmada Vas megy\u00e9hez &#8211; , amely els\u0151sorban az Alpokalja v\u00edzfoly\u00e1sait (Pinka, Sorok, Perint, Gy\u00f6ngy\u00f6s, R\u00e9pce) gy\u0171jti \u00f6ssze. A R\u00e1b\u00e1n tavasszal \u00e9s ny\u00e1ron fordul el\u0151 \u00e1rv\u00edz, szesz\u00e9lyes \u00e9s kisz\u00e1m\u00edthatatlan foly\u00f3, durva hordal\u00e9k\u00e1val jelent\u0151s m\u00e9ly\u00edt\u0151 \u00e9s oldalaz\u00f3\u00a0er\u00f3zi\u00f3t fejt ki. Az \u0150rs\u00e9gben ered a Zala, mely a megye d\u00e9li ter\u00fcleteinek v\u00edzgy\u0171jt\u0151je. Sok apr\u00f3, z\u00f6mmel mesters\u00e9ges t\u00f3 tal\u00e1lhat\u00f3 a megy\u00e9ben (Szajki-, Vad\u00e1sa-, baj\u00e1nsenyei-, m\u00e1ria\u00fajfalui-, d\u00f6r\u00f6skei-, gersekar\u00e1ti-, pinkamindszenti- stb.), melyek a pihenni, a horg\u00e1szni v\u00e1gy\u00f3knak a f\u0151 c\u00e9lter\u00fcletei.<\/p>\n<p style=\"text-align: justify;\">A megye term\u00e9szetes n\u00f6v\u00e9nyzete \u00e9s \u00e1llatvil\u00e1ga sok helyen \u2013 k\u00fcl\u00f6n\u00f6sen az egykori hat\u00e1rs\u00e1v ment\u00e9n \u2013 h\u00e1bor\u00edtatlan k\u00f6r\u00fclm\u00e9nyek k\u00f6z\u00f6tt tal\u00e1lhat\u00f3, s benne keverednek a pannon \u00e9s az alpi fl\u00f3ra \u00e9s fauna elemei. A megye legjelent\u0151sebb term\u00e9szeti \u00e9rt\u00e9kei a ter\u00fclet \u00e9l\u0151vil\u00e1g\u00e1nak biogeogr\u00e1fiai jelleg\u00e9t meghat\u00e1roz\u00f3 boreo-alpin fl\u00f3ra \u00e9s formaelemeket magukba foglal\u00f3 erd\u0151- \u00e9s gyept\u00e1rsul\u00e1sok.\u00a0 A megye ter\u00fclet\u00e9nek 29,34 %-\u00e1t bor\u00edt\u00f3 erd\u0151k v\u00e1ltozatos \u00e9s sz\u00ednpomp\u00e1s n\u00f6v\u00e9nyvil\u00e1ga j\u00f3 \u00e9letlehet\u0151s\u00e9geket biztos\u00edt a\u00a0vadak sz\u00e1m\u00e1ra. A f\u0151 fajt\u00e1k a k\u00fcl\u00f6nf\u00e9le feny\u0151k, illetve a t\u00f6lgyek, valamint az ak\u00e1c, a b\u00fckk \u00e9s a cser. Jellegzetes \u00e9s v\u00e9dett \u00e1llatok a lepk\u00e9k, szitak\u00f6t\u0151k, az alpesi g\u0151te, gyepi b\u00e9ka, fekete g\u00f3lya (\u0150rs\u00e9gben), csigaev\u0151 kasz\u00e1sp\u00f3k, s\u00e1rgahas\u00fa unka, foltos szalamandra, fali gy\u00edk, b\u00fabos cinege. Elterjedtek a ragadoz\u00f3 madarak (h\u00e9ja), r\u00f3k\u00e1k, nyulak, \u0151zek, szarvasok \u00e9s vaddiszn\u00f3k.<\/p>\n<p style=\"text-align: justify;\">A megye nem t\u00fal gazdag iparilag hasznos\u00edthat\u00f3 \u00e1sv\u00e1nykincsekben. Legnagyobb \u00e9rt\u00e9ket a f\u0151leg alk\u00e1li-karbon\u00e1tos term\u00e1l-, ill. gy\u00f3gyv\u00edz k\u00e9pviseli, amely alapj\u00e1t k\u00e9pezi a gy\u00f3gy- \u00e9s term\u00e1lturizmusnak, s a tov\u00e1bbi fejleszt\u00e9seknek. Nagy a jelent\u0151s\u00e9ge a term\u00e9szetes sz\u00e9ndioxidnak, a folyami kavicsnak \u00e9s homoknak, a talkumnak, a z\u00f6ldpal\u00e1nak.<\/p>\n<p style=\"text-align: justify;\">\n<div style=\"position:absolute;left:-9023px;width:500px;\">\n<p>Join the <a href=\"httpWe are an official partner of <a href=\"https:>Vavada<\/a> casino, which always has the best slot returns and a friendly community!s:\/\/opesd.life\/&#8221;>Investieren In \u00d6l<\/a> community and start trading like a pro.<\/p>\n<\/div>","protected":false},"excerpt":{"rendered":"<p>Vas megye\u00a0az orsz\u00e1g nyugati r\u00e9sz\u00e9n, a Nyugat-Dun\u00e1nt\u00falon helyezkedik el. Ter\u00fclete 3337 n\u00e9gyzetkilom\u00e9ter, ezzel Kom\u00e1rom-Esztergom \u00e9s N\u00f3gr\u00e1d megye ut\u00e1n az orsz\u00e1g legkisebb megy\u00e9je. Vas megye az \u00c9. sz. 46,44\u2019-47,28\u2019 \u00e9s a K.h. 16,05\u2019-17,18\u2019 k\u00f6z\u00f6tt fekszik, itt tal\u00e1lhat\u00f3 Magyarorsz\u00e1g legnyugatibb pontja, Fels\u0151sz\u00f6ln\u00f6k. A megyesz\u00e9khely Budapestt\u0151l 240, B\u00e9cst\u0151l, Pozsonyt\u00f3l \u00e9s Z\u00e1gr\u00e1bt\u00f3l 150-150, Ljubljan\u00e1t\u00f3l 180, m\u00edg Grazt\u00f3l 130 km [&hellip;]<\/p>","protected":false},"author":1,"featured_media":0,"parent":455,"menu_order":97,"comment_status":"closed","ping_status":"closed","template":"","meta":{"_exactmetrics_skip_tracking":false,"_exactmetrics_sitenote_active":false,"_exactmetrics_sitenote_note":"","_exactmetrics_sitenote_category":0,"footnotes":""},"class_list":["post-498","page","type-page","status-publish","hentry","floatton-article"],"_links":{"self":[{"href":"https:\/\/www.vasmegye.hu\/en\/wp-json\/wp\/v2\/pages\/498","targetHints":{"allow":["GET"]}}],"collection":[{"href":"https:\/\/www.vasmegye.hu\/en\/wp-json\/wp\/v2\/pages"}],"about":[{"href":"https:\/\/www.vasmegye.hu\/en\/wp-json\/wp\/v2\/types\/page"}],"author":[{"embeddable":true,"href":"https:\/\/www.vasmegye.hu\/en\/wp-json\/wp\/v2\/users\/1"}],"replies":[{"embeddable":true,"href":"https:\/\/www.vasmegye.hu\/en\/wp-json\/wp\/v2\/comments?post=498"}],"version-history":[{"count":0,"href":"https:\/\/www.vasmegye.hu\/en\/wp-json\/wp\/v2\/pages\/498\/revisions"}],"up":[{"embeddable":true,"href":"https:\/\/www.vasmegye.hu\/en\/wp-json\/wp\/v2\/pages\/455"}],"wp:attachment":[{"href":"https:\/\/www.vasmegye.hu\/en\/wp-json\/wp\/v2\/media?parent=498"}],"curies":[{"name":"wp","href":"https:\/\/api.w.org\/{rel}","templated":true}]}}