{"id":290,"date":"2017-11-24T13:02:21","date_gmt":"2017-11-24T13:02:21","guid":{"rendered":"http:\/\/localhost\/wordpress\/townpress-content\/?page_id=290"},"modified":"2017-11-24T13:02:21","modified_gmt":"2017-11-24T13:02:21","slug":"magazine-home","status":"publish","type":"page","link":"https:\/\/www.vasmegye.hu\/en\/magazine-home\/","title":{"rendered":"Magazine Home"},"content":{"rendered":"<section class=\"wpb-content-wrapper\"><div class=\"vc_row wpb_row vc_row-fluid\"><div class=\"wpb_column vc_column_container vc_col-sm-12\"><div class=\"vc_column-inner\"><div class=\"wpb_wrapper\">\n<!-- TOWNPRESS POST SLIDER : begin -->\n<div class=\"lsvr-townpress-post-slider lsvr-townpress-post-slider--align-right\"\n    data-autoplay=\"10\"\n    >\n    <div class=\"lsvr-townpress-post-slider__inner\">\n\n        \n            <div class=\"lsvr-townpress-post-slider__list\">\n\n                \n                    <article class=\"lsvr-townpress-post-slider__post post-24978 post type-post status-publish format-standard has-post-thumbnail hentry category-hirek floatton-article\">\n                        <div class=\"lsvr-townpress-post-slider__post-bg\"\n                             style=\"background-image: url( https:\/\/www.vasmegye.hu\/wp-content\/uploads\/2025\/03\/DSC_9966-scaled.jpg );\">\n                            <div class=\"lsvr-townpress-post-slider__post-inner\">\n\n                                <header class=\"lsvr-townpress-post-slider__post-header\">\n\n                                    <h2 class=\"lsvr-townpress-post-slider__post-title\">\n                                        <a href=\"https:\/\/www.vasmegye.hu\/en\/striking-big-with-777-the-ultimate-slot88-jackpot-experience\/\"\n                                            class=\"lsvr-townpress-post-slider__post-title-link\" rel=\"bookmark\">\n                                            Striking Big with 777: The Ultimate slot88 Jackpot Experience                                        <\/a>\n                                    <\/h2>\n\n                                    <p class=\"lsvr-townpress-post-slider__post-meta\">\n                                        <time class=\"lsvr-townpress-post-slider__post-meta-date\"\n                                            datetime=\"2025-04-12T10:23:40+02:00\">\n                                            2025. April 12.                                        <\/time>\n                                        <span class=\"lsvr-townpress-post-slider__post-meta-categories\">\n                                            \n\t\t\t<span class=\"post__terms\">\n\t\t\t\tin <a href=\"https:\/\/www.vasmegye.hu\/en\/hirek\/\" class=\"post__term-link\">H\u00edrek<\/a>\t\t\t<\/span>\n\n\t\t                                        <\/span>\n                                    <\/p>\n\n                                <\/header>\n\n                                \n                                <a href=\"https:\/\/www.vasmegye.hu\/en\/striking-big-with-777-the-ultimate-slot88-jackpot-experience\/\"\n                                    style=\"opacity: 0.5\"\n                                    class=\"lsvr-townpress-post-slider__post-overlay-link\">\n                                    <span class=\"screen-reader-text\">Read More<\/span>\n                                <\/a>\n\n                            <\/div>\n                        <\/div>\n                    <\/article>\n\n                \n                    <article class=\"lsvr-townpress-post-slider__post post-23548 post type-post status-publish format-standard has-post-thumbnail hentry category-egyeb floatton-article\">\n                        <div class=\"lsvr-townpress-post-slider__post-bg\"\n                             style=\"background-image: url( https:\/\/www.vasmegye.hu\/wp-content\/uploads\/2024\/11\/vm.png );\">\n                            <div class=\"lsvr-townpress-post-slider__post-inner\">\n\n                                <header class=\"lsvr-townpress-post-slider__post-header\">\n\n                                    <h2 class=\"lsvr-townpress-post-slider__post-title\">\n                                        <a href=\"https:\/\/www.vasmegye.hu\/en\/a-videki-digitalizacio-fejlesztesere-szolgalo-nemzetkozi-tanulmanyutat-szerveztek-vas-varmegyeben\/\"\n                                            class=\"lsvr-townpress-post-slider__post-title-link\" rel=\"bookmark\">\n                                            A vid\u00e9ki digitaliz\u00e1ci\u00f3 fejleszt\u00e9s\u00e9re szolg\u00e1l\u00f3 nemzetk\u00f6zi tanulm\u00e1ny\u00fatat szerveztek Vas v\u00e1rmegy\u00e9ben                                        <\/a>\n                                    <\/h2>\n\n                                    <p class=\"lsvr-townpress-post-slider__post-meta\">\n                                        <time class=\"lsvr-townpress-post-slider__post-meta-date\"\n                                            datetime=\"2025-04-29T12:05:48+02:00\">\n                                            2025. April 29.                                        <\/time>\n                                        <span class=\"lsvr-townpress-post-slider__post-meta-categories\">\n                                            \n\t\t\t<span class=\"post__terms\">\n\t\t\t\tin <a href=\"https:\/\/www.vasmegye.hu\/en\/egyeb\/\" class=\"post__term-link\">egy\u00e9b<\/a>\t\t\t<\/span>\n\n\t\t                                        <\/span>\n                                    <\/p>\n\n                                <\/header>\n\n                                \n                                <a href=\"https:\/\/www.vasmegye.hu\/en\/a-videki-digitalizacio-fejlesztesere-szolgalo-nemzetkozi-tanulmanyutat-szerveztek-vas-varmegyeben\/\"\n                                    style=\"opacity: 0.5\"\n                                    class=\"lsvr-townpress-post-slider__post-overlay-link\">\n                                    <span class=\"screen-reader-text\">Read More<\/span>\n                                <\/a>\n\n                            <\/div>\n                        <\/div>\n                    <\/article>\n\n                \n                    <article class=\"lsvr-townpress-post-slider__post post-15541 post type-post status-publish format-standard has-post-thumbnail hentry category-egyeb floatton-article\">\n                        <div class=\"lsvr-townpress-post-slider__post-bg\"\n                             style=\"background-image: url( https:\/\/www.vasmegye.hu\/wp-content\/uploads\/2022\/01\/Ev-embere-2021.jpg );\">\n                            <div class=\"lsvr-townpress-post-slider__post-inner\">\n\n                                <header class=\"lsvr-townpress-post-slider__post-header\">\n\n                                    <h2 class=\"lsvr-townpress-post-slider__post-title\">\n                                        <a href=\"https:\/\/www.vasmegye.hu\/en\/dr-balogh-lajos-lett-a-2021-es-ev-embere-vas-megyeben\/\"\n                                            class=\"lsvr-townpress-post-slider__post-title-link\" rel=\"bookmark\">\n                                            Dr. Balogh Lajos lett a 2021-es \u00e9v embere Vas megy\u00e9ben                                        <\/a>\n                                    <\/h2>\n\n                                    <p class=\"lsvr-townpress-post-slider__post-meta\">\n                                        <time class=\"lsvr-townpress-post-slider__post-meta-date\"\n                                            datetime=\"2025-04-29T18:02:54+02:00\">\n                                            2025. April 29.                                        <\/time>\n                                        <span class=\"lsvr-townpress-post-slider__post-meta-categories\">\n                                            \n\t\t\t<span class=\"post__terms\">\n\t\t\t\tin <a href=\"https:\/\/www.vasmegye.hu\/en\/egyeb\/\" class=\"post__term-link\">egy\u00e9b<\/a>\t\t\t<\/span>\n\n\t\t                                        <\/span>\n                                    <\/p>\n\n                                <\/header>\n\n                                \n                                <a href=\"https:\/\/www.vasmegye.hu\/en\/dr-balogh-lajos-lett-a-2021-es-ev-embere-vas-megyeben\/\"\n                                    style=\"opacity: 0.5\"\n                                    class=\"lsvr-townpress-post-slider__post-overlay-link\">\n                                    <span class=\"screen-reader-text\">Read More<\/span>\n                                <\/a>\n\n                            <\/div>\n                        <\/div>\n                    <\/article>\n\n                \n                    <article class=\"lsvr-townpress-post-slider__post post-13552 post type-post status-publish format-standard has-post-thumbnail hentry category-egyeb floatton-article\">\n                        <div class=\"lsvr-townpress-post-slider__post-bg\"\n                             style=\"background-image: url( https:\/\/www.vasmegye.hu\/wp-content\/uploads\/2018\/08\/infoblokk_kedv_final_felso_cmyk_ESZA.jpg );\">\n                            <div class=\"lsvr-townpress-post-slider__post-inner\">\n\n                                <header class=\"lsvr-townpress-post-slider__post-header\">\n\n                                    <h2 class=\"lsvr-townpress-post-slider__post-title\">\n                                        <a href=\"https:\/\/www.vasmegye.hu\/en\/top-5-3-1-16-vs1-2018-00008\/\"\n                                            class=\"lsvr-townpress-post-slider__post-title-link\" rel=\"bookmark\">\n                                            TOP-5.3.1-16-VS1-2018-00008                                        <\/a>\n                                    <\/h2>\n\n                                    <p class=\"lsvr-townpress-post-slider__post-meta\">\n                                        <time class=\"lsvr-townpress-post-slider__post-meta-date\"\n                                            datetime=\"2020-08-25T11:05:38+02:00\">\n                                            2020. August 25.                                        <\/time>\n                                        <span class=\"lsvr-townpress-post-slider__post-meta-categories\">\n                                            \n\t\t\t<span class=\"post__terms\">\n\t\t\t\tin <a href=\"https:\/\/www.vasmegye.hu\/en\/egyeb\/\" class=\"post__term-link\">egy\u00e9b<\/a>\t\t\t<\/span>\n\n\t\t                                        <\/span>\n                                    <\/p>\n\n                                <\/header>\n\n                                \n                                <a href=\"https:\/\/www.vasmegye.hu\/en\/top-5-3-1-16-vs1-2018-00008\/\"\n                                    style=\"opacity: 0.5\"\n                                    class=\"lsvr-townpress-post-slider__post-overlay-link\">\n                                    <span class=\"screen-reader-text\">Read More<\/span>\n                                <\/a>\n\n                            <\/div>\n                        <\/div>\n                    <\/article>\n\n                \n                    <article class=\"lsvr-townpress-post-slider__post post-12142 post type-post status-publish format-standard hentry category-egyeb floatton-article\">\n                        <div class=\"lsvr-townpress-post-slider__post-bg\"\n                            >\n                            <div class=\"lsvr-townpress-post-slider__post-inner\">\n\n                                <header class=\"lsvr-townpress-post-slider__post-header\">\n\n                                    <h2 class=\"lsvr-townpress-post-slider__post-title\">\n                                        <a href=\"https:\/\/www.vasmegye.hu\/en\/meghivo\/\"\n                                            class=\"lsvr-townpress-post-slider__post-title-link\" rel=\"bookmark\">\n                                            Megh\u00edv\u00f3                                        <\/a>\n                                    <\/h2>\n\n                                    <p class=\"lsvr-townpress-post-slider__post-meta\">\n                                        <time class=\"lsvr-townpress-post-slider__post-meta-date\"\n                                            datetime=\"2019-10-02T15:51:55+02:00\">\n                                            2019. October 02.                                        <\/time>\n                                        <span class=\"lsvr-townpress-post-slider__post-meta-categories\">\n                                            \n\t\t\t<span class=\"post__terms\">\n\t\t\t\tin <a href=\"https:\/\/www.vasmegye.hu\/en\/egyeb\/\" class=\"post__term-link\">egy\u00e9b<\/a>\t\t\t<\/span>\n\n\t\t                                        <\/span>\n                                    <\/p>\n\n                                <\/header>\n\n                                \n                                <a href=\"https:\/\/www.vasmegye.hu\/en\/meghivo\/\"\n                                    style=\"opacity: 0.5\"\n                                    class=\"lsvr-townpress-post-slider__post-overlay-link\">\n                                    <span class=\"screen-reader-text\">Read More<\/span>\n                                <\/a>\n\n                            <\/div>\n                        <\/div>\n                    <\/article>\n\n                \n            <\/div>\n\n            \n                <div class=\"lsvr-townpress-post-slider__indicator\"><span class=\"lsvr-townpress-post-slider__indicator-inner\"><\/span><\/div>\n\n            \n        \n    <\/div>\n<\/div>\n<!-- TOWNPRESS POST SLIDER : end -->\n\n<\/div><\/div><\/div><\/div><div class=\"vc_row wpb_row vc_row-fluid\"><div class=\"wpb_column vc_column_container vc_col-sm-6\"><div class=\"vc_column-inner\"><div class=\"wpb_wrapper\">\n<!-- TOWNPRESS POSTS : begin -->\n<section class=\"lsvr-townpress-posts\"\n    >\n    <div class=\"c-content-box lsvr-townpress-posts__inner\">\n\n                    <span class=\"lsvr-townpress-posts__icon icon-man-woman\"\n                aria-hidden=\"true\"><\/span>\n        \n        \n            <header class=\"lsvr-townpress-posts__header\">\n                <h2 class=\"lsvr-townpress-posts__title lsvr-townpress-posts__title--has-icon\">\n\n                                            <span class=\"lsvr-townpress-posts__title-icon icon-man-woman\"\n                            aria-hidden=\"true\"><\/span>\n                    \n                    \n                        <a href=\"https:\/\/www.vasmegye.hu\/en\/bejegyzesek\/\"\n                            class=\"lsvr-townpress-posts__title-link\">\n\n                    \n                        Community\n                    <\/a>\n\n                <\/h2>\n            <\/header>\n\n        \n        <div class=\"lsvr-townpress-posts__content\">\n\n            \n                <p class=\"c-alert-message\">There are no posts<\/p>\n\n            \n        <\/div>\n\n        \n            <footer class=\"lsvr-townpress-posts__footer\">\n\n                <p class=\"lsvr-townpress-posts__more\">\n\n                    \n                        <a href=\"https:\/\/www.vasmegye.hu\/en\/bejegyzesek\/\"\n                            class=\"lsvr-townpress-posts__more-link\">More Posts<\/a>\n\n                    \n                <\/p>\n\n            <\/footer>\n\n        \n    <\/div>\n<\/section>\n<!-- TOWNPRESS POSTS : end -->\n\n<\/div><\/div><\/div><div class=\"wpb_column vc_column_container vc_col-sm-6\"><div class=\"vc_column-inner\"><div class=\"wpb_wrapper\">\n<!-- TOWNPRESS POSTS : begin -->\n<section class=\"lsvr-townpress-posts\"\n    >\n    <div class=\"c-content-box lsvr-townpress-posts__inner\">\n\n                    <span class=\"lsvr-townpress-posts__icon icon-library2\"\n                aria-hidden=\"true\"><\/span>\n        \n        \n            <header class=\"lsvr-townpress-posts__header\">\n                <h2 class=\"lsvr-townpress-posts__title lsvr-townpress-posts__title--has-icon\">\n\n                                            <span class=\"lsvr-townpress-posts__title-icon icon-library2\"\n                            aria-hidden=\"true\"><\/span>\n                    \n                    \n                        <a href=\"https:\/\/www.vasmegye.hu\/en\/bejegyzesek\/\"\n                            class=\"lsvr-townpress-posts__title-link\">\n\n                    \n                        Culture\n                    <\/a>\n\n                <\/h2>\n            <\/header>\n\n        \n        <div class=\"lsvr-townpress-posts__content\">\n\n            \n                <p class=\"c-alert-message\">There are no posts<\/p>\n\n            \n        <\/div>\n\n        \n            <footer class=\"lsvr-townpress-posts__footer\">\n\n                <p class=\"lsvr-townpress-posts__more\">\n\n                    \n                        <a href=\"https:\/\/www.vasmegye.hu\/en\/bejegyzesek\/\"\n                            class=\"lsvr-townpress-posts__more-link\">More Posts<\/a>\n\n                    \n                <\/p>\n\n            <\/footer>\n\n        \n    <\/div>\n<\/section>\n<!-- TOWNPRESS POSTS : end -->\n\n<\/div><\/div><\/div><\/div><div class=\"vc_row wpb_row vc_row-fluid\"><div class=\"wpb_column vc_column_container vc_col-sm-6\"><div class=\"vc_column-inner\"><div class=\"wpb_wrapper\">\n<!-- TOWNPRESS POSTS : begin -->\n<section class=\"lsvr-townpress-posts\"\n    >\n    <div class=\"c-content-box lsvr-townpress-posts__inner\">\n\n                    <span class=\"lsvr-townpress-posts__icon icon-tennis2\"\n                aria-hidden=\"true\"><\/span>\n        \n        \n            <header class=\"lsvr-townpress-posts__header\">\n                <h2 class=\"lsvr-townpress-posts__title lsvr-townpress-posts__title--has-icon\">\n\n                                            <span class=\"lsvr-townpress-posts__title-icon icon-tennis2\"\n                            aria-hidden=\"true\"><\/span>\n                    \n                    \n                        <a href=\"https:\/\/www.vasmegye.hu\/en\/bejegyzesek\/\"\n                            class=\"lsvr-townpress-posts__title-link\">\n\n                    \n                        Sport\n                    <\/a>\n\n                <\/h2>\n            <\/header>\n\n        \n        <div class=\"lsvr-townpress-posts__content\">\n\n            \n                <p class=\"c-alert-message\">There are no posts<\/p>\n\n            \n        <\/div>\n\n        \n            <footer class=\"lsvr-townpress-posts__footer\">\n\n                <p class=\"lsvr-townpress-posts__more\">\n\n                    \n                        <a href=\"https:\/\/www.vasmegye.hu\/en\/bejegyzesek\/\"\n                            class=\"lsvr-townpress-posts__more-link\">More Posts<\/a>\n\n                    \n                <\/p>\n\n            <\/footer>\n\n        \n    <\/div>\n<\/section>\n<!-- TOWNPRESS POSTS : end -->\n\n<\/div><\/div><\/div><div class=\"wpb_column vc_column_container vc_col-sm-6\"><div class=\"vc_column-inner\"><div class=\"wpb_wrapper\">\n<!-- TOWNPRESS POSTS : begin -->\n<section class=\"lsvr-townpress-posts\"\n    >\n    <div class=\"c-content-box lsvr-townpress-posts__inner\">\n\n                    <span class=\"lsvr-townpress-posts__icon icon-teacup\"\n                aria-hidden=\"true\"><\/span>\n        \n        \n            <header class=\"lsvr-townpress-posts__header\">\n                <h2 class=\"lsvr-townpress-posts__title lsvr-townpress-posts__title--has-icon\">\n\n                                            <span class=\"lsvr-townpress-posts__title-icon icon-teacup\"\n                            aria-hidden=\"true\"><\/span>\n                    \n                    \n                        <a href=\"https:\/\/www.vasmegye.hu\/en\/bejegyzesek\/\"\n                            class=\"lsvr-townpress-posts__title-link\">\n\n                    \n                        Relax\n                    <\/a>\n\n                <\/h2>\n            <\/header>\n\n        \n        <div class=\"lsvr-townpress-posts__content\">\n\n            \n                <p class=\"c-alert-message\">There are no posts<\/p>\n\n            \n        <\/div>\n\n        \n            <footer class=\"lsvr-townpress-posts__footer\">\n\n                <p class=\"lsvr-townpress-posts__more\">\n\n                    \n                        <a href=\"https:\/\/www.vasmegye.hu\/en\/bejegyzesek\/\"\n                            class=\"lsvr-townpress-posts__more-link\">More Posts<\/a>\n\n                    \n                <\/p>\n\n            <\/footer>\n\n        \n    <\/div>\n<\/section>\n<!-- TOWNPRESS POSTS : end -->\n\n<\/div><\/div><\/div><\/div>\n<\/section>","protected":false},"excerpt":{"rendered":"Striking Big with 777: The Ultimate slot88 Jackpot Experience 2025. April 12. in H\u00edrek Read More A vid\u00e9ki digitaliz\u00e1ci\u00f3 fejleszt\u00e9s\u00e9re szolg\u00e1l\u00f3 nemzetk\u00f6zi tanulm\u00e1ny\u00fatat szerveztek Vas v\u00e1rmegy\u00e9ben 2025. April 29. in egy\u00e9b Read More Dr. Balogh Lajos lett a 2021-es \u00e9v embere Vas megy\u00e9ben 2025. April 29. in egy\u00e9b Read More TOP-5.3.1-16-VS1-2018-00008 2020. August 25. in [...]","protected":false},"author":1,"featured_media":0,"parent":0,"menu_order":94,"comment_status":"closed","ping_status":"closed","template":"page-templates\/not-boxed-without-title.php","meta":{"_exactmetrics_skip_tracking":false,"_exactmetrics_sitenote_active":false,"_exactmetrics_sitenote_note":"","_exactmetrics_sitenote_category":0,"footnotes":""},"class_list":["post-290","page","type-page","status-publish","hentry","floatton-article"],"_links":{"self":[{"href":"https:\/\/www.vasmegye.hu\/en\/wp-json\/wp\/v2\/pages\/290","targetHints":{"allow":["GET"]}}],"collection":[{"href":"https:\/\/www.vasmegye.hu\/en\/wp-json\/wp\/v2\/pages"}],"about":[{"href":"https:\/\/www.vasmegye.hu\/en\/wp-json\/wp\/v2\/types\/page"}],"author":[{"embeddable":true,"href":"https:\/\/www.vasmegye.hu\/en\/wp-json\/wp\/v2\/users\/1"}],"replies":[{"embeddable":true,"href":"https:\/\/www.vasmegye.hu\/en\/wp-json\/wp\/v2\/comments?post=290"}],"version-history":[{"count":0,"href":"https:\/\/www.vasmegye.hu\/en\/wp-json\/wp\/v2\/pages\/290\/revisions"}],"wp:attachment":[{"href":"https:\/\/www.vasmegye.hu\/en\/wp-json\/wp\/v2\/media?parent=290"}],"curies":[{"name":"wp","href":"https:\/\/api.w.org\/{rel}","templated":true}]}}