{"id":19559,"date":"2024-01-09T11:31:27","date_gmt":"2024-01-09T09:31:27","guid":{"rendered":"https:\/\/www.vasmegye.hu\/?page_id=19559"},"modified":"2026-03-10T16:57:25","modified_gmt":"2026-03-10T14:57:25","slug":"2026-evi-altalanos-valsztasok","status":"publish","type":"page","link":"https:\/\/www.vasmegye.hu\/en\/2026-evi-altalanos-valsztasok\/","title":{"rendered":"2026. \u00e9vi \u00e1ltal\u00e1nos v\u00e1laszt\u00e1sok"},"content":{"rendered":"<ul style=\"list-style-type: disc;\">\n<li><a title=\"V\u00e1laszt\u00f3polg\u00e1roknak\" href=\"https:\/\/www.valasztas.hu\/valasztopolgaroknak\" target=\"_blank\" rel=\"noopener\">V\u00e1laszt\u00f3polg\u00e1roknak<\/a><\/li>\n<li><a title=\"Jel\u00f6lteknek\" href=\"https:\/\/www.valasztas.hu\/jelolteknek\" target=\"_blank\" rel=\"noopener\">Jel\u00f6lteknek<\/a><\/li>\n<\/ul>\n<p>&nbsp;<\/p>","protected":false},"excerpt":{"rendered":"<p>V\u00e1laszt\u00f3polg\u00e1roknak Jel\u00f6lteknek &nbsp;<\/p>","protected":false},"author":23,"featured_media":0,"parent":0,"menu_order":4,"comment_status":"closed","ping_status":"closed","template":"","meta":{"_exactmetrics_skip_tracking":false,"_exactmetrics_sitenote_active":false,"_exactmetrics_sitenote_note":"","_exactmetrics_sitenote_category":0,"footnotes":""},"class_list":["post-19559","page","type-page","status-publish","hentry","floatton-article"],"_links":{"self":[{"href":"https:\/\/www.vasmegye.hu\/en\/wp-json\/wp\/v2\/pages\/19559","targetHints":{"allow":["GET"]}}],"collection":[{"href":"https:\/\/www.vasmegye.hu\/en\/wp-json\/wp\/v2\/pages"}],"about":[{"href":"https:\/\/www.vasmegye.hu\/en\/wp-json\/wp\/v2\/types\/page"}],"author":[{"embeddable":true,"href":"https:\/\/www.vasmegye.hu\/en\/wp-json\/wp\/v2\/users\/23"}],"replies":[{"embeddable":true,"href":"https:\/\/www.vasmegye.hu\/en\/wp-json\/wp\/v2\/comments?post=19559"}],"version-history":[{"count":4,"href":"https:\/\/www.vasmegye.hu\/en\/wp-json\/wp\/v2\/pages\/19559\/revisions"}],"predecessor-version":[{"id":27877,"href":"https:\/\/www.vasmegye.hu\/en\/wp-json\/wp\/v2\/pages\/19559\/revisions\/27877"}],"wp:attachment":[{"href":"https:\/\/www.vasmegye.hu\/en\/wp-json\/wp\/v2\/media?parent=19559"}],"curies":[{"name":"wp","href":"https:\/\/api.w.org\/{rel}","templated":true}]}}