{"id":1751,"date":"2018-06-25T10:28:22","date_gmt":"2018-06-25T08:28:22","guid":{"rendered":"http:\/\/teszt.webromedia.hu\/?page_id=1745"},"modified":"2024-11-07T13:20:37","modified_gmt":"2024-11-07T11:20:37","slug":"europai-unio-altal-tamogatott-fejlesztesek","status":"publish","type":"page","link":"https:\/\/www.vasmegye.hu\/en\/europai-unio-altal-tamogatott-fejlesztesek\/","title":{"rendered":"Eur\u00f3pai Uni\u00f3 \u00e1ltal t\u00e1mogatott fejleszt\u00e9sek"},"content":{"rendered":"<section class=\"wpb-content-wrapper\"><div class=\"vc_row wpb_row vc_row-fluid\"><div class=\"wpb_column vc_column_container vc_col-sm-12\"><div class=\"vc_column-inner\"><div class=\"wpb_wrapper\">\n\t<div class=\"wpb_text_column wpb_content_element\" >\n\t\t<div class=\"wpb_wrapper\">\n\t\t\t<div id=\"text\">\n<table style=\"height: 743px; width: 100%; border-collapse: collapse;\" border=\"0\">\n<tbody>\n<tr style=\"height: 56px;\">\n<td style=\"width: 47.3119%; height: 56px;\"><span style=\"text-decoration: underline;\"><strong>Vas V\u00e1rmegyei \u00d6nkorm\u00e1nyzat<\/strong><\/span><\/td>\n<td style=\"width: 52.5089%; height: 56px;\"><\/td>\n<\/tr>\n<tr style=\"height: 80px;\">\n<td style=\"width: 47.3119%; text-align: left; height: 80px;\">Vas v\u00e1rmegyei foglalkoztat\u00e1si-gazdas\u00e1gfejleszt\u00e9si Paktum<\/td>\n<td style=\"width: 52.5089%; height: 80px;\"><a title=\"Vas v\u00e1rmegyei foglalkoztat\u00e1si-gazdas\u00e1gfejleszt\u00e9si Paktum\" href=\"https:\/\/vasmegyeipaktum.hu\/\" target=\"_blank\" rel=\"noopener\">Vas v\u00e1rmegyei foglalkoztat\u00e1si-gazdas\u00e1gfejleszt\u00e9si Paktum<\/a><\/td>\n<\/tr>\n<tr style=\"height: 56px;\">\n<td style=\"width: 47.3119%; height: 56px;\">K\u00f6z\u00f6s j\u00f6v\u0151nk Vas v\u00e1rmegye<\/td>\n<td style=\"width: 52.5089%; height: 56px;\"><a title=\"K\u00f6z\u00f6s j\u00f6v\u0151nk Vas v\u00e1rmegye\" href=\"https:\/\/www.vasmegye.hu\/szechenyi2020\/kozos-jovonk-vas-megye\/\" target=\"_blank\" rel=\"noopener\">K\u00f6z\u00f6s j\u00f6v\u0151nk Vas v\u00e1rmegye<\/a><\/td>\n<\/tr>\n<tr style=\"height: 90px;\">\n<td style=\"width: 47.3119%; height: 90px;\">\n<h4><span style=\"text-decoration: underline;\"><strong>Vas V\u00e1rmegyei \u00d6nkorm\u00e1nyzati Hivatal:<\/strong><\/span><\/h4>\n<\/td>\n<td style=\"width: 52.5089%; height: 90px;\"><\/td>\n<\/tr>\n<tr style=\"height: 24px;\">\n<td style=\"width: 47.3119%; height: 24px;\">International projects<\/td>\n<td style=\"width: 52.5089%; height: 24px;\"><a title=\"International projects\" href=\"https:\/\/www.vasmegye.hu\/fejlesztesek\/projektek\/nemzetkozi-projektek\/\" target=\"_blank\" rel=\"noopener\">International projects<\/a><\/td>\n<\/tr>\n<tr style=\"height: 24px;\">\n<td style=\"width: 47.3119%; height: 24px;\">Sz\u00e9chenyi2020<\/td>\n<td style=\"width: 52.5089%; height: 24px;\"><a title=\"Sz\u00e9chenyi2020\" href=\"https:\/\/www.vasmegye.hu\/szechenyi-2020\/\" target=\"_blank\" rel=\"noopener\">Sz\u00e9chenyi2020<\/a><\/td>\n<\/tr>\n<tr style=\"height: 24px;\">\n<td style=\"width: 47.3119%; height: 24px;\">Sz\u00e9chenyi Terv Plus<\/td>\n<td style=\"width: 52.5089%; height: 24px;\"><a title=\"Sz\u00e9chenyi Terv Plus\" href=\"https:\/\/www.vasmegye.hu\/szechenyi-terv-plusz\/\" target=\"_blank\" rel=\"noopener\">Sz\u00e9chenyi Terv Plus<\/a><\/td>\n<\/tr>\n<tr style=\"height: 90px;\">\n<td style=\"width: 47.3119%; height: 90px;\">\n<h4><span style=\"text-decoration: underline;\">Vas V\u00e1rmegyei Horv\u00e1t Nemzetis\u00e9gi \u00d6nkorm\u00e1nyzat:<\/span><\/h4>\n<\/td>\n<td style=\"width: 52.5089%; height: 90px;\"><\/td>\n<\/tr>\n<tr style=\"height: 135px;\">\n<td style=\"width: 47.3119%; height: 101px;\">\n<h4><span style=\"text-decoration: underline;\">Vas V\u00e1rmegyei N\u00e9met \u00d6nkorm\u00e1nyzat:<\/span><\/h4>\n<\/td>\n<td style=\"width: 52.5089%; height: 101px;\"><\/td>\n<\/tr>\n<tr style=\"height: 135px;\">\n<td style=\"width: 47.3119%; height: 115px;\">\n<h4><span style=\"text-decoration: underline;\">Vas V\u00e1rmegyei Roma Ter\u00fcleti Nemzetis\u00e9gi \u00d6nkorm\u00e1nyzat:<\/span><\/h4>\n<\/td>\n<td style=\"width: 52.5089%; height: 115px;\"><\/td>\n<\/tr>\n<tr style=\"height: 83px;\">\n<td style=\"width: 47.3119%; height: 83px;\">Rom\u00e1k<\/td>\n<td style=\"width: 52.5089%; height: 83px;\"><a title=\"Rom\u00e1k\" href=\"https:\/\/www.vasmegye.hu\/megye\/nemzetisegek\/roma\/\" target=\"_blank\" rel=\"noopener\">Rom\u00e1k<\/a><\/td>\n<\/tr>\n<\/tbody>\n<\/table>\n<\/div>\n\n\t\t<\/div>\n\t<\/div>\n<\/div><\/div><\/div><\/div>\n<\/section>","protected":false},"excerpt":{"rendered":"Vas V\u00e1rmegyei \u00d6nkorm\u00e1nyzat Vas v\u00e1rmegyei foglalkoztat\u00e1si-gazdas\u00e1gfejleszt\u00e9si Paktum Vas v\u00e1rmegyei foglalkoztat\u00e1si-gazdas\u00e1gfejleszt\u00e9si Paktum K\u00f6z\u00f6s j\u00f6v\u0151nk Vas v\u00e1rmegye K\u00f6z\u00f6s j\u00f6v\u0151nk Vas v\u00e1rmegye Vas V\u00e1rmegyei \u00d6nkorm\u00e1nyzati Hivatal: Nemzetk\u00f6zi projektek Nemzetk\u00f6zi projektek Sz\u00e9chenyi2020 Sz\u00e9chenyi2020 Sz\u00e9chenyi Terv Plus Sz\u00e9chenyi Terv Plus Vas V\u00e1rmegyei Horv\u00e1t Nemzetis\u00e9gi \u00d6nkorm\u00e1nyzat: Vas V\u00e1rmegyei N\u00e9met \u00d6nkorm\u00e1nyzat: Vas V\u00e1rmegyei Roma Ter\u00fcleti Nemzetis\u00e9gi \u00d6nkorm\u00e1nyzat: Rom\u00e1k Rom\u00e1k","protected":false},"author":1,"featured_media":0,"parent":0,"menu_order":49,"comment_status":"closed","ping_status":"closed","template":"","meta":{"_exactmetrics_skip_tracking":false,"_exactmetrics_sitenote_active":false,"_exactmetrics_sitenote_note":"","_exactmetrics_sitenote_category":0,"footnotes":""},"class_list":["post-1751","page","type-page","status-publish","hentry","floatton-article"],"_links":{"self":[{"href":"https:\/\/www.vasmegye.hu\/en\/wp-json\/wp\/v2\/pages\/1751","targetHints":{"allow":["GET"]}}],"collection":[{"href":"https:\/\/www.vasmegye.hu\/en\/wp-json\/wp\/v2\/pages"}],"about":[{"href":"https:\/\/www.vasmegye.hu\/en\/wp-json\/wp\/v2\/types\/page"}],"author":[{"embeddable":true,"href":"https:\/\/www.vasmegye.hu\/en\/wp-json\/wp\/v2\/users\/1"}],"replies":[{"embeddable":true,"href":"https:\/\/www.vasmegye.hu\/en\/wp-json\/wp\/v2\/comments?post=1751"}],"version-history":[{"count":6,"href":"https:\/\/www.vasmegye.hu\/en\/wp-json\/wp\/v2\/pages\/1751\/revisions"}],"predecessor-version":[{"id":23283,"href":"https:\/\/www.vasmegye.hu\/en\/wp-json\/wp\/v2\/pages\/1751\/revisions\/23283"}],"wp:attachment":[{"href":"https:\/\/www.vasmegye.hu\/en\/wp-json\/wp\/v2\/media?parent=1751"}],"curies":[{"name":"wp","href":"https:\/\/api.w.org\/{rel}","templated":true}]}}