{"id":1735,"date":"2018-06-25T10:12:19","date_gmt":"2018-06-25T08:12:19","guid":{"rendered":"http:\/\/teszt.webromedia.hu\/?page_id=1698"},"modified":"2019-05-30T15:23:28","modified_gmt":"2019-05-30T13:23:28","slug":"lapok-nyilvanos-kiadvanyok","status":"publish","type":"page","link":"https:\/\/www.vasmegye.hu\/en\/lapok-nyilvanos-kiadvanyok\/","title":{"rendered":"Lapok (nyilv\u00e1nos kiadv\u00e1nyok)"},"content":{"rendered":"<p>Ebben a k\u00f6zz\u00e9t\u00e9teli egys\u00e9gben adat nincsen. A felsorol\u00e1sban csup\u00e1n a t\u00f6rv\u00e9nyi k\u00f6telezetts\u00e9g miatt szerepel (\u00fcresen).<\/p>","protected":false},"excerpt":{"rendered":"<p>Ebben a k\u00f6zz\u00e9t\u00e9teli egys\u00e9gben adat nincsen. A felsorol\u00e1sban csup\u00e1n a t\u00f6rv\u00e9nyi k\u00f6telezetts\u00e9g miatt szerepel (\u00fcresen).<\/p>","protected":false},"author":1,"featured_media":0,"parent":0,"menu_order":74,"comment_status":"closed","ping_status":"closed","template":"","meta":{"_exactmetrics_skip_tracking":false,"_exactmetrics_sitenote_active":false,"_exactmetrics_sitenote_note":"","_exactmetrics_sitenote_category":0,"footnotes":""},"class_list":["post-1735","page","type-page","status-publish","hentry","floatton-article"],"_links":{"self":[{"href":"https:\/\/www.vasmegye.hu\/en\/wp-json\/wp\/v2\/pages\/1735","targetHints":{"allow":["GET"]}}],"collection":[{"href":"https:\/\/www.vasmegye.hu\/en\/wp-json\/wp\/v2\/pages"}],"about":[{"href":"https:\/\/www.vasmegye.hu\/en\/wp-json\/wp\/v2\/types\/page"}],"author":[{"embeddable":true,"href":"https:\/\/www.vasmegye.hu\/en\/wp-json\/wp\/v2\/users\/1"}],"replies":[{"embeddable":true,"href":"https:\/\/www.vasmegye.hu\/en\/wp-json\/wp\/v2\/comments?post=1735"}],"version-history":[{"count":0,"href":"https:\/\/www.vasmegye.hu\/en\/wp-json\/wp\/v2\/pages\/1735\/revisions"}],"wp:attachment":[{"href":"https:\/\/www.vasmegye.hu\/en\/wp-json\/wp\/v2\/media?parent=1735"}],"curies":[{"name":"wp","href":"https:\/\/api.w.org\/{rel}","templated":true}]}}