{"id":1734,"date":"2018-06-25T10:11:37","date_gmt":"2018-06-25T08:11:37","guid":{"rendered":"http:\/\/teszt.webromedia.hu\/?page_id=1696"},"modified":"2018-08-30T18:06:03","modified_gmt":"2018-08-30T16:06:03","slug":"a-szerv-nyilvantartasai","status":"publish","type":"page","link":"https:\/\/www.vasmegye.hu\/en\/a-szerv-nyilvantartasai\/","title":{"rendered":"A szerv nyilv\u00e1ntart\u00e1sai"},"content":{"rendered":"<p><span style=\"font-size: 16px;\">Ebben a k\u00f6zz\u00e9t\u00e9teli egys\u00e9gben adat nincsen. A felsorol\u00e1sban csup\u00e1n a t\u00f6rv\u00e9nyi k\u00f6telezetts\u00e9g miatt szerepel (\u00fcresen).<\/span><\/p>","protected":false},"excerpt":{"rendered":"<p>Ebben a k\u00f6zz\u00e9t\u00e9teli egys\u00e9gben adat nincsen. A felsorol\u00e1sban csup\u00e1n a t\u00f6rv\u00e9nyi k\u00f6telezetts\u00e9g miatt szerepel (\u00fcresen).<\/p>","protected":false},"author":1,"featured_media":0,"parent":0,"menu_order":76,"comment_status":"closed","ping_status":"closed","template":"","meta":{"_exactmetrics_skip_tracking":false,"_exactmetrics_sitenote_active":false,"_exactmetrics_sitenote_note":"","_exactmetrics_sitenote_category":0,"footnotes":""},"class_list":["post-1734","page","type-page","status-publish","hentry","floatton-article"],"_links":{"self":[{"href":"https:\/\/www.vasmegye.hu\/en\/wp-json\/wp\/v2\/pages\/1734","targetHints":{"allow":["GET"]}}],"collection":[{"href":"https:\/\/www.vasmegye.hu\/en\/wp-json\/wp\/v2\/pages"}],"about":[{"href":"https:\/\/www.vasmegye.hu\/en\/wp-json\/wp\/v2\/types\/page"}],"author":[{"embeddable":true,"href":"https:\/\/www.vasmegye.hu\/en\/wp-json\/wp\/v2\/users\/1"}],"replies":[{"embeddable":true,"href":"https:\/\/www.vasmegye.hu\/en\/wp-json\/wp\/v2\/comments?post=1734"}],"version-history":[{"count":0,"href":"https:\/\/www.vasmegye.hu\/en\/wp-json\/wp\/v2\/pages\/1734\/revisions"}],"wp:attachment":[{"href":"https:\/\/www.vasmegye.hu\/en\/wp-json\/wp\/v2\/media?parent=1734"}],"curies":[{"name":"wp","href":"https:\/\/api.w.org\/{rel}","templated":true}]}}