{"id":1732,"date":"2018-06-25T10:10:59","date_gmt":"2018-06-25T08:10:59","guid":{"rendered":"http:\/\/teszt.webromedia.hu\/?page_id=1692"},"modified":"2018-08-01T14:39:29","modified_gmt":"2018-08-01T12:39:29","slug":"a-hatosagi-ugyek-intezesenek-rendjevel-kapcsolatos-adatok","status":"publish","type":"page","link":"https:\/\/www.vasmegye.hu\/en\/a-hatosagi-ugyek-intezesenek-rendjevel-kapcsolatos-adatok\/","title":{"rendered":"A hat\u00f3s\u00e1gi \u00fcgyek int\u00e9z\u00e9s\u00e9nek rendj\u00e9vel kapcsolatos adatok"},"content":{"rendered":"<p>Ebben a k\u00f6zz\u00e9t\u00e9teli egys\u00e9gben adat nincsen. A felsorol\u00e1sban csup\u00e1n a t\u00f6rv\u00e9nyi k\u00f6telezetts\u00e9g miatt szerepel (\u00fcresen).<\/p>","protected":false},"excerpt":{"rendered":"<p>Ebben a k\u00f6zz\u00e9t\u00e9teli egys\u00e9gben adat nincsen. A felsorol\u00e1sban csup\u00e1n a t\u00f6rv\u00e9nyi k\u00f6telezetts\u00e9g miatt szerepel (\u00fcresen).<\/p>","protected":false},"author":1,"featured_media":0,"parent":0,"menu_order":79,"comment_status":"closed","ping_status":"closed","template":"","meta":{"_exactmetrics_skip_tracking":false,"_exactmetrics_sitenote_active":false,"_exactmetrics_sitenote_note":"","_exactmetrics_sitenote_category":0,"footnotes":""},"class_list":["post-1732","page","type-page","status-publish","hentry","floatton-article"],"_links":{"self":[{"href":"https:\/\/www.vasmegye.hu\/en\/wp-json\/wp\/v2\/pages\/1732","targetHints":{"allow":["GET"]}}],"collection":[{"href":"https:\/\/www.vasmegye.hu\/en\/wp-json\/wp\/v2\/pages"}],"about":[{"href":"https:\/\/www.vasmegye.hu\/en\/wp-json\/wp\/v2\/types\/page"}],"author":[{"embeddable":true,"href":"https:\/\/www.vasmegye.hu\/en\/wp-json\/wp\/v2\/users\/1"}],"replies":[{"embeddable":true,"href":"https:\/\/www.vasmegye.hu\/en\/wp-json\/wp\/v2\/comments?post=1732"}],"version-history":[{"count":0,"href":"https:\/\/www.vasmegye.hu\/en\/wp-json\/wp\/v2\/pages\/1732\/revisions"}],"wp:attachment":[{"href":"https:\/\/www.vasmegye.hu\/en\/wp-json\/wp\/v2\/media?parent=1732"}],"curies":[{"name":"wp","href":"https:\/\/api.w.org\/{rel}","templated":true}]}}