{"id":1729,"date":"2018-06-25T09:59:21","date_gmt":"2018-06-25T07:59:21","guid":{"rendered":"http:\/\/teszt.webromedia.hu\/?page_id=1678"},"modified":"2024-10-31T14:49:42","modified_gmt":"2024-10-31T12:49:42","slug":"felettes-felugyeleti-torvenyessegi-ellenorzest-gyakorlo-szerv","status":"publish","type":"page","link":"https:\/\/www.vasmegye.hu\/en\/felettes-felugyeleti-torvenyessegi-ellenorzest-gyakorlo-szerv\/","title":{"rendered":"Felettes, fel\u00fcgyeleti, t\u00f6rv\u00e9nyess\u00e9gi ellen\u0151rz\u00e9st gyakorl\u00f3 szerv"},"content":{"rendered":"<section class=\"wpb-content-wrapper\"><div class=\"vc_row wpb_row vc_row-fluid\"><div class=\"wpb_column vc_column_container vc_col-sm-12\"><div class=\"vc_column-inner\"><div class=\"wpb_wrapper\">\n\t<div class=\"wpb_text_column wpb_content_element\" >\n\t\t<div class=\"wpb_wrapper\">\n\t\t\t<h3><strong><a href=\"https:\/\/www.kormanyhivatalok.hu\/\" target=\"_blank\" rel=\"noopener\">Korm\u00e1nyhivatal<\/a><\/strong><\/h3>\n\n\t\t<\/div>\n\t<\/div>\n<\/div><\/div><\/div><\/div>\n<\/section>","protected":false},"excerpt":{"rendered":"Korm\u00e1nyhivatal","protected":false},"author":1,"featured_media":0,"parent":0,"menu_order":87,"comment_status":"closed","ping_status":"closed","template":"","meta":{"_exactmetrics_skip_tracking":false,"_exactmetrics_sitenote_active":false,"_exactmetrics_sitenote_note":"","_exactmetrics_sitenote_category":0,"footnotes":""},"class_list":["post-1729","page","type-page","status-publish","hentry","floatton-article"],"_links":{"self":[{"href":"https:\/\/www.vasmegye.hu\/en\/wp-json\/wp\/v2\/pages\/1729","targetHints":{"allow":["GET"]}}],"collection":[{"href":"https:\/\/www.vasmegye.hu\/en\/wp-json\/wp\/v2\/pages"}],"about":[{"href":"https:\/\/www.vasmegye.hu\/en\/wp-json\/wp\/v2\/types\/page"}],"author":[{"embeddable":true,"href":"https:\/\/www.vasmegye.hu\/en\/wp-json\/wp\/v2\/users\/1"}],"replies":[{"embeddable":true,"href":"https:\/\/www.vasmegye.hu\/en\/wp-json\/wp\/v2\/comments?post=1729"}],"version-history":[{"count":1,"href":"https:\/\/www.vasmegye.hu\/en\/wp-json\/wp\/v2\/pages\/1729\/revisions"}],"predecessor-version":[{"id":22862,"href":"https:\/\/www.vasmegye.hu\/en\/wp-json\/wp\/v2\/pages\/1729\/revisions\/22862"}],"wp:attachment":[{"href":"https:\/\/www.vasmegye.hu\/en\/wp-json\/wp\/v2\/media?parent=1729"}],"curies":[{"name":"wp","href":"https:\/\/api.w.org\/{rel}","templated":true}]}}