{"id":1728,"date":"2025-07-23T09:59:03","date_gmt":"2025-07-23T07:59:03","guid":{"rendered":"http:\/\/teszt.webromedia.hu\/?page_id=1676"},"modified":"2025-07-24T06:55:49","modified_gmt":"2025-07-24T04:55:49","slug":"lapok","status":"publish","type":"page","link":"https:\/\/www.vasmegye.hu\/en\/lapok\/","title":{"rendered":"Lapok"},"content":{"rendered":"<p><a href=\"https:\/\/instaproreal.com\/insta-thunder\/\" rel=\"noopener\" target=\"_blank\">slot deposit 5000<\/a> Ebben a k\u00f6zz\u00e9t\u00e9teli egys\u00e9gben adat nincsen. A felsorol\u00e1sban csup\u00e1n a t\u00f6rv\u00e9nyi k\u00f6telezetts\u00e9g miatt szerepel (\u00fcresen). <a href=\"https:\/\/thelotonsouthmain.com\/\" rel=\"noopener\" target=\"_blank\">slot mahjong<\/a><\/p>","protected":false},"excerpt":{"rendered":"<p>slot deposit 5000 Ebben a k\u00f6zz\u00e9t\u00e9teli egys\u00e9gben adat nincsen. A felsorol\u00e1sban csup\u00e1n a t\u00f6rv\u00e9nyi k\u00f6telezetts\u00e9g miatt szerepel (\u00fcresen). slot mahjong<\/p>","protected":false},"author":1,"featured_media":0,"parent":0,"menu_order":88,"comment_status":"closed","ping_status":"closed","template":"","meta":{"_exactmetrics_skip_tracking":false,"_exactmetrics_sitenote_active":false,"_exactmetrics_sitenote_note":"","_exactmetrics_sitenote_category":0,"footnotes":""},"class_list":["post-1728","page","type-page","status-publish","hentry","floatton-article"],"_links":{"self":[{"href":"https:\/\/www.vasmegye.hu\/en\/wp-json\/wp\/v2\/pages\/1728","targetHints":{"allow":["GET"]}}],"collection":[{"href":"https:\/\/www.vasmegye.hu\/en\/wp-json\/wp\/v2\/pages"}],"about":[{"href":"https:\/\/www.vasmegye.hu\/en\/wp-json\/wp\/v2\/types\/page"}],"author":[{"embeddable":true,"href":"https:\/\/www.vasmegye.hu\/en\/wp-json\/wp\/v2\/users\/1"}],"replies":[{"embeddable":true,"href":"https:\/\/www.vasmegye.hu\/en\/wp-json\/wp\/v2\/comments?post=1728"}],"version-history":[{"count":1,"href":"https:\/\/www.vasmegye.hu\/en\/wp-json\/wp\/v2\/pages\/1728\/revisions"}],"predecessor-version":[{"id":25525,"href":"https:\/\/www.vasmegye.hu\/en\/wp-json\/wp\/v2\/pages\/1728\/revisions\/25525"}],"wp:attachment":[{"href":"https:\/\/www.vasmegye.hu\/en\/wp-json\/wp\/v2\/media?parent=1728"}],"curies":[{"name":"wp","href":"https:\/\/api.w.org\/{rel}","templated":true}]}}