{"id":16005,"date":"2022-04-13T12:39:19","date_gmt":"2022-04-13T10:39:19","guid":{"rendered":"https:\/\/www.vasmegye.hu\/?page_id=16005"},"modified":"2022-04-20T11:27:43","modified_gmt":"2022-04-20T09:27:43","slug":"szechenyi-terv-plusz","status":"publish","type":"page","link":"https:\/\/www.vasmegye.hu\/en\/szechenyi-terv-plusz\/","title":{"rendered":"Sz\u00e9chenyi Terv Plusz"},"content":{"rendered":"<section class=\"wpb-content-wrapper\"><div class=\"vc_row wpb_row vc_row-fluid\"><div class=\"wpb_column vc_column_container vc_col-sm-12\"><div class=\"vc_column-inner\"><div class=\"wpb_wrapper\"><div  class=\"wpb_widgetised_column wpb_content_element\">\n\t\t<div class=\"wpb_wrapper\">\n\t\t\t\n\t\t\t<div id=\"custom-post-type-categories-3\" class=\"widget-odd widget-last widget-first widget-1 widget widget_categories\"><div class=\"widget__inner\"><h3 class=\"widget__title\">P\u00e1ly\u00e1zatok<\/h3>\t\t\t<ul>\n\t\t\t\t<li class=\"cat-item cat-item-343\"><a href=\"https:\/\/www.vasmegye.hu\/en\/szechenyi_terv_plusz\/top_plusz-1-1-1-21-helyi-gazdasagfejlesztes\/\">TOP_Plusz-1.1.1-21 Helyi gazdas\u00e1gfejleszt\u00e9s<\/a> (1)\n<\/li>\n\t<li class=\"cat-item cat-item-342\"><a href=\"https:\/\/www.vasmegye.hu\/en\/szechenyi_terv_plusz\/top_plusz-1-1-3-21-helyi-es-tersegi-turizmusfejlesztes\/\">TOP_Plusz-1.1.3-21 Helyi \u00e9s t\u00e9rs\u00e9gi turizmusfejleszt\u00e9s<\/a> (3)\n<\/li>\n\t<li class=\"cat-item cat-item-339\"><a href=\"https:\/\/www.vasmegye.hu\/en\/szechenyi_terv_plusz\/top_plusz-1-2-1-21-elheto-telepulesek\/\">TOP_Plusz-1.2.1-21 &#8211; \u00c9lhet\u0151 telep\u00fcl\u00e9sek<\/a> (11)\n<\/li>\n\t<li class=\"cat-item cat-item-341\"><a href=\"https:\/\/www.vasmegye.hu\/en\/szechenyi_terv_plusz\/top_plusz-1-2-3-21-belteruleti-utak-fejlesztese\/\">TOP_Plusz-1.2.3-21 Belter\u00fcleti utak fejleszt\u00e9se<\/a> (7)\n<\/li>\n\t<li class=\"cat-item cat-item-338\"><a href=\"https:\/\/www.vasmegye.hu\/en\/szechenyi_terv_plusz\/top_plusz-2-1-1-21-onkormanyzati-epuletek-energetikai-korszerusitese\/\">TOP_Plusz-2.1.1-21 &#8211; \u00d6nkorm\u00e1nyzati \u00e9p\u00fcletek energetikai korszer\u0171s\u00edt\u00e9se<\/a> (4)\n<\/li>\n\t<li class=\"cat-item cat-item-331\"><a href=\"https:\/\/www.vasmegye.hu\/en\/szechenyi_terv_plusz\/top_plusz-3-1-1-21-megyei-foglalkoztatasi-gazdasagfejlesztesi-egyuttmukodesek\/\">TOP_Plusz-3.1.1-21 &#8211; Megyei foglalkoztat\u00e1si-gazdas\u00e1gfejleszt\u00e9si egy\u00fcttm\u0171k\u00f6d\u00e9sek<\/a> (1)\n<\/li>\n\t<li class=\"cat-item cat-item-609\"><a href=\"https:\/\/www.vasmegye.hu\/en\/szechenyi_terv_plusz\/top_plusz-3-1-3-23-helyi-human-fejlesztesek\/\">TOP_PLUSZ-3.1.3-23 &#8211; Helyi hum\u00e1n fejleszt\u00e9sek<\/a> (4)\n<\/li>\n\t<li class=\"cat-item cat-item-335\"><a href=\"https:\/\/www.vasmegye.hu\/en\/szechenyi_terv_plusz\/top_plusz-3-3-1-21-gyermeknevelest-tamogato-human-infrastruktura-fejlesztese\/\">TOP_Plusz-3.3.1-21 &#8211; Gyermeknevel\u00e9st t\u00e1mogat\u00f3 hum\u00e1n infrastrukt\u00fara fejleszt\u00e9se<\/a> (3)\n<\/li>\n\t<li class=\"cat-item cat-item-340\"><a href=\"https:\/\/www.vasmegye.hu\/en\/szechenyi_terv_plusz\/top_plusz-3-3-2-21-helyi-egeszsegugyi-es-szocialis-infrastruktura-fejlesztese\/\">TOP_Plusz-3.3.2-21 &#8211; Helyi eg\u00e9szs\u00e9g\u00fcgyi \u00e9s szoci\u00e1lis infrastrukt\u00fara fejleszt\u00e9se<\/a> (3)\n<\/li>\n\t<li class=\"cat-item cat-item-608\"><a href=\"https:\/\/www.vasmegye.hu\/en\/szechenyi_terv_plusz\/top_plusz-3-3-3-23-koznevelesi-infrastruktura-fejlesztese\/\">TOP_Plusz-3.3.3-23 &#8211; K\u00f6znevel\u00e9si infrastrukt\u00fara fejleszt\u00e9se<\/a> (7)\n<\/li>\n\t<li class=\"cat-item cat-item-606\"><a href=\"https:\/\/www.vasmegye.hu\/en\/szechenyi_terv_plusz\/top_plusz-6-1-4-23-aktiv-turizmus-fejlesztese\/\">TOP_Plusz-6.1.4-23 &#8211; Akt\u00edv turizmus fejleszt\u00e9se<\/a> (4)\n<\/li>\n\t\t\t<\/ul>\n\t\t\t<\/div><\/div>\n\t\t<\/div>\n\t<\/div>\n<\/div><\/div><\/div><\/div>\n<\/section>","protected":false},"excerpt":{"rendered":"P\u00e1ly\u00e1zatok TOP_Plusz-1.1.1-21 Helyi gazdas\u00e1gfejleszt\u00e9s (1) TOP_Plusz-1.1.3-21 Helyi \u00e9s t\u00e9rs\u00e9gi turizmusfejleszt\u00e9s (3) TOP_Plusz-1.2.1-21 &#8211; \u00c9lhet\u0151 telep\u00fcl\u00e9sek (11) TOP_Plusz-1.2.3-21 Belter\u00fcleti utak fejleszt\u00e9se (7) TOP_Plusz-2.1.1-21 &#8211; \u00d6nkorm\u00e1nyzati \u00e9p\u00fcletek energetikai korszer\u0171s\u00edt\u00e9se (4) TOP_Plusz-3.1.1-21 &#8211; Megyei foglalkoztat\u00e1si-gazdas\u00e1gfejleszt\u00e9si egy\u00fcttm\u0171k\u00f6d\u00e9sek (1) TOP_PLUSZ-3.1.3-23 &#8211; Helyi hum\u00e1n fejleszt\u00e9sek (4) TOP_Plusz-3.3.1-21 &#8211; Gyermeknevel\u00e9st t\u00e1mogat\u00f3 hum\u00e1n infrastrukt\u00fara fejleszt\u00e9se (3) TOP_Plusz-3.3.2-21 &#8211; Helyi eg\u00e9szs\u00e9g\u00fcgyi \u00e9s szoci\u00e1lis infrastrukt\u00fara [...]","protected":false},"author":1,"featured_media":0,"parent":0,"menu_order":59,"comment_status":"closed","ping_status":"closed","template":"page-templates\/not-boxed.php","meta":{"_exactmetrics_skip_tracking":false,"_exactmetrics_sitenote_active":false,"_exactmetrics_sitenote_note":"","_exactmetrics_sitenote_category":0,"footnotes":""},"class_list":["post-16005","page","type-page","status-publish","hentry","floatton-article"],"_links":{"self":[{"href":"https:\/\/www.vasmegye.hu\/en\/wp-json\/wp\/v2\/pages\/16005","targetHints":{"allow":["GET"]}}],"collection":[{"href":"https:\/\/www.vasmegye.hu\/en\/wp-json\/wp\/v2\/pages"}],"about":[{"href":"https:\/\/www.vasmegye.hu\/en\/wp-json\/wp\/v2\/types\/page"}],"author":[{"embeddable":true,"href":"https:\/\/www.vasmegye.hu\/en\/wp-json\/wp\/v2\/users\/1"}],"replies":[{"embeddable":true,"href":"https:\/\/www.vasmegye.hu\/en\/wp-json\/wp\/v2\/comments?post=16005"}],"version-history":[{"count":0,"href":"https:\/\/www.vasmegye.hu\/en\/wp-json\/wp\/v2\/pages\/16005\/revisions"}],"wp:attachment":[{"href":"https:\/\/www.vasmegye.hu\/en\/wp-json\/wp\/v2\/media?parent=16005"}],"curies":[{"name":"wp","href":"https:\/\/api.w.org\/{rel}","templated":true}]}}